{"id":6367,"date":"2020-02-26T16:43:12","date_gmt":"2020-02-26T15:43:12","guid":{"rendered":"https:\/\/ydrosia.com\/onze-verplichtingen\/ydrosia-zet-zich-in-voor-het-respecteren-van-uw-huid-en-het-milieu-en-biedt-u-efficiente-en-veilige-behandelingen\/"},"modified":"2023-09-11T12:24:53","modified_gmt":"2023-09-11T10:24:53","slug":"ydrosia-zet-zich-in-voor-het-respecteren-van-uw-huid-en-het-milieu-en-biedt-u-efficiente-en-veilige-behandelingen","status":"publish","type":"page","link":"https:\/\/ydrosia.com\/nl\/onze-verplichtingen\/ydrosia-zet-zich-in-voor-het-respecteren-van-uw-huid-en-het-milieu-en-biedt-u-efficiente-en-veilige-behandelingen\/","title":{"rendered":"Een onafhankelijk, betrokken en verantwoordelijk merk."},"content":{"rendered":"<h4><span style=\"color: #faeee1;\"><strong>Een onafhankelijk, betrokken, verantwoord merk dat effici\u00ebnte en veilige zorg biedt.<\/strong><\/span><\/h4>\n<h5><span style=\"color: #faeee1;\">Omdat het ondenkbaar leek om ons merk te lanceren zonder na te denken over onze ecologische voetafdruk, probeerden we ons gezond verstand te gebruiken.<\/span><\/h5>\n<p><span style=\"color: #faeee1;\">Wij bieden effici\u00ebnte en veilige behandelingen omdat onze formuleringen vrij zijn van controversi\u00eble producten. De natuur is onze keuze en het leidt ons om u de beste ingredi\u00ebnten aan te bieden.<\/span><\/p>\n<p><span style=\"color: #faeee1;\">Wij bij YDROSIA geloven dat het eenvoudige gebaren zijn die grote dingen kunnen bereiken. Betrokkenheid speelt zich af in onze dagelijkse gewoonten. Wij vinden dat merken gezonde producten moeten aanbieden. Zij moeten hun verantwoordelijkheid nemen ten opzichte van de consumenten, bij hun productie en hun voorstel.<\/span><\/p>\n<h5><span style=\"color: #faeee1;\">We zetten ons elke dag in om uw huid en het milieu te respecteren:<\/span><\/h5>\n<ul>\n<li><span style=\"color: #faeee1;\">Ons laboratorium in Belgi\u00eb test al onze zorg voor hun stabiliteit en microbiologische veiligheid.<\/span><\/li>\n<li><span style=\"color: #faeee1;\">Onze behandelingen zijn koud gemaakt om de kwaliteiten van onze kostbare ingredi\u00ebnten te behouden.<\/span><\/li>\n<li><span style=\"color: #faeee1;\">In overeenstemming met de Europese regelgeving zijn onze formules niet op dieren getest en onze ingredi\u00ebnten komen niet uit landen die deze tests toestaan.<\/span><\/li>\n<li><span style=\"color: #faeee1;\">We kiezen onze ingredi\u00ebnten op basis van hun herkomst en teeltmethode.<\/span><\/li>\n<li><span style=\"color: #faeee1;\">Onze verpakkingen zijn ontworpen om onze ecologische voetafdruk te verkleinen.<\/span><\/li>\n<li><span style=\"color: #faeee1;\">We bieden een <span style=\"color: #333333;\"><a style=\"color: #333333;\" href=\"https:\/\/ydrosia.com\/fr\/produit\/la-recharge-de-l-essence-detox\/\">herlading<\/a><\/span> om ons vervuilende verbruik te verminderen.<\/span><\/li>\n<li><span style=\"color: #faeee1;\">Elk jaar doneren we 3% van onze winst aan lokale, niet-gouvernementele en non-profitorganisaties. De namen van de geselecteerde verenigingen en de bedragen zullen regelmatig aan u worden meegedeeld in onze nieuwsbrieven.<\/span><\/li>\n<li><span style=\"color: #faeee1;\">Ons onafhankelijke merk is vrij om beslissingen en keuzes te maken.<\/span><\/li>\n<li><span style=\"color: #faeee1;\">We hebben de COSMOS Organic-certificering uitgegeven door ECOCERT Greenlife, voor onze eerste behandeling, de <a style=\"color: #333333;\" href=\"https:\/\/ydrosia.com\/fr\/?post_type=product&#038;p=5667\">Detox &#8211; Antioxidant Care<\/a>. Ontdek hier het COSMOS Organic label van Ecocert <span style=\"color: #333333;\"><a style=\"color: #333333;\" href=\"https:\/\/www.ecocert.com\/fr\/home\"><\/a><\/span><\/span><\/li>\n<\/ul>\n<h5 class=\"btn btn--discover\"><span style=\"color: #faeee1;\"><a class=\"btn__link\" style=\"color: #cdaa47;\" href=\"\/fr\/boutique\/\">Ontdek onze producten<\/a><\/span><\/h5>\n<h6><\/h6>\n","protected":false},"excerpt":{"rendered":"<p>Een onafhankelijk, betrokken, verantwoord merk dat effici\u00ebnte en veilige zorg biedt. Omdat het ondenkbaar leek om ons merk te lanceren zonder na te denken over onze ecologische voetafdruk, probeerden we ons gezond verstand te gebruiken. Wij bieden effici\u00ebnte en veilige behandelingen omdat onze formuleringen vrij zijn van controversi\u00eble producten. De natuur is onze keuze en [&hellip;]<\/p>\n","protected":false},"author":1,"featured_media":6941,"parent":5851,"menu_order":39,"comment_status":"closed","ping_status":"closed","template":"","meta":{"footnotes":""},"class_list":["post-6367","page","type-page","status-publish","has-post-thumbnail","hentry"],"yoast_head":"<!-- This site is optimized with the Yoast SEO Premium plugin v26.3 (Yoast SEO v27.4) - https:\/\/yoast.com\/product\/yoast-seo-premium-wordpress\/ -->\n<title>Een onafhankelijk, betrokken en verantwoordelijk merk.<\/title>\n<meta name=\"description\" content=\"YDROSIA, is een onafhankelijk, betrokken, verantwoordelijk merk dat hoogwaardige en milieuvriendelijke zorg biedt.\" \/>\n<meta name=\"robots\" content=\"index, follow, max-snippet:-1, max-image-preview:large, max-video-preview:-1\" \/>\n<link rel=\"canonical\" href=\"https:\/\/ydrosia.com\/nl\/onze-verplichtingen\/ydrosia-zet-zich-in-voor-het-respecteren-van-uw-huid-en-het-milieu-en-biedt-u-efficiente-en-veilige-behandelingen\/\" \/>\n<meta property=\"og:locale\" content=\"nl_NL\" \/>\n<meta property=\"og:type\" content=\"article\" \/>\n<meta property=\"og:title\" content=\"Een onafhankelijk, betrokken en verantwoordelijk merk.\" \/>\n<meta property=\"og:description\" content=\"YDROSIA, is een onafhankelijk, betrokken, verantwoordelijk merk dat hoogwaardige en milieuvriendelijke zorg biedt.\" \/>\n<meta property=\"og:url\" content=\"https:\/\/ydrosia.com\/nl\/onze-verplichtingen\/ydrosia-zet-zich-in-voor-het-respecteren-van-uw-huid-en-het-milieu-en-biedt-u-efficiente-en-veilige-behandelingen\/\" \/>\n<meta property=\"og:site_name\" content=\"YDROSIA\" \/>\n<meta property=\"article:publisher\" content=\"https:\/\/www.facebook.com\/ydrosia\/\" \/>\n<meta property=\"article:modified_time\" content=\"2023-09-11T10:24:53+00:00\" \/>\n<meta property=\"og:image\" content=\"https:\/\/ydrosia.com\/wp-content\/uploads\/2020\/09\/YDROSIA1087-e1616178946369.jpg\" \/>\n\t<meta property=\"og:image:width\" content=\"1920\" \/>\n\t<meta property=\"og:image:height\" content=\"2532\" \/>\n\t<meta property=\"og:image:type\" content=\"image\/jpeg\" \/>\n<meta name=\"twitter:card\" content=\"summary_large_image\" \/>\n<meta name=\"twitter:label1\" content=\"Geschatte leestijd\" \/>\n\t<meta name=\"twitter:data1\" content=\"1 minuut\" \/>\n<script type=\"application\/ld+json\" class=\"yoast-schema-graph\">{\"@context\":\"https:\\\/\\\/schema.org\",\"@graph\":[{\"@type\":\"WebPage\",\"@id\":\"https:\\\/\\\/ydrosia.com\\\/nl\\\/onze-verplichtingen\\\/ydrosia-zet-zich-in-voor-het-respecteren-van-uw-huid-en-het-milieu-en-biedt-u-efficiente-en-veilige-behandelingen\\\/\",\"url\":\"https:\\\/\\\/ydrosia.com\\\/nl\\\/onze-verplichtingen\\\/ydrosia-zet-zich-in-voor-het-respecteren-van-uw-huid-en-het-milieu-en-biedt-u-efficiente-en-veilige-behandelingen\\\/\",\"name\":\"Een onafhankelijk, betrokken en verantwoordelijk merk.\",\"isPartOf\":{\"@id\":\"https:\\\/\\\/ydrosia.com\\\/fr\\\/#website\"},\"primaryImageOfPage\":{\"@id\":\"https:\\\/\\\/ydrosia.com\\\/nl\\\/onze-verplichtingen\\\/ydrosia-zet-zich-in-voor-het-respecteren-van-uw-huid-en-het-milieu-en-biedt-u-efficiente-en-veilige-behandelingen\\\/#primaryimage\"},\"image\":{\"@id\":\"https:\\\/\\\/ydrosia.com\\\/nl\\\/onze-verplichtingen\\\/ydrosia-zet-zich-in-voor-het-respecteren-van-uw-huid-en-het-milieu-en-biedt-u-efficiente-en-veilige-behandelingen\\\/#primaryimage\"},\"thumbnailUrl\":\"https:\\\/\\\/ydrosia.com\\\/wp-content\\\/uploads\\\/2020\\\/09\\\/YDROSIA1087-e1616178946369.jpg\",\"datePublished\":\"2020-02-26T15:43:12+00:00\",\"dateModified\":\"2023-09-11T10:24:53+00:00\",\"description\":\"YDROSIA, is een onafhankelijk, betrokken, verantwoordelijk merk dat hoogwaardige en milieuvriendelijke zorg biedt.\",\"breadcrumb\":{\"@id\":\"https:\\\/\\\/ydrosia.com\\\/nl\\\/onze-verplichtingen\\\/ydrosia-zet-zich-in-voor-het-respecteren-van-uw-huid-en-het-milieu-en-biedt-u-efficiente-en-veilige-behandelingen\\\/#breadcrumb\"},\"inLanguage\":\"nl-NL\",\"potentialAction\":[{\"@type\":\"ReadAction\",\"target\":[\"https:\\\/\\\/ydrosia.com\\\/nl\\\/onze-verplichtingen\\\/ydrosia-zet-zich-in-voor-het-respecteren-van-uw-huid-en-het-milieu-en-biedt-u-efficiente-en-veilige-behandelingen\\\/\"]}]},{\"@type\":\"ImageObject\",\"inLanguage\":\"nl-NL\",\"@id\":\"https:\\\/\\\/ydrosia.com\\\/nl\\\/onze-verplichtingen\\\/ydrosia-zet-zich-in-voor-het-respecteren-van-uw-huid-en-het-milieu-en-biedt-u-efficiente-en-veilige-behandelingen\\\/#primaryimage\",\"url\":\"https:\\\/\\\/ydrosia.com\\\/wp-content\\\/uploads\\\/2020\\\/09\\\/YDROSIA1087-e1616178946369.jpg\",\"contentUrl\":\"https:\\\/\\\/ydrosia.com\\\/wp-content\\\/uploads\\\/2020\\\/09\\\/YDROSIA1087-e1616178946369.jpg\",\"width\":1920,\"height\":2532,\"caption\":\"Soin bio\"},{\"@type\":\"BreadcrumbList\",\"@id\":\"https:\\\/\\\/ydrosia.com\\\/nl\\\/onze-verplichtingen\\\/ydrosia-zet-zich-in-voor-het-respecteren-van-uw-huid-en-het-milieu-en-biedt-u-efficiente-en-veilige-behandelingen\\\/#breadcrumb\",\"itemListElement\":[{\"@type\":\"ListItem\",\"position\":1,\"name\":\"Home\",\"item\":\"https:\\\/\\\/ydrosia.com\\\/fr\\\/\"},{\"@type\":\"ListItem\",\"position\":2,\"name\":\"Onze verplichtingen\",\"item\":\"https:\\\/\\\/ydrosia.com\\\/nl\\\/onze-verplichtingen\\\/\"},{\"@type\":\"ListItem\",\"position\":3,\"name\":\"Een onafhankelijk, betrokken en verantwoordelijk merk.\"}]},{\"@type\":\"WebSite\",\"@id\":\"https:\\\/\\\/ydrosia.com\\\/fr\\\/#website\",\"url\":\"https:\\\/\\\/ydrosia.com\\\/fr\\\/\",\"name\":\"YDROSIA\",\"description\":\"Essential skincare\",\"publisher\":{\"@id\":\"https:\\\/\\\/ydrosia.com\\\/fr\\\/#organization\"},\"potentialAction\":[{\"@type\":\"SearchAction\",\"target\":{\"@type\":\"EntryPoint\",\"urlTemplate\":\"https:\\\/\\\/ydrosia.com\\\/fr\\\/?s={search_term_string}\"},\"query-input\":{\"@type\":\"PropertyValueSpecification\",\"valueRequired\":true,\"valueName\":\"search_term_string\"}}],\"inLanguage\":\"nl-NL\"},{\"@type\":[\"Organization\",\"Place\"],\"@id\":\"https:\\\/\\\/ydrosia.com\\\/fr\\\/#organization\",\"name\":\"YDROSIA\",\"url\":\"https:\\\/\\\/ydrosia.com\\\/fr\\\/\",\"logo\":{\"@id\":\"https:\\\/\\\/ydrosia.com\\\/nl\\\/onze-verplichtingen\\\/ydrosia-zet-zich-in-voor-het-respecteren-van-uw-huid-en-het-milieu-en-biedt-u-efficiente-en-veilige-behandelingen\\\/#local-main-organization-logo\"},\"image\":{\"@id\":\"https:\\\/\\\/ydrosia.com\\\/nl\\\/onze-verplichtingen\\\/ydrosia-zet-zich-in-voor-het-respecteren-van-uw-huid-en-het-milieu-en-biedt-u-efficiente-en-veilige-behandelingen\\\/#local-main-organization-logo\"},\"sameAs\":[\"https:\\\/\\\/www.facebook.com\\\/ydrosia\\\/\",\"https:\\\/\\\/www.instagram.com\\\/ydrosiaskincare\\\/\",\"https:\\\/\\\/www.linkedin.com\\\/company\\\/ydrosia\",\"https:\\\/\\\/www.pinterest.com\\\/ydrosia\\\/\",\"https:\\\/\\\/www.youtube.com\\\/channel\\\/UC_-zs6ZyqUVKBFGqSDyPVug\"],\"telephone\":[],\"openingHoursSpecification\":[{\"@type\":\"OpeningHoursSpecification\",\"dayOfWeek\":[\"Monday\",\"Tuesday\",\"Wednesday\",\"Thursday\",\"Friday\",\"Saturday\",\"Sunday\"],\"opens\":\"09:00\",\"closes\":\"17:00\"}]},{\"@type\":\"ImageObject\",\"inLanguage\":\"nl-NL\",\"@id\":\"https:\\\/\\\/ydrosia.com\\\/nl\\\/onze-verplichtingen\\\/ydrosia-zet-zich-in-voor-het-respecteren-van-uw-huid-en-het-milieu-en-biedt-u-efficiente-en-veilige-behandelingen\\\/#local-main-organization-logo\",\"url\":\"https:\\\/\\\/ydrosia.com\\\/wp-content\\\/uploads\\\/2021\\\/10\\\/BE-MIST.jpg\",\"contentUrl\":\"https:\\\/\\\/ydrosia.com\\\/wp-content\\\/uploads\\\/2021\\\/10\\\/BE-MIST.jpg\",\"width\":1080,\"height\":1080,\"caption\":\"YDROSIA\"}]}<\/script>\n<!-- \/ Yoast SEO Premium plugin. -->","yoast_head_json":{"title":"Een onafhankelijk, betrokken en verantwoordelijk merk.","description":"YDROSIA, is een onafhankelijk, betrokken, verantwoordelijk merk dat hoogwaardige en milieuvriendelijke zorg biedt.","robots":{"index":"index","follow":"follow","max-snippet":"max-snippet:-1","max-image-preview":"max-image-preview:large","max-video-preview":"max-video-preview:-1"},"canonical":"https:\/\/ydrosia.com\/nl\/onze-verplichtingen\/ydrosia-zet-zich-in-voor-het-respecteren-van-uw-huid-en-het-milieu-en-biedt-u-efficiente-en-veilige-behandelingen\/","og_locale":"nl_NL","og_type":"article","og_title":"Een onafhankelijk, betrokken en verantwoordelijk merk.","og_description":"YDROSIA, is een onafhankelijk, betrokken, verantwoordelijk merk dat hoogwaardige en milieuvriendelijke zorg biedt.","og_url":"https:\/\/ydrosia.com\/nl\/onze-verplichtingen\/ydrosia-zet-zich-in-voor-het-respecteren-van-uw-huid-en-het-milieu-en-biedt-u-efficiente-en-veilige-behandelingen\/","og_site_name":"YDROSIA","article_publisher":"https:\/\/www.facebook.com\/ydrosia\/","article_modified_time":"2023-09-11T10:24:53+00:00","og_image":[{"width":1920,"height":2532,"url":"https:\/\/ydrosia.com\/wp-content\/uploads\/2020\/09\/YDROSIA1087-e1616178946369.jpg","type":"image\/jpeg"}],"twitter_card":"summary_large_image","twitter_misc":{"Geschatte leestijd":"1 minuut"},"schema":{"@context":"https:\/\/schema.org","@graph":[{"@type":"WebPage","@id":"https:\/\/ydrosia.com\/nl\/onze-verplichtingen\/ydrosia-zet-zich-in-voor-het-respecteren-van-uw-huid-en-het-milieu-en-biedt-u-efficiente-en-veilige-behandelingen\/","url":"https:\/\/ydrosia.com\/nl\/onze-verplichtingen\/ydrosia-zet-zich-in-voor-het-respecteren-van-uw-huid-en-het-milieu-en-biedt-u-efficiente-en-veilige-behandelingen\/","name":"Een onafhankelijk, betrokken en verantwoordelijk merk.","isPartOf":{"@id":"https:\/\/ydrosia.com\/fr\/#website"},"primaryImageOfPage":{"@id":"https:\/\/ydrosia.com\/nl\/onze-verplichtingen\/ydrosia-zet-zich-in-voor-het-respecteren-van-uw-huid-en-het-milieu-en-biedt-u-efficiente-en-veilige-behandelingen\/#primaryimage"},"image":{"@id":"https:\/\/ydrosia.com\/nl\/onze-verplichtingen\/ydrosia-zet-zich-in-voor-het-respecteren-van-uw-huid-en-het-milieu-en-biedt-u-efficiente-en-veilige-behandelingen\/#primaryimage"},"thumbnailUrl":"https:\/\/ydrosia.com\/wp-content\/uploads\/2020\/09\/YDROSIA1087-e1616178946369.jpg","datePublished":"2020-02-26T15:43:12+00:00","dateModified":"2023-09-11T10:24:53+00:00","description":"YDROSIA, is een onafhankelijk, betrokken, verantwoordelijk merk dat hoogwaardige en milieuvriendelijke zorg biedt.","breadcrumb":{"@id":"https:\/\/ydrosia.com\/nl\/onze-verplichtingen\/ydrosia-zet-zich-in-voor-het-respecteren-van-uw-huid-en-het-milieu-en-biedt-u-efficiente-en-veilige-behandelingen\/#breadcrumb"},"inLanguage":"nl-NL","potentialAction":[{"@type":"ReadAction","target":["https:\/\/ydrosia.com\/nl\/onze-verplichtingen\/ydrosia-zet-zich-in-voor-het-respecteren-van-uw-huid-en-het-milieu-en-biedt-u-efficiente-en-veilige-behandelingen\/"]}]},{"@type":"ImageObject","inLanguage":"nl-NL","@id":"https:\/\/ydrosia.com\/nl\/onze-verplichtingen\/ydrosia-zet-zich-in-voor-het-respecteren-van-uw-huid-en-het-milieu-en-biedt-u-efficiente-en-veilige-behandelingen\/#primaryimage","url":"https:\/\/ydrosia.com\/wp-content\/uploads\/2020\/09\/YDROSIA1087-e1616178946369.jpg","contentUrl":"https:\/\/ydrosia.com\/wp-content\/uploads\/2020\/09\/YDROSIA1087-e1616178946369.jpg","width":1920,"height":2532,"caption":"Soin bio"},{"@type":"BreadcrumbList","@id":"https:\/\/ydrosia.com\/nl\/onze-verplichtingen\/ydrosia-zet-zich-in-voor-het-respecteren-van-uw-huid-en-het-milieu-en-biedt-u-efficiente-en-veilige-behandelingen\/#breadcrumb","itemListElement":[{"@type":"ListItem","position":1,"name":"Home","item":"https:\/\/ydrosia.com\/fr\/"},{"@type":"ListItem","position":2,"name":"Onze verplichtingen","item":"https:\/\/ydrosia.com\/nl\/onze-verplichtingen\/"},{"@type":"ListItem","position":3,"name":"Een onafhankelijk, betrokken en verantwoordelijk merk."}]},{"@type":"WebSite","@id":"https:\/\/ydrosia.com\/fr\/#website","url":"https:\/\/ydrosia.com\/fr\/","name":"YDROSIA","description":"Essential skincare","publisher":{"@id":"https:\/\/ydrosia.com\/fr\/#organization"},"potentialAction":[{"@type":"SearchAction","target":{"@type":"EntryPoint","urlTemplate":"https:\/\/ydrosia.com\/fr\/?s={search_term_string}"},"query-input":{"@type":"PropertyValueSpecification","valueRequired":true,"valueName":"search_term_string"}}],"inLanguage":"nl-NL"},{"@type":["Organization","Place"],"@id":"https:\/\/ydrosia.com\/fr\/#organization","name":"YDROSIA","url":"https:\/\/ydrosia.com\/fr\/","logo":{"@id":"https:\/\/ydrosia.com\/nl\/onze-verplichtingen\/ydrosia-zet-zich-in-voor-het-respecteren-van-uw-huid-en-het-milieu-en-biedt-u-efficiente-en-veilige-behandelingen\/#local-main-organization-logo"},"image":{"@id":"https:\/\/ydrosia.com\/nl\/onze-verplichtingen\/ydrosia-zet-zich-in-voor-het-respecteren-van-uw-huid-en-het-milieu-en-biedt-u-efficiente-en-veilige-behandelingen\/#local-main-organization-logo"},"sameAs":["https:\/\/www.facebook.com\/ydrosia\/","https:\/\/www.instagram.com\/ydrosiaskincare\/","https:\/\/www.linkedin.com\/company\/ydrosia","https:\/\/www.pinterest.com\/ydrosia\/","https:\/\/www.youtube.com\/channel\/UC_-zs6ZyqUVKBFGqSDyPVug"],"telephone":[],"openingHoursSpecification":[{"@type":"OpeningHoursSpecification","dayOfWeek":["Monday","Tuesday","Wednesday","Thursday","Friday","Saturday","Sunday"],"opens":"09:00","closes":"17:00"}]},{"@type":"ImageObject","inLanguage":"nl-NL","@id":"https:\/\/ydrosia.com\/nl\/onze-verplichtingen\/ydrosia-zet-zich-in-voor-het-respecteren-van-uw-huid-en-het-milieu-en-biedt-u-efficiente-en-veilige-behandelingen\/#local-main-organization-logo","url":"https:\/\/ydrosia.com\/wp-content\/uploads\/2021\/10\/BE-MIST.jpg","contentUrl":"https:\/\/ydrosia.com\/wp-content\/uploads\/2021\/10\/BE-MIST.jpg","width":1080,"height":1080,"caption":"YDROSIA"}]}},"jetpack_sharing_enabled":true,"_links":{"self":[{"href":"https:\/\/ydrosia.com\/nl\/wp-json\/wp\/v2\/pages\/6367","targetHints":{"allow":["GET"]}}],"collection":[{"href":"https:\/\/ydrosia.com\/nl\/wp-json\/wp\/v2\/pages"}],"about":[{"href":"https:\/\/ydrosia.com\/nl\/wp-json\/wp\/v2\/types\/page"}],"author":[{"embeddable":true,"href":"https:\/\/ydrosia.com\/nl\/wp-json\/wp\/v2\/users\/1"}],"replies":[{"embeddable":true,"href":"https:\/\/ydrosia.com\/nl\/wp-json\/wp\/v2\/comments?post=6367"}],"version-history":[{"count":0,"href":"https:\/\/ydrosia.com\/nl\/wp-json\/wp\/v2\/pages\/6367\/revisions"}],"up":[{"embeddable":true,"href":"https:\/\/ydrosia.com\/nl\/wp-json\/wp\/v2\/pages\/5851"}],"wp:featuredmedia":[{"embeddable":true,"href":"https:\/\/ydrosia.com\/nl\/wp-json\/wp\/v2\/media\/6941"}],"wp:attachment":[{"href":"https:\/\/ydrosia.com\/nl\/wp-json\/wp\/v2\/media?parent=6367"}],"curies":[{"name":"wp","href":"https:\/\/api.w.org\/{rel}","templated":true}]}}