{"id":8341,"date":"2022-02-21T19:41:31","date_gmt":"2022-02-21T18:41:31","guid":{"rendered":"https:\/\/ydrosia.com\/?post_type=product&#038;p=8341"},"modified":"2026-01-25T18:18:14","modified_gmt":"2026-01-25T17:18:14","slug":"essence-detox-vitalite","status":"publish","type":"product","link":"https:\/\/ydrosia.com\/fr\/produit\/essence-detox-vitalite\/","title":{"rendered":"Essence d\u00e9tox vitalit\u00e9"},"content":{"rendered":"<p style=\"text-align: left;\">L&#8217;Essence D\u00e9tox Vitalit\u00e9 pour une peau fraiche et hydrat\u00e9e dans toutes les circonstances. Un soin unique et essentiel.<\/p>\n<h4><strong>Brume de beaut\u00e9 multi-usages et polyvalente.<\/strong><\/h4>\n<p>L&#8217;Essence d\u00e9tox vitalit\u00e9 s&#8217;utilise seule pour une peau nette et \u00e9quilibr\u00e9e ou s&#8217;int\u00e8gre dans les routines beaut\u00e9.<\/p>\n<ul>\n<li>Elle pr\u00e9pare la peau \u00e0 recevoir les soins et booste leur efficacit\u00e9.<\/li>\n<li>Avant ou apr\u00e8s le maquillage, elle s&#8217;utilise comme base ou comme fixateur pour un joli teint satin\u00e9.<\/li>\n<li>En usage quotidien, elle r\u00e9hydrate les peaux assoiff\u00e9es et acc\u00e9l\u00e8re la r\u00e9g\u00e9n\u00e9ration des \u00e9pidermes paresseux.<\/li>\n<li>Elle apaise les peaux chauff\u00e9es par le soleil ou irrit\u00e9es par le froid.<\/li>\n<li>Elle r\u00e9\u00e9quilibre les peaux perdues et d\u00e9sempar\u00e9es.<\/li>\n<\/ul>\n<p>Utilis\u00e9e lors des cures d\u00e9tox elle soutient la r\u00e9g\u00e9n\u00e9ration et aide la peau \u00e0 retrouver son \u00e9quilibre naturel. Ainsi, elle apporte \u00e0 la peau tous les \u00e9l\u00e9ments nutritifs dont elle a besoin. De plus, sa formule sans remplissage a \u00e9t\u00e9 pens\u00e9 pour <strong>respecter toutes les peaux<\/strong>.<\/p>\n<p>Riche en acide hyaluronique, Alo\u00e9 V\u00e9ra et extraits de plantes antioxydantes, elle r\u00e9hydrate et tonifie les \u00e9pidermes fatigu\u00e9s en manque de vitalit\u00e9.<\/p>\n<h4><strong>Naturelle et biologique.<\/strong><\/h4>\n<p>Cette brume, ne contient ni huile v\u00e9g\u00e9tale ni huile essentielle. Elle est exempte de parfum et d&#8217;alcool.<\/p>\n<p>L&#8217;essence d\u00e9tox vitalit\u00e9 est le soin chouchou des peaux sensibles aux allerg\u00e8nes, et des peaux hyper r\u00e9actives. Ainsi, elle convient particuli\u00e8rement aux femmes enceintes puisqu&#8217;elle ne contient aucun allerg\u00e8ne.<\/p>\n<p style=\"text-align: center;\"><strong>\u00a099,89%<\/strong> du total des ingr\u00e9dients sont d\u2019origine naturelle.<br \/>\n<strong>78%<\/strong> du total des ingr\u00e9dients sont issus de l\u2019agriculture biologique.<\/p>\n<p style=\"text-align: center;\"><picture class=\"wp-image-6391 aligncenter\"><\/picture>Contenant : 50ml \u2013 1.7fl oz<\/p>\n<p style=\"text-align: center;\">Flacon en verre \u00e9conomique recyclable \u00e0 100% et \u00e0 l&#8217;infini avec un spray de qualit\u00e9 sup\u00e9rieure \u00e0 r\u00e9utiliser<\/p>\n<h4><strong>Le respect guide nos choix.<\/strong><\/h4>\n<p>Parce que nous sommes soucieux de notre empreinte vous pouvez recharger ce soin. C&#8217;est par <a href=\"https:\/\/ydrosia.com\/fr\/produit\/la-recharge-de-l-essence-detox\/\">ici<\/a><\/p>\n<p>Vous \u00eates sensible au d\u00e9veloppement durable ? Nous aussi ! Rejoignez-nous !<\/p>\n<blockquote class=\"wp-embedded-content\" data-secret=\"D1NGmlvc6I\"><p><a href=\"https:\/\/ydrosia.com\/fr\/la-marque-ydrosia-est-elle-engagee-dans-le-developpement-durable\/\">La marque YDROSIA est-elle engag\u00e9e dans le d\u00e9veloppement durable ?<\/a><\/p><\/blockquote>\n<p><iframe class=\"wp-embedded-content\" sandbox=\"allow-scripts\" security=\"restricted\" style=\"position: absolute; visibility: hidden;\" title=\"\u00ab\u00a0La marque YDROSIA est-elle engag\u00e9e dans le d\u00e9veloppement durable ?\u00a0\u00bb &#8212; YDROSIA\" src=\"https:\/\/ydrosia.com\/fr\/la-marque-ydrosia-est-elle-engagee-dans-le-developpement-durable\/embed\/#?secret=GdG3pblAQ7#?secret=D1NGmlvc6I\" data-secret=\"D1NGmlvc6I\" width=\"600\" height=\"338\" frameborder=\"0\" marginwidth=\"0\" marginheight=\"0\" scrolling=\"no\"><\/iframe><\/p>\n","protected":false},"excerpt":{"rendered":"<p><img decoding=\"async\" class=\"alignnone wp-image-9356 \" src=\"https:\/\/ydrosia.com\/wp-content\/uploads\/2022\/02\/50-2-1024x576.png\" alt=\"Labels Soin d\u00e9tox\" width=\"273\" height=\"154\" srcset=\"https:\/\/ydrosia.com\/wp-content\/uploads\/2022\/02\/50-2-1024x576.png 1024w, https:\/\/ydrosia.com\/wp-content\/uploads\/2022\/02\/50-2-300x169.png 300w, https:\/\/ydrosia.com\/wp-content\/uploads\/2022\/02\/50-2-768x432.png 768w, https:\/\/ydrosia.com\/wp-content\/uploads\/2022\/02\/50-2-1536x864.png 1536w, https:\/\/ydrosia.com\/wp-content\/uploads\/2022\/02\/50-2.png 2048w, https:\/\/ydrosia.com\/wp-content\/uploads\/2022\/02\/50-2-324x182.png 324w, https:\/\/ydrosia.com\/wp-content\/uploads\/2022\/02\/50-2-416x234.png 416w\" sizes=\"(max-width: 273px) 100vw, 273px\" \/><\/p>\n<p>L&#8217;Essence D\u00e9tox &#8211; Vitalit\u00e9, est une <strong>brume de beaut\u00e9<\/strong> <strong>multi-usages<\/strong> et polyvalente. Gorg\u00e9e d&#8217;extraits de plantes antioxydants et d&#8217;acide hyaluronique, son usage quotidien hydrate et r\u00e9\u00e9quilibre les peaux exigeantes, illumine le teint instantan\u00e9ment et aide la peau \u00e0 lutter contre les attaques environnementales du quotidien.<\/p>\n<p>l&#8217;<strong><em>Essence d\u00e9tox vitalit\u00e9<\/em><\/strong><span style=\"color: #000000;\">, h<\/span>ydrate, apaise, tonifie, r\u00e9g\u00e9n\u00e8re, r\u00e9pare. Sa formule concentr\u00e9e r\u00e9pond aux besoins des \u00e9pidermes en manque de vitalit\u00e9.\u00a0Elle convient \u00e0 toutes les peaux et se partage volontiers avec les hommes dont elle hydrate la peau sans la graisser, apaise le feu du rasoir et prend soin de leur barbe.<\/p>\n<p><strong>Un soin sans huile essentielle, parfum et alcool.<\/strong><\/p>\n<p>Notre brume est particuli\u00e8rement recommand\u00e9e lors des cures d\u00e9tox et des p\u00e9riodes de stress. Elle s&#8217;utilise dans toutes les circonstances o\u00f9 la peau doit restaurer sa barri\u00e8re hydrique. Le matin au r\u00e9veil, avant et apr\u00e8s le maquillage, apr\u00e8s le soleil et le sport, apr\u00e8s un gommage ou un soin, avant le coucher, en avion&#8230;<\/p>\n<p style=\"text-align: left;\"><strong>99,89%<\/strong> du total des ingr\u00e9dients sont d\u2019origine naturelle.<br \/>\n<strong>78%<\/strong> du total des ingr\u00e9dients sont issus de l\u2019agriculture biologique.<\/p>\n<p>Contenant : 50ml \u2013 1.7fl oz<\/p>\n<p>Flacon en verre \u00e9conomique 100% recyclable avec spray de qualit\u00e9 \u00e0 r\u00e9utiliser.<\/p>\n","protected":false},"featured_media":8461,"comment_status":"open","ping_status":"closed","template":"","meta":[],"product_brand":[],"product_cat":[15,94],"product_tag":[284,287,380,283],"class_list":{"0":"post-8341","1":"product","2":"type-product","3":"status-publish","4":"has-post-thumbnail","6":"product_cat-brume-essentielle","7":"product_cat-soins","8":"product_tag-detox","9":"product_tag-hydratant","10":"product_tag-illumine-le-teint","11":"product_tag-soin","12":"product_shipping_class-paquet-flacon","14":"first","15":"outofstock","16":"shipping-taxable","17":"purchasable","18":"product-type-simple"},"yoast_head":"<!-- This site is optimized with the Yoast SEO Premium plugin v26.3 (Yoast SEO v27.4) - https:\/\/yoast.com\/product\/yoast-seo-premium-wordpress\/ -->\n<title>Essence d\u00e9tox vitalit\u00e9 - YDROSIA<\/title>\n<meta name=\"description\" content=\"L&#039;essence d\u00e9tox vitalit\u00e9 est le soin essentiel des peaux fragiles et fatigu\u00e9es. Polyvalente, multi-usages, elle hydrate, apaise et revitalise l&#039;\u00e9piderme.\" \/>\n<meta name=\"robots\" content=\"index, follow, max-snippet:-1, max-image-preview:large, max-video-preview:-1\" \/>\n<link rel=\"canonical\" href=\"https:\/\/ydrosia.com\/fr\/produit\/essence-detox-vitalite\/\" \/>\n<meta property=\"og:locale\" content=\"fr_FR\" \/>\n<meta property=\"og:type\" content=\"article\" \/>\n<meta property=\"og:title\" content=\"Essence d\u00e9tox vitalit\u00e9\" \/>\n<meta property=\"og:description\" content=\"L&#039;essence d\u00e9tox vitalit\u00e9 est le soin essentiel des peaux fragiles et fatigu\u00e9es. Polyvalente, multi-usages, elle hydrate, apaise et revitalise l&#039;\u00e9piderme.\" \/>\n<meta property=\"og:url\" content=\"https:\/\/ydrosia.com\/fr\/produit\/essence-detox-vitalite\/\" \/>\n<meta property=\"og:site_name\" content=\"YDROSIA\" \/>\n<meta property=\"article:publisher\" content=\"https:\/\/www.facebook.com\/ydrosia\/\" \/>\n<meta property=\"article:modified_time\" content=\"2026-01-25T17:18:14+00:00\" \/>\n<meta property=\"og:image\" content=\"https:\/\/ydrosia.com\/wp-content\/uploads\/2022\/02\/YDROSIA1048-scaled.jpg\" \/>\n\t<meta property=\"og:image:width\" content=\"1536\" \/>\n\t<meta property=\"og:image:height\" content=\"2048\" \/>\n\t<meta property=\"og:image:type\" content=\"image\/jpeg\" \/>\n<meta name=\"twitter:card\" content=\"summary_large_image\" \/>\n<meta name=\"twitter:label1\" content=\"Prix\" \/>\n\t<meta name=\"twitter:data1\" content=\"59,00&nbsp;&euro;\" \/>\n\t<meta name=\"twitter:label2\" content=\"Disponibilit\u00e9\" \/>\n\t<meta name=\"twitter:data2\" content=\"Rupture de stock\" \/>\n<script type=\"application\/ld+json\" class=\"yoast-schema-graph\">{\"@context\":\"https:\\\/\\\/schema.org\",\"@graph\":[{\"@type\":\"WebPage\",\"@id\":\"https:\\\/\\\/ydrosia.com\\\/fr\\\/produit\\\/essence-detox-vitalite\\\/\",\"url\":\"https:\\\/\\\/ydrosia.com\\\/fr\\\/produit\\\/essence-detox-vitalite\\\/\",\"name\":\"Essence d\u00e9tox vitalit\u00e9 - YDROSIA\",\"isPartOf\":{\"@id\":\"https:\\\/\\\/ydrosia.com\\\/fr\\\/#website\"},\"primaryImageOfPage\":{\"@id\":\"https:\\\/\\\/ydrosia.com\\\/fr\\\/produit\\\/essence-detox-vitalite\\\/#primaryimage\"},\"image\":{\"@id\":\"https:\\\/\\\/ydrosia.com\\\/fr\\\/produit\\\/essence-detox-vitalite\\\/#primaryimage\"},\"thumbnailUrl\":\"https:\\\/\\\/ydrosia.com\\\/wp-content\\\/uploads\\\/2022\\\/02\\\/YDROSIA1048-scaled.jpg\",\"datePublished\":\"2022-02-21T18:41:31+00:00\",\"dateModified\":\"2026-01-25T17:18:14+00:00\",\"description\":\"L'essence d\u00e9tox vitalit\u00e9 est le soin essentiel des peaux fragiles et fatigu\u00e9es. Polyvalente, multi-usages, elle hydrate, apaise et revitalise l'\u00e9piderme.\",\"breadcrumb\":{\"@id\":\"https:\\\/\\\/ydrosia.com\\\/fr\\\/produit\\\/essence-detox-vitalite\\\/#breadcrumb\"},\"inLanguage\":\"fr-FR\",\"potentialAction\":[{\"@type\":\"ReadAction\",\"target\":[\"https:\\\/\\\/ydrosia.com\\\/fr\\\/produit\\\/essence-detox-vitalite\\\/\"]}]},{\"@type\":\"ImageObject\",\"inLanguage\":\"fr-FR\",\"@id\":\"https:\\\/\\\/ydrosia.com\\\/fr\\\/produit\\\/essence-detox-vitalite\\\/#primaryimage\",\"url\":\"https:\\\/\\\/ydrosia.com\\\/wp-content\\\/uploads\\\/2022\\\/02\\\/YDROSIA1048-scaled.jpg\",\"contentUrl\":\"https:\\\/\\\/ydrosia.com\\\/wp-content\\\/uploads\\\/2022\\\/02\\\/YDROSIA1048-scaled.jpg\",\"width\":1536,\"height\":2048,\"caption\":\"Essence d\u00e9tox vitalit\u00e9\"},{\"@type\":\"BreadcrumbList\",\"@id\":\"https:\\\/\\\/ydrosia.com\\\/fr\\\/produit\\\/essence-detox-vitalite\\\/#breadcrumb\",\"itemListElement\":[{\"@type\":\"ListItem\",\"position\":1,\"name\":\"Home\",\"item\":\"https:\\\/\\\/ydrosia.com\\\/fr\\\/\"},{\"@type\":\"ListItem\",\"position\":2,\"name\":\"Boutique\",\"item\":\"https:\\\/\\\/ydrosia.com\\\/fr\\\/shop\\\/\"},{\"@type\":\"ListItem\",\"position\":3,\"name\":\"Essence D\u00e9tox Vitalit\u00e9\"}]},{\"@type\":\"WebSite\",\"@id\":\"https:\\\/\\\/ydrosia.com\\\/fr\\\/#website\",\"url\":\"https:\\\/\\\/ydrosia.com\\\/fr\\\/\",\"name\":\"YDROSIA\",\"description\":\"Essential skincare\",\"publisher\":{\"@id\":\"https:\\\/\\\/ydrosia.com\\\/fr\\\/#organization\"},\"potentialAction\":[{\"@type\":\"SearchAction\",\"target\":{\"@type\":\"EntryPoint\",\"urlTemplate\":\"https:\\\/\\\/ydrosia.com\\\/fr\\\/?s={search_term_string}\"},\"query-input\":{\"@type\":\"PropertyValueSpecification\",\"valueRequired\":true,\"valueName\":\"search_term_string\"}}],\"inLanguage\":\"fr-FR\"},{\"@type\":[\"Organization\",\"Place\"],\"@id\":\"https:\\\/\\\/ydrosia.com\\\/fr\\\/#organization\",\"name\":\"YDROSIA\",\"url\":\"https:\\\/\\\/ydrosia.com\\\/fr\\\/\",\"logo\":{\"@id\":\"https:\\\/\\\/ydrosia.com\\\/fr\\\/produit\\\/essence-detox-vitalite\\\/#local-main-organization-logo\"},\"image\":{\"@id\":\"https:\\\/\\\/ydrosia.com\\\/fr\\\/produit\\\/essence-detox-vitalite\\\/#local-main-organization-logo\"},\"sameAs\":[\"https:\\\/\\\/www.facebook.com\\\/ydrosia\\\/\",\"https:\\\/\\\/www.instagram.com\\\/ydrosiaskincare\\\/\",\"https:\\\/\\\/www.linkedin.com\\\/company\\\/ydrosia\",\"https:\\\/\\\/www.pinterest.com\\\/ydrosia\\\/\",\"https:\\\/\\\/www.youtube.com\\\/channel\\\/UC_-zs6ZyqUVKBFGqSDyPVug\"],\"telephone\":[],\"openingHoursSpecification\":[{\"@type\":\"OpeningHoursSpecification\",\"dayOfWeek\":[\"Monday\",\"Tuesday\",\"Wednesday\",\"Thursday\",\"Friday\",\"Saturday\",\"Sunday\"],\"opens\":\"09:00\",\"closes\":\"17:00\"}]},{\"@type\":\"ImageObject\",\"inLanguage\":\"fr-FR\",\"@id\":\"https:\\\/\\\/ydrosia.com\\\/fr\\\/produit\\\/essence-detox-vitalite\\\/#local-main-organization-logo\",\"url\":\"https:\\\/\\\/ydrosia.com\\\/wp-content\\\/uploads\\\/2021\\\/10\\\/BE-MIST.jpg\",\"contentUrl\":\"https:\\\/\\\/ydrosia.com\\\/wp-content\\\/uploads\\\/2021\\\/10\\\/BE-MIST.jpg\",\"width\":1080,\"height\":1080,\"caption\":\"YDROSIA\"}]}<\/script>\n<meta property=\"product:price:amount\" content=\"59.00\" \/>\n<meta property=\"product:price:currency\" content=\"EUR\" \/>\n<meta property=\"og:availability\" content=\"out of stock\" \/>\n<meta property=\"product:availability\" content=\"out of stock\" \/>\n<meta property=\"product:retailer_item_id\" content=\"05430001813067\" \/>\n<meta property=\"product:condition\" content=\"new\" \/>\n<!-- \/ Yoast SEO Premium plugin. -->","yoast_head_json":{"title":"Essence d\u00e9tox vitalit\u00e9 - YDROSIA","description":"L'essence d\u00e9tox vitalit\u00e9 est le soin essentiel des peaux fragiles et fatigu\u00e9es. Polyvalente, multi-usages, elle hydrate, apaise et revitalise l'\u00e9piderme.","robots":{"index":"index","follow":"follow","max-snippet":"max-snippet:-1","max-image-preview":"max-image-preview:large","max-video-preview":"max-video-preview:-1"},"canonical":"https:\/\/ydrosia.com\/fr\/produit\/essence-detox-vitalite\/","og_locale":"fr_FR","og_type":"article","og_title":"Essence d\u00e9tox vitalit\u00e9","og_description":"L'essence d\u00e9tox vitalit\u00e9 est le soin essentiel des peaux fragiles et fatigu\u00e9es. Polyvalente, multi-usages, elle hydrate, apaise et revitalise l'\u00e9piderme.","og_url":"https:\/\/ydrosia.com\/fr\/produit\/essence-detox-vitalite\/","og_site_name":"YDROSIA","article_publisher":"https:\/\/www.facebook.com\/ydrosia\/","article_modified_time":"2026-01-25T17:18:14+00:00","og_image":[{"width":1536,"height":2048,"url":"https:\/\/ydrosia.com\/wp-content\/uploads\/2022\/02\/YDROSIA1048-scaled.jpg","type":"image\/jpeg"}],"twitter_card":"summary_large_image","twitter_misc":{"Prix":"59,00&nbsp;&euro;","Disponibilit\u00e9":"Rupture de stock"},"schema":{"@context":"https:\/\/schema.org","@graph":[{"@type":"WebPage","@id":"https:\/\/ydrosia.com\/fr\/produit\/essence-detox-vitalite\/","url":"https:\/\/ydrosia.com\/fr\/produit\/essence-detox-vitalite\/","name":"Essence d\u00e9tox vitalit\u00e9 - YDROSIA","isPartOf":{"@id":"https:\/\/ydrosia.com\/fr\/#website"},"primaryImageOfPage":{"@id":"https:\/\/ydrosia.com\/fr\/produit\/essence-detox-vitalite\/#primaryimage"},"image":{"@id":"https:\/\/ydrosia.com\/fr\/produit\/essence-detox-vitalite\/#primaryimage"},"thumbnailUrl":"https:\/\/ydrosia.com\/wp-content\/uploads\/2022\/02\/YDROSIA1048-scaled.jpg","datePublished":"2022-02-21T18:41:31+00:00","dateModified":"2026-01-25T17:18:14+00:00","description":"L'essence d\u00e9tox vitalit\u00e9 est le soin essentiel des peaux fragiles et fatigu\u00e9es. Polyvalente, multi-usages, elle hydrate, apaise et revitalise l'\u00e9piderme.","breadcrumb":{"@id":"https:\/\/ydrosia.com\/fr\/produit\/essence-detox-vitalite\/#breadcrumb"},"inLanguage":"fr-FR","potentialAction":[{"@type":"ReadAction","target":["https:\/\/ydrosia.com\/fr\/produit\/essence-detox-vitalite\/"]}]},{"@type":"ImageObject","inLanguage":"fr-FR","@id":"https:\/\/ydrosia.com\/fr\/produit\/essence-detox-vitalite\/#primaryimage","url":"https:\/\/ydrosia.com\/wp-content\/uploads\/2022\/02\/YDROSIA1048-scaled.jpg","contentUrl":"https:\/\/ydrosia.com\/wp-content\/uploads\/2022\/02\/YDROSIA1048-scaled.jpg","width":1536,"height":2048,"caption":"Essence d\u00e9tox vitalit\u00e9"},{"@type":"BreadcrumbList","@id":"https:\/\/ydrosia.com\/fr\/produit\/essence-detox-vitalite\/#breadcrumb","itemListElement":[{"@type":"ListItem","position":1,"name":"Home","item":"https:\/\/ydrosia.com\/fr\/"},{"@type":"ListItem","position":2,"name":"Boutique","item":"https:\/\/ydrosia.com\/fr\/shop\/"},{"@type":"ListItem","position":3,"name":"Essence D\u00e9tox Vitalit\u00e9"}]},{"@type":"WebSite","@id":"https:\/\/ydrosia.com\/fr\/#website","url":"https:\/\/ydrosia.com\/fr\/","name":"YDROSIA","description":"Essential skincare","publisher":{"@id":"https:\/\/ydrosia.com\/fr\/#organization"},"potentialAction":[{"@type":"SearchAction","target":{"@type":"EntryPoint","urlTemplate":"https:\/\/ydrosia.com\/fr\/?s={search_term_string}"},"query-input":{"@type":"PropertyValueSpecification","valueRequired":true,"valueName":"search_term_string"}}],"inLanguage":"fr-FR"},{"@type":["Organization","Place"],"@id":"https:\/\/ydrosia.com\/fr\/#organization","name":"YDROSIA","url":"https:\/\/ydrosia.com\/fr\/","logo":{"@id":"https:\/\/ydrosia.com\/fr\/produit\/essence-detox-vitalite\/#local-main-organization-logo"},"image":{"@id":"https:\/\/ydrosia.com\/fr\/produit\/essence-detox-vitalite\/#local-main-organization-logo"},"sameAs":["https:\/\/www.facebook.com\/ydrosia\/","https:\/\/www.instagram.com\/ydrosiaskincare\/","https:\/\/www.linkedin.com\/company\/ydrosia","https:\/\/www.pinterest.com\/ydrosia\/","https:\/\/www.youtube.com\/channel\/UC_-zs6ZyqUVKBFGqSDyPVug"],"telephone":[],"openingHoursSpecification":[{"@type":"OpeningHoursSpecification","dayOfWeek":["Monday","Tuesday","Wednesday","Thursday","Friday","Saturday","Sunday"],"opens":"09:00","closes":"17:00"}]},{"@type":"ImageObject","inLanguage":"fr-FR","@id":"https:\/\/ydrosia.com\/fr\/produit\/essence-detox-vitalite\/#local-main-organization-logo","url":"https:\/\/ydrosia.com\/wp-content\/uploads\/2021\/10\/BE-MIST.jpg","contentUrl":"https:\/\/ydrosia.com\/wp-content\/uploads\/2021\/10\/BE-MIST.jpg","width":1080,"height":1080,"caption":"YDROSIA"}]},"product_price_amount":"59.00","product_price_currency":"EUR","og_availability":"out of stock","product_availability":"out of stock","product_retailer_item_id":"05430001813067","product_condition":"new"},"jetpack_sharing_enabled":true,"_links":{"self":[{"href":"https:\/\/ydrosia.com\/fr\/wp-json\/wp\/v2\/product\/8341","targetHints":{"allow":["GET"]}}],"collection":[{"href":"https:\/\/ydrosia.com\/fr\/wp-json\/wp\/v2\/product"}],"about":[{"href":"https:\/\/ydrosia.com\/fr\/wp-json\/wp\/v2\/types\/product"}],"replies":[{"embeddable":true,"href":"https:\/\/ydrosia.com\/fr\/wp-json\/wp\/v2\/comments?post=8341"}],"wp:featuredmedia":[{"embeddable":true,"href":"https:\/\/ydrosia.com\/fr\/wp-json\/wp\/v2\/media\/8461"}],"wp:attachment":[{"href":"https:\/\/ydrosia.com\/fr\/wp-json\/wp\/v2\/media?parent=8341"}],"wp:term":[{"taxonomy":"product_brand","embeddable":true,"href":"https:\/\/ydrosia.com\/fr\/wp-json\/wp\/v2\/product_brand?post=8341"},{"taxonomy":"product_cat","embeddable":true,"href":"https:\/\/ydrosia.com\/fr\/wp-json\/wp\/v2\/product_cat?post=8341"},{"taxonomy":"product_tag","embeddable":true,"href":"https:\/\/ydrosia.com\/fr\/wp-json\/wp\/v2\/product_tag?post=8341"}],"curies":[{"name":"wp","href":"https:\/\/api.w.org\/{rel}","templated":true}]}}