{"id":7189,"date":"2020-11-05T18:46:22","date_gmt":"2020-11-05T17:46:22","guid":{"rendered":"https:\/\/ydrosia.com\/?post_type=product&#038;p=7189"},"modified":"2026-03-10T19:00:24","modified_gmt":"2026-03-10T18:00:24","slug":"la-trousse-beaute","status":"publish","type":"product","link":"https:\/\/ydrosia.com\/fr\/produit\/la-trousse-beaute\/","title":{"rendered":"La pochette beaut\u00e9"},"content":{"rendered":"<p><strong>La pochette parfaite pour transporter votre routine beaut\u00e9 !<\/strong><\/p>\n<p><strong>Une jolie pochette<\/strong> aux couleurs du Soin D\u00e9tox qui permet de le transporter partout avec \u00e9l\u00e9gance.\u00a0 L&#8217;accessoire indispensable pour garder la peau hydrat\u00e9e et en bonne sant\u00e9 lors de vos d\u00e9placements. Les dimensions id\u00e9ales de la trousse beaut\u00e9 lui permettent de se glisser dans votre sac.<\/p>\n<p>Nous l&#8217;avons r\u00e9alis\u00e9e aux couleurs de notre soin : corail, ivoire, dor\u00e9 dans un esprit art d\u00e9co. Le chic belge au service de votre routine beaut\u00e9 ! C&#8217;est une cr\u00e9ation unique et originale.<\/p>\n<p><strong>La pochette est le fruit de notre collaboration avec la marque belge <a href=\"https:\/\/kotton.be\/\">KOTTON.<\/a><\/strong> R\u00e9alis\u00e9e en coton recycl\u00e9 et cousue main,\u00a0 son impression originale et s\u00e9rigraphi\u00e9e de fa\u00e7on artisanale sur le tissu en fait un accessoire unique.<\/p>\n<p>La trousse beaut\u00e9 est r\u00e9alis\u00e9e dans un coton de couleur ivoire avec une impression dor\u00e9e qui repr\u00e9sente notre logo stylis\u00e9 dans un motif de style Art D\u00e9co. Elle poss\u00e8de une fermeture Eclair de couleur corail et son tissu int\u00e9rieur est beige.<\/p>\n<p>Les dimensions de la pochette beaut\u00e9 sont parfaite pour tenir dans un sac \u00e0 main : 18cm x 10cm avec un soufflet de 4cm.<\/p>\n<p>Le concept de design local et durable est au c\u0153ur de la marque KOTTON. Ainsi, les tissus imprim\u00e9s avec des encres \u00e0 l\u2019eau, proviennent de fournisseurs europ\u00e9ens.<\/p>\n<p>Notre collaboration avec KOTTON est parfaitement en ligne avec nos engagements que vous pouvez trouver <a href=\"https:\/\/ydrosia.com\/fr\/nos-engagements\/\">ici<\/a>. Elle est au coeur du projet d&#8217;YDROSIA en collaborant avec des artisans et des marques locales pour \u00e9largir notre gamme. Nous avons \u00e0 coeur de partager avec vous, une routine beaut\u00e9 naturelle ind\u00e9pendante, engag\u00e9e et responsable.<\/p>\n<p><strong>BE MIST !<\/strong><\/p>\n<p><strong>BOOST YOUR BEAUTY ROUTINE !<\/strong><\/p>\n","protected":false},"excerpt":{"rendered":"<p><strong>BOOST YOUR BEAUTY ROUTINE !<\/strong><\/p>\n<p><strong>Une jolie pochette<\/strong> aux couleurs du Soin D\u00e9tox-Antioxydant qui permet de le transporter partout avec \u00e9l\u00e9gance. L&#8217;accessoire indispensable pour garder la peau hydrat\u00e9e et en bonne sant\u00e9 lors de vos d\u00e9placements.<\/p>\n<p>Cr\u00e9\u00e9e en collaboration avec la marque belge KOTTON, <strong>r\u00e9alis\u00e9e \u00e0 la main<\/strong> dans un atelier bruxellois, la trousse beaut\u00e9e est l&#8217;accessoire chic et pratique pour transporter sa routine beaut\u00e9 YDROSIA. On peut aussi y placer, la brosse visage, un rouge \u00e0 l\u00e8vre, un mascara, une paire de lunettes,&#8230;<\/p>\n<p>La cr\u00e9ation est <strong>originale et unique<\/strong>, la pochette est r\u00e9alis\u00e9e dans un coton recycl\u00e9.<\/p>\n","protected":false},"featured_media":7190,"comment_status":"open","ping_status":"closed","template":"","meta":[],"product_brand":[],"product_cat":[94],"product_tag":[269,268,267,270],"class_list":{"0":"post-7189","1":"product","2":"type-product","3":"status-publish","4":"has-post-thumbnail","6":"product_cat-soins","7":"product_tag-pochette","8":"product_tag-set-beaute","9":"product_tag-set-voyage","10":"product_tag-voyage","11":"product_shipping_class-enveloppe","13":"first","14":"outofstock","15":"sold-individually","16":"shipping-taxable","17":"purchasable","18":"product-type-simple"},"yoast_head":"<!-- This site is optimized with the Yoast SEO Premium plugin v26.3 (Yoast SEO v27.4) - https:\/\/yoast.com\/product\/yoast-seo-premium-wordpress\/ -->\n<title>La pochette beaut\u00e9 - YDROSIA - BE MIST! Boost your beauty routine !<\/title>\n<meta name=\"description\" content=\"La trousse beaut\u00e9, une jolie pochette pour ranger la routine beaut\u00e9 YDROSIA. Son format id\u00e9al permet de transporter le soin, la brosse,...\" \/>\n<meta name=\"robots\" content=\"index, follow, max-snippet:-1, max-image-preview:large, max-video-preview:-1\" \/>\n<link rel=\"canonical\" href=\"https:\/\/ydrosia.com\/fr\/produit\/la-trousse-beaute\/\" \/>\n<meta property=\"og:locale\" content=\"fr_FR\" \/>\n<meta property=\"og:type\" content=\"article\" \/>\n<meta property=\"og:title\" content=\"La pochette beaut\u00e9\" \/>\n<meta property=\"og:description\" content=\"La trousse beaut\u00e9, une jolie pochette pour ranger la routine beaut\u00e9 YDROSIA. Son format id\u00e9al permet de transporter le soin, la brosse,...\" \/>\n<meta property=\"og:url\" content=\"https:\/\/ydrosia.com\/fr\/produit\/la-trousse-beaute\/\" \/>\n<meta property=\"og:site_name\" content=\"YDROSIA\" \/>\n<meta property=\"article:publisher\" content=\"https:\/\/www.facebook.com\/ydrosia\/\" \/>\n<meta property=\"article:modified_time\" content=\"2026-03-10T18:00:24+00:00\" \/>\n<meta property=\"og:image\" content=\"https:\/\/ydrosia.com\/wp-content\/uploads\/2020\/11\/YDROSIA0012-scaled-scaled.jpg\" \/>\n\t<meta property=\"og:image:width\" content=\"1553\" \/>\n\t<meta property=\"og:image:height\" content=\"2048\" \/>\n\t<meta property=\"og:image:type\" content=\"image\/jpeg\" \/>\n<meta name=\"twitter:card\" content=\"summary_large_image\" \/>\n<meta name=\"twitter:label1\" content=\"Prix\" \/>\n\t<meta name=\"twitter:data1\" content=\"22,00&nbsp;&euro;\" \/>\n\t<meta name=\"twitter:label2\" content=\"Disponibilit\u00e9\" \/>\n\t<meta name=\"twitter:data2\" content=\"Rupture de stock\" \/>\n<script type=\"application\/ld+json\" class=\"yoast-schema-graph\">{\"@context\":\"https:\\\/\\\/schema.org\",\"@graph\":[{\"@type\":\"WebPage\",\"@id\":\"https:\\\/\\\/ydrosia.com\\\/fr\\\/produit\\\/la-trousse-beaute\\\/\",\"url\":\"https:\\\/\\\/ydrosia.com\\\/fr\\\/produit\\\/la-trousse-beaute\\\/\",\"name\":\"La pochette beaut\u00e9 - YDROSIA - BE MIST! Boost your beauty routine !\",\"isPartOf\":{\"@id\":\"https:\\\/\\\/ydrosia.com\\\/fr\\\/#website\"},\"primaryImageOfPage\":{\"@id\":\"https:\\\/\\\/ydrosia.com\\\/fr\\\/produit\\\/la-trousse-beaute\\\/#primaryimage\"},\"image\":{\"@id\":\"https:\\\/\\\/ydrosia.com\\\/fr\\\/produit\\\/la-trousse-beaute\\\/#primaryimage\"},\"thumbnailUrl\":\"https:\\\/\\\/ydrosia.com\\\/wp-content\\\/uploads\\\/2020\\\/11\\\/YDROSIA0012-scaled-scaled.jpg\",\"datePublished\":\"2020-11-05T17:46:22+00:00\",\"dateModified\":\"2026-03-10T18:00:24+00:00\",\"description\":\"La trousse beaut\u00e9, une jolie pochette pour ranger la routine beaut\u00e9 YDROSIA. Son format id\u00e9al permet de transporter le soin, la brosse,...\",\"breadcrumb\":{\"@id\":\"https:\\\/\\\/ydrosia.com\\\/fr\\\/produit\\\/la-trousse-beaute\\\/#breadcrumb\"},\"inLanguage\":\"fr-FR\",\"potentialAction\":[{\"@type\":\"ReadAction\",\"target\":[\"https:\\\/\\\/ydrosia.com\\\/fr\\\/produit\\\/la-trousse-beaute\\\/\"]}]},{\"@type\":\"ImageObject\",\"inLanguage\":\"fr-FR\",\"@id\":\"https:\\\/\\\/ydrosia.com\\\/fr\\\/produit\\\/la-trousse-beaute\\\/#primaryimage\",\"url\":\"https:\\\/\\\/ydrosia.com\\\/wp-content\\\/uploads\\\/2020\\\/11\\\/YDROSIA0012-scaled-scaled.jpg\",\"contentUrl\":\"https:\\\/\\\/ydrosia.com\\\/wp-content\\\/uploads\\\/2020\\\/11\\\/YDROSIA0012-scaled-scaled.jpg\",\"width\":1553,\"height\":2048,\"caption\":\"Pochette beaut\u00e9\"},{\"@type\":\"BreadcrumbList\",\"@id\":\"https:\\\/\\\/ydrosia.com\\\/fr\\\/produit\\\/la-trousse-beaute\\\/#breadcrumb\",\"itemListElement\":[{\"@type\":\"ListItem\",\"position\":1,\"name\":\"Home\",\"item\":\"https:\\\/\\\/ydrosia.com\\\/fr\\\/\"},{\"@type\":\"ListItem\",\"position\":2,\"name\":\"Boutique\",\"item\":\"https:\\\/\\\/ydrosia.com\\\/fr\\\/shop\\\/\"},{\"@type\":\"ListItem\",\"position\":3,\"name\":\"La pochette beaut\u00e9\"}]},{\"@type\":\"WebSite\",\"@id\":\"https:\\\/\\\/ydrosia.com\\\/fr\\\/#website\",\"url\":\"https:\\\/\\\/ydrosia.com\\\/fr\\\/\",\"name\":\"YDROSIA\",\"description\":\"Essential skincare\",\"publisher\":{\"@id\":\"https:\\\/\\\/ydrosia.com\\\/fr\\\/#organization\"},\"potentialAction\":[{\"@type\":\"SearchAction\",\"target\":{\"@type\":\"EntryPoint\",\"urlTemplate\":\"https:\\\/\\\/ydrosia.com\\\/fr\\\/?s={search_term_string}\"},\"query-input\":{\"@type\":\"PropertyValueSpecification\",\"valueRequired\":true,\"valueName\":\"search_term_string\"}}],\"inLanguage\":\"fr-FR\"},{\"@type\":[\"Organization\",\"Place\"],\"@id\":\"https:\\\/\\\/ydrosia.com\\\/fr\\\/#organization\",\"name\":\"YDROSIA\",\"url\":\"https:\\\/\\\/ydrosia.com\\\/fr\\\/\",\"logo\":{\"@id\":\"https:\\\/\\\/ydrosia.com\\\/fr\\\/produit\\\/la-trousse-beaute\\\/#local-main-organization-logo\"},\"image\":{\"@id\":\"https:\\\/\\\/ydrosia.com\\\/fr\\\/produit\\\/la-trousse-beaute\\\/#local-main-organization-logo\"},\"sameAs\":[\"https:\\\/\\\/www.facebook.com\\\/ydrosia\\\/\",\"https:\\\/\\\/www.instagram.com\\\/ydrosiaskincare\\\/\",\"https:\\\/\\\/www.linkedin.com\\\/company\\\/ydrosia\",\"https:\\\/\\\/www.pinterest.com\\\/ydrosia\\\/\",\"https:\\\/\\\/www.youtube.com\\\/channel\\\/UC_-zs6ZyqUVKBFGqSDyPVug\"],\"telephone\":[],\"openingHoursSpecification\":[{\"@type\":\"OpeningHoursSpecification\",\"dayOfWeek\":[\"Monday\",\"Tuesday\",\"Wednesday\",\"Thursday\",\"Friday\",\"Saturday\",\"Sunday\"],\"opens\":\"09:00\",\"closes\":\"17:00\"}]},{\"@type\":\"ImageObject\",\"inLanguage\":\"fr-FR\",\"@id\":\"https:\\\/\\\/ydrosia.com\\\/fr\\\/produit\\\/la-trousse-beaute\\\/#local-main-organization-logo\",\"url\":\"https:\\\/\\\/ydrosia.com\\\/wp-content\\\/uploads\\\/2021\\\/10\\\/BE-MIST.jpg\",\"contentUrl\":\"https:\\\/\\\/ydrosia.com\\\/wp-content\\\/uploads\\\/2021\\\/10\\\/BE-MIST.jpg\",\"width\":1080,\"height\":1080,\"caption\":\"YDROSIA\"}]}<\/script>\n<meta property=\"product:price:amount\" content=\"22.00\" \/>\n<meta property=\"product:price:currency\" content=\"EUR\" \/>\n<meta property=\"og:availability\" content=\"out of stock\" \/>\n<meta property=\"product:availability\" content=\"out of stock\" \/>\n<meta property=\"product:retailer_item_id\" content=\"05430001813012\" \/>\n<meta property=\"product:condition\" content=\"new\" \/>\n<!-- \/ Yoast SEO Premium plugin. -->","yoast_head_json":{"title":"La pochette beaut\u00e9 - YDROSIA - BE MIST! Boost your beauty routine !","description":"La trousse beaut\u00e9, une jolie pochette pour ranger la routine beaut\u00e9 YDROSIA. Son format id\u00e9al permet de transporter le soin, la brosse,...","robots":{"index":"index","follow":"follow","max-snippet":"max-snippet:-1","max-image-preview":"max-image-preview:large","max-video-preview":"max-video-preview:-1"},"canonical":"https:\/\/ydrosia.com\/fr\/produit\/la-trousse-beaute\/","og_locale":"fr_FR","og_type":"article","og_title":"La pochette beaut\u00e9","og_description":"La trousse beaut\u00e9, une jolie pochette pour ranger la routine beaut\u00e9 YDROSIA. Son format id\u00e9al permet de transporter le soin, la brosse,...","og_url":"https:\/\/ydrosia.com\/fr\/produit\/la-trousse-beaute\/","og_site_name":"YDROSIA","article_publisher":"https:\/\/www.facebook.com\/ydrosia\/","article_modified_time":"2026-03-10T18:00:24+00:00","og_image":[{"width":1553,"height":2048,"url":"https:\/\/ydrosia.com\/wp-content\/uploads\/2020\/11\/YDROSIA0012-scaled-scaled.jpg","type":"image\/jpeg"}],"twitter_card":"summary_large_image","twitter_misc":{"Prix":"22,00&nbsp;&euro;","Disponibilit\u00e9":"Rupture de stock"},"schema":{"@context":"https:\/\/schema.org","@graph":[{"@type":"WebPage","@id":"https:\/\/ydrosia.com\/fr\/produit\/la-trousse-beaute\/","url":"https:\/\/ydrosia.com\/fr\/produit\/la-trousse-beaute\/","name":"La pochette beaut\u00e9 - YDROSIA - BE MIST! Boost your beauty routine !","isPartOf":{"@id":"https:\/\/ydrosia.com\/fr\/#website"},"primaryImageOfPage":{"@id":"https:\/\/ydrosia.com\/fr\/produit\/la-trousse-beaute\/#primaryimage"},"image":{"@id":"https:\/\/ydrosia.com\/fr\/produit\/la-trousse-beaute\/#primaryimage"},"thumbnailUrl":"https:\/\/ydrosia.com\/wp-content\/uploads\/2020\/11\/YDROSIA0012-scaled-scaled.jpg","datePublished":"2020-11-05T17:46:22+00:00","dateModified":"2026-03-10T18:00:24+00:00","description":"La trousse beaut\u00e9, une jolie pochette pour ranger la routine beaut\u00e9 YDROSIA. Son format id\u00e9al permet de transporter le soin, la brosse,...","breadcrumb":{"@id":"https:\/\/ydrosia.com\/fr\/produit\/la-trousse-beaute\/#breadcrumb"},"inLanguage":"fr-FR","potentialAction":[{"@type":"ReadAction","target":["https:\/\/ydrosia.com\/fr\/produit\/la-trousse-beaute\/"]}]},{"@type":"ImageObject","inLanguage":"fr-FR","@id":"https:\/\/ydrosia.com\/fr\/produit\/la-trousse-beaute\/#primaryimage","url":"https:\/\/ydrosia.com\/wp-content\/uploads\/2020\/11\/YDROSIA0012-scaled-scaled.jpg","contentUrl":"https:\/\/ydrosia.com\/wp-content\/uploads\/2020\/11\/YDROSIA0012-scaled-scaled.jpg","width":1553,"height":2048,"caption":"Pochette beaut\u00e9"},{"@type":"BreadcrumbList","@id":"https:\/\/ydrosia.com\/fr\/produit\/la-trousse-beaute\/#breadcrumb","itemListElement":[{"@type":"ListItem","position":1,"name":"Home","item":"https:\/\/ydrosia.com\/fr\/"},{"@type":"ListItem","position":2,"name":"Boutique","item":"https:\/\/ydrosia.com\/fr\/shop\/"},{"@type":"ListItem","position":3,"name":"La pochette beaut\u00e9"}]},{"@type":"WebSite","@id":"https:\/\/ydrosia.com\/fr\/#website","url":"https:\/\/ydrosia.com\/fr\/","name":"YDROSIA","description":"Essential skincare","publisher":{"@id":"https:\/\/ydrosia.com\/fr\/#organization"},"potentialAction":[{"@type":"SearchAction","target":{"@type":"EntryPoint","urlTemplate":"https:\/\/ydrosia.com\/fr\/?s={search_term_string}"},"query-input":{"@type":"PropertyValueSpecification","valueRequired":true,"valueName":"search_term_string"}}],"inLanguage":"fr-FR"},{"@type":["Organization","Place"],"@id":"https:\/\/ydrosia.com\/fr\/#organization","name":"YDROSIA","url":"https:\/\/ydrosia.com\/fr\/","logo":{"@id":"https:\/\/ydrosia.com\/fr\/produit\/la-trousse-beaute\/#local-main-organization-logo"},"image":{"@id":"https:\/\/ydrosia.com\/fr\/produit\/la-trousse-beaute\/#local-main-organization-logo"},"sameAs":["https:\/\/www.facebook.com\/ydrosia\/","https:\/\/www.instagram.com\/ydrosiaskincare\/","https:\/\/www.linkedin.com\/company\/ydrosia","https:\/\/www.pinterest.com\/ydrosia\/","https:\/\/www.youtube.com\/channel\/UC_-zs6ZyqUVKBFGqSDyPVug"],"telephone":[],"openingHoursSpecification":[{"@type":"OpeningHoursSpecification","dayOfWeek":["Monday","Tuesday","Wednesday","Thursday","Friday","Saturday","Sunday"],"opens":"09:00","closes":"17:00"}]},{"@type":"ImageObject","inLanguage":"fr-FR","@id":"https:\/\/ydrosia.com\/fr\/produit\/la-trousse-beaute\/#local-main-organization-logo","url":"https:\/\/ydrosia.com\/wp-content\/uploads\/2021\/10\/BE-MIST.jpg","contentUrl":"https:\/\/ydrosia.com\/wp-content\/uploads\/2021\/10\/BE-MIST.jpg","width":1080,"height":1080,"caption":"YDROSIA"}]},"product_price_amount":"22.00","product_price_currency":"EUR","og_availability":"out of stock","product_availability":"out of stock","product_retailer_item_id":"05430001813012","product_condition":"new"},"jetpack_sharing_enabled":true,"_links":{"self":[{"href":"https:\/\/ydrosia.com\/fr\/wp-json\/wp\/v2\/product\/7189","targetHints":{"allow":["GET"]}}],"collection":[{"href":"https:\/\/ydrosia.com\/fr\/wp-json\/wp\/v2\/product"}],"about":[{"href":"https:\/\/ydrosia.com\/fr\/wp-json\/wp\/v2\/types\/product"}],"replies":[{"embeddable":true,"href":"https:\/\/ydrosia.com\/fr\/wp-json\/wp\/v2\/comments?post=7189"}],"wp:featuredmedia":[{"embeddable":true,"href":"https:\/\/ydrosia.com\/fr\/wp-json\/wp\/v2\/media\/7190"}],"wp:attachment":[{"href":"https:\/\/ydrosia.com\/fr\/wp-json\/wp\/v2\/media?parent=7189"}],"wp:term":[{"taxonomy":"product_brand","embeddable":true,"href":"https:\/\/ydrosia.com\/fr\/wp-json\/wp\/v2\/product_brand?post=7189"},{"taxonomy":"product_cat","embeddable":true,"href":"https:\/\/ydrosia.com\/fr\/wp-json\/wp\/v2\/product_cat?post=7189"},{"taxonomy":"product_tag","embeddable":true,"href":"https:\/\/ydrosia.com\/fr\/wp-json\/wp\/v2\/product_tag?post=7189"}],"curies":[{"name":"wp","href":"https:\/\/api.w.org\/{rel}","templated":true}]}}