{"id":7180,"date":"2020-11-05T18:04:42","date_gmt":"2020-11-05T17:04:42","guid":{"rendered":"https:\/\/ydrosia.com\/?post_type=product&#038;p=7180"},"modified":"2026-03-10T19:02:14","modified_gmt":"2026-03-10T18:02:14","slug":"le-coffret-rituel","status":"publish","type":"product","link":"https:\/\/ydrosia.com\/fr\/produit\/le-coffret-rituel\/","title":{"rendered":"Les coffrets"},"content":{"rendered":"<p>Des coffrets \u00e0 composer pour offrir ou s&#8217;offrir le cadeau parfait : une routine beaut\u00e9 naturelle, efficace et simple.<\/p>\n<ul>\n<li><em><strong>Le coffret rituel<\/strong> :<\/em><\/li>\n<\/ul>\n<p>La routine beaut\u00e9 simple et naturelle. Il se compose de <a href=\"https:\/\/ydrosia.com\/fr\/produit\/brosse-visage\/\">la brosse visage<\/a> pour le brossage \u00e0 sec en <strong>poils de sanglier<\/strong>, de l&#8217;<a href=\"https:\/\/ydrosia.com\/fr\/produit\/essence-detox-vitalite\/\">Essence D\u00e9tox Vitalit\u00e9 <\/a>pour hydrater<a href=\"https:\/\/ydrosia.com\/fr\/produit\/essence-detox-vitalite\/\">,<\/a> et de l&#8217;<a href=\"https:\/\/ydrosia.com\/fr\/produit\/elixir-antioxydant\/\">Elixir antioxydant <\/a>pour nourrir l&#8217;\u00e9piderme.<\/p>\n<ul>\n<li><strong><em>Le rituel<\/em><\/strong> <em><strong>sp\u00e9cial peaux sensibles<\/strong><\/em> :<\/li>\n<\/ul>\n<p>La routine beaut\u00e9 simple et naturelle pour les peaux sensibles. Il se compose de <a href=\"https:\/\/ydrosia.com\/fr\/produit\/brosse-visage\/\">la brosse visage<\/a> pour le brossage \u00e0 sec en <strong>poils de ch\u00e8vre<\/strong>, de l&#8217;<a href=\"https:\/\/ydrosia.com\/fr\/produit\/essence-detox-vitalite\/\">Essence D\u00e9tox Vitalit\u00e9<\/a> pour hydrater<a href=\"https:\/\/ydrosia.com\/fr\/produit\/essence-detox-vitalite\/\">,<\/a> et de l&#8217;<a href=\"https:\/\/ydrosia.com\/fr\/produit\/elixir-antioxydant\/\">Elixir antioxydant <\/a>pour nourrir l&#8217;\u00e9piderme.<\/p>\n<ul>\n<li><em><strong>Le Set beaut\u00e9<\/strong>\u00a0:<\/em><\/li>\n<\/ul>\n<p>Le Set est le coffret id\u00e9al pour voyager en beaut\u00e9 ! Il se compose de l&#8217;<a href=\"https:\/\/ydrosia.com\/fr\/produit\/essence-detox-vitalite\/\">Essence D\u00e9tox Vitalit\u00e9<\/a>, de l&#8217;<a href=\"https:\/\/ydrosia.com\/fr\/produit\/elixir-antioxydant\/\">Elixir Antioxydant<\/a> ainsi que de sa <a href=\"https:\/\/ydrosia.com\/fr\/produit\/la-trousse-beaute\/\">pochette beaut\u00e9<\/a> sigl\u00e9e.<\/p>\n<ul>\n<li><strong><em>Le DUO<\/em><\/strong> :<\/li>\n<\/ul>\n<p>Le coffret pour un teint lumineux et une peau en pleine forme. Il se compose de l&#8217;<a href=\"https:\/\/ydrosia.com\/fr\/produit\/essence-detox-vitalite\/\">Essence D\u00e9tox Vitalit\u00e9<\/a>, et de <a href=\"https:\/\/ydrosia.com\/fr\/produit\/elixir-antioxydant\/\">Elixir antioxydant<\/a>.<\/p>\n<hr \/>\n<h4><a href=\"https:\/\/ydrosia.com\/fr\/produit\/essence-detox-vitalite\/\"><span style=\"color: #cdaa46;\"><strong><em>L&#8217;Essence D\u00e9tox Vitalit\u00e9<\/em><\/strong><\/span><\/a><\/h4>\n<p>Gorg\u00e9 d\u2019extraits de plantes et d\u2019actifs hydratants, elle hydrate intens\u00e9ment et aide votre peau \u00e0 retrouver son \u00e9quilibre. Certifi\u00e9 bio, con\u00e7u et produit en Belgique elle ne contient pas d\u2019huile essentielle, ni huile v\u00e9g\u00e9tale, et est exempt de parfum et d&#8217;alcool.<\/p>\n<p><strong>L\u00e9ger comme une brume et concentr\u00e9e comme un s\u00e9rum l&#8217;essence d\u00e9tox vitalit\u00e9 est totalement addictif et r\u00e9volutionne la routine beaut\u00e9.\u00a0<\/strong><\/p>\n<p>Elle est certifi\u00e9e Cosmos Organics par Ecocert Greenlife selon le label disponible sur <a href=\"http:\/\/COSMOS.ecocert.com\">http:\/\/COSMOS.ecocert.com<\/a><\/p>\n<p><img decoding=\"async\" class=\"wp-image-6391 aligncenter\" src=\"https:\/\/ydrosia.com\/wp-content\/uploads\/2020\/02\/Logo-ECOCERTCosmos-Organic-Black-copie-300x300.jpg\" sizes=\"(max-width: 153px) 100vw, 153px\" srcset=\"https:\/\/ydrosia.com\/wp-content\/uploads\/2020\/02\/Logo-ECOCERTCosmos-Organic-Black-copie-300x300.jpg 300w, https:\/\/ydrosia.com\/wp-content\/uploads\/2020\/02\/Logo-ECOCERTCosmos-Organic-Black-copie-150x150.jpg 150w, https:\/\/ydrosia.com\/wp-content\/uploads\/2020\/02\/Logo-ECOCERTCosmos-Organic-Black-copie-324x324.jpg 324w, https:\/\/ydrosia.com\/wp-content\/uploads\/2020\/02\/Logo-ECOCERTCosmos-Organic-Black-copie-350x350.jpg 350w, https:\/\/ydrosia.com\/wp-content\/uploads\/2020\/02\/Logo-ECOCERTCosmos-Organic-Black-copie.jpg 650w\" alt=\"\" width=\"48\" height=\"48\" \/><\/p>\n<h4><a href=\"https:\/\/ydrosia.com\/fr\/produit\/elixir-antioxydant\/\"><span style=\"color: #cdaa46;\"><strong><em>L&#8217;Elixir antioxydant<\/em><\/strong><\/span><\/a><\/h4>\n<p><i>S<\/i>\u00e9rum visage de grande qualit\u00e9 qui offre une protection efficace contre les radicaux libres, les agressions environnementales et les signes de l\u2019\u00e2ge. Sa formule est unique. <strong>Riche en actifs antioxydants<\/strong>\u00a0naturels, cette\u00a0<strong>huile pr\u00e9cieuse<\/strong>\u00a0hydrate, illumine et uniformise le teint, nourrit la peau en profondeur, et am\u00e9liore son \u00e9lasticit\u00e9 et sa fermet\u00e9.<\/p>\n<p>Synergie unique d\u2019<strong>huiles pr\u00e9cieuses, d\u2019extraits de graines de bakuchiol (2%), et de fleurs de vanille<\/strong>, cet \u00e9lixir puissant est l\u2019alli\u00e9 des peaux affam\u00e9es, sensibles et r\u00e9actives. Ses propri\u00e9t\u00e9s anti-inflammatoires et anti-oxydantes aident les peaux sensibles \u00e0 retrouver un \u00e9piderme sain et tonique.<\/p>\n<p><strong>100%<\/strong>\u00a0d\u2019ingr\u00e9dients d\u2019origine naturelle \u2013\u00a0<strong>99,5%<\/strong>\u00a0d\u2019ingr\u00e9dients d\u2019origine biologique<\/p>\n<p>Certifi\u00e9 Cosmos Organics par Ecocert Greenlife selon le label disponible sur <a href=\"http:\/\/COSMOS.ecocert.com\">http:\/\/COSMOS.ecocert.com<\/a><\/p>\n<p><img decoding=\"async\" class=\"wp-image-6391 aligncenter\" src=\"https:\/\/ydrosia.com\/wp-content\/uploads\/2020\/02\/Logo-ECOCERTCosmos-Organic-Black-copie-300x300.jpg\" sizes=\"(max-width: 153px) 100vw, 153px\" srcset=\"https:\/\/ydrosia.com\/wp-content\/uploads\/2020\/02\/Logo-ECOCERTCosmos-Organic-Black-copie-300x300.jpg 300w, https:\/\/ydrosia.com\/wp-content\/uploads\/2020\/02\/Logo-ECOCERTCosmos-Organic-Black-copie-150x150.jpg 150w, https:\/\/ydrosia.com\/wp-content\/uploads\/2020\/02\/Logo-ECOCERTCosmos-Organic-Black-copie-324x324.jpg 324w, https:\/\/ydrosia.com\/wp-content\/uploads\/2020\/02\/Logo-ECOCERTCosmos-Organic-Black-copie-350x350.jpg 350w, https:\/\/ydrosia.com\/wp-content\/uploads\/2020\/02\/Logo-ECOCERTCosmos-Organic-Black-copie.jpg 650w\" alt=\"\" width=\"48\" height=\"48\" \/><\/p>\n<h4><span style=\"color: #cdaa46;\"><a style=\"color: #cdaa46;\" href=\"https:\/\/ydrosia.com\/fr\/produit\/brosse-visage\/\"><strong><em>La brosse visage pour le brossage \u00e0 sec<\/em><\/strong><\/a><\/span><\/h4>\n<p>Le brossage \u00e0 sec, une habitude qui all\u00e8ge votre routine beaut\u00e9 pour retrouver <strong>un teint frais, lumineux et une peau toute douce.<\/strong><\/p>\n<p>Notre brosse visage fabriqu\u00e9e artisanalement en Allemagne est en bois de h\u00eatre huil\u00e9 100% FSC (For\u00eat g\u00e9r\u00e9e de mani\u00e8re durable). Ses poils sont naturels. Marqu\u00e9e du sigle de notre marque, c&#8217;est l&#8217;accessoire indispensable de notre routine beaut\u00e9 naturelle.<\/p>\n<p>Elle existe en 2 versions : en poils de sanglier ou en poils de ch\u00e8vre pour les peaux sensibles.<\/p>\n<p>La brosse visage s\u2019emporte partout avec\u00a0l&#8217;<a href=\"https:\/\/ydrosia.com\/fr\/produit\/essence-detox-vitalite\/\">Essence D\u00e9tox Vitalit\u00e9<\/a> dans la jolie trousse r\u00e9alis\u00e9e par KOTTON<\/p>\n<h4><span style=\"color: #cdaa46;\"><a style=\"color: #cdaa46;\" href=\"https:\/\/ydrosia.com\/fr\/produit\/la-trousse-beaute\/\"><b><i>La pochette beaut\u00e9<\/i><\/b><\/a><\/span><\/h4>\n<p><strong>Une jolie pochette<\/strong> aux couleurs de notre marque qui permet de le transporter partout avec \u00e9l\u00e9gance. L&#8217;accessoire indispensable pour garder la peau hydrat\u00e9e et en bonne sant\u00e9 lors de vos d\u00e9placements.<\/p>\n<p>Cr\u00e9\u00e9e en collaboration avec la marque belge KOTTON, <strong>r\u00e9alis\u00e9e \u00e0 la main<\/strong> dans un atelier bruxellois, la trousse beaut\u00e9 est l&#8217;accessoire chic et pratique pour transporter sa routine beaut\u00e9 YDROSIA. Aussi, on peut y placer, la brosse visage, un rouge \u00e0 l\u00e8vre, un mascara, une paire de lunettes,&#8230;<\/p>\n<p><strong>En coton recycl\u00e9e, <\/strong>la pochette est une cr\u00e9ation <strong>originale et unique <\/strong>et le fruit d&#8217;une collaboration respectueuse et cr\u00e9ative comme nous les aimons !<\/p>\n<h5><\/h5>\n","protected":false},"excerpt":{"rendered":"<p>Emballer dans de jolies bo\u00eetes, nos coffrets pr\u00e9cieux permettent d&#8217;offrir et de partager notre routine beaut\u00e9 naturelle et simple.<\/p>\n<p>Le coffret \u00e0 composer, est toujours l&#8217;id\u00e9e cadeau parfaite pour un moment de plaisir partag\u00e9.<\/p>\n<ul>\n<li><em><strong>Le coffret rituel<\/strong><\/em> : Il se compose de <a href=\"https:\/\/ydrosia.com\/fr\/produit\/brosse-visage\/\">la brosse visage<\/a> pour le brossage \u00e0 sec en <strong>poils de sanglier<\/strong>, du <a href=\"https:\/\/ydrosia.com\/fr\/produit\/essence-detox-vitalite\/\">Soin D\u00e9tox Vitalit\u00e9, <\/a>et de <a href=\"https:\/\/ydrosia.com\/fr\/produit\/elixir-antioxydant\/\">l&#8217;Elixir antioxydant<\/a>.<\/li>\n<li><em><strong>Le rituel sp\u00e9cial peaux sensibles<\/strong><\/em> : Il se compose de <a href=\"https:\/\/ydrosia.com\/fr\/produit\/brosse-visage\/\">la brosse visage<\/a> pour le brossage \u00e0 sec en <strong>poils de ch\u00e8vre<\/strong>, du <a href=\"https:\/\/ydrosia.com\/fr\/produit\/essence-detox-vitalite\/\">Soin D\u00e9tox Vitalit\u00e9, <\/a>et de <a href=\"https:\/\/ydrosia.com\/fr\/produit\/elixir-antioxydant\/\">l&#8217;Elixir antioxydant<\/a>.<\/li>\n<li><em><strong>Le set beaut\u00e9<\/strong><\/em> : Le coffret id\u00e9al pour voyager. Il se compose du <a href=\"https:\/\/ydrosia.com\/fr\/produit\/essence-detox-vitalite\/\">Soin D\u00e9tox Vitalit\u00e9, <\/a>de l&#8217;<a href=\"https:\/\/ydrosia.com\/fr\/produit\/elixir-antioxydant\/\">Elixir Antioxydant\u00a0<\/a>ainsi que de sa <a href=\"https:\/\/ydrosia.com\/fr\/produit\/la-trousse-beaute\/\">pochette beaut\u00e9<\/a> sigl\u00e9e.<\/li>\n<li><strong>Le DUO<\/strong>: Il se compose de l&#8217;<a href=\"\/fr?p=8341\">Essence D\u00e9tox Vitalit\u00e9<\/a>, et de l&#8217;<a href=\"https:\/\/ydrosia.com\/fr\/produit\/elixir-antioxydant\/\">Elixir antioxydant<\/a>.<\/li>\n<\/ul>\n","protected":false},"featured_media":10141,"comment_status":"open","ping_status":"closed","template":"","meta":[],"product_brand":[],"product_cat":[373],"product_tag":[382,256,255,381,258],"class_list":{"0":"post-7180","1":"product","2":"type-product","3":"status-publish","4":"has-post-thumbnail","6":"product_cat-packs","7":"product_tag-beaute-naturelle","8":"product_tag-cadeaux","9":"product_tag-coffret-beaute","10":"product_tag-rituel","11":"product_tag-routine-beaute","12":"product_shipping_class-coffret","14":"first","15":"outofstock","16":"shipping-taxable","17":"purchasable","18":"product-type-variable"},"yoast_head":"<!-- This site is optimized with the Yoast SEO Premium plugin v26.3 (Yoast SEO v27.4) - https:\/\/yoast.com\/product\/yoast-seo-premium-wordpress\/ -->\n<title>Les coffrets - YDROSIA<\/title>\n<meta name=\"description\" content=\"La routine beaut\u00e9 naturelle d&#039;YDROSIA r\u00e9unit dans de jolis coffrets \u00e0 composer selon ses envies. Une routine beaut\u00e9 naturelle et simple.\" \/>\n<meta name=\"robots\" content=\"index, follow, max-snippet:-1, max-image-preview:large, max-video-preview:-1\" \/>\n<link rel=\"canonical\" href=\"https:\/\/ydrosia.com\/fr\/produit\/le-coffret-rituel\/\" \/>\n<meta property=\"og:locale\" content=\"fr_FR\" \/>\n<meta property=\"og:type\" content=\"article\" \/>\n<meta property=\"og:title\" content=\"Les coffrets\" \/>\n<meta property=\"og:description\" content=\"La routine beaut\u00e9 naturelle d&#039;YDROSIA r\u00e9unit dans de jolis coffrets \u00e0 composer selon ses envies. Une routine beaut\u00e9 naturelle et simple.\" \/>\n<meta property=\"og:url\" content=\"https:\/\/ydrosia.com\/fr\/produit\/le-coffret-rituel\/\" \/>\n<meta property=\"og:site_name\" content=\"YDROSIA\" \/>\n<meta property=\"article:publisher\" content=\"https:\/\/www.facebook.com\/ydrosia\/\" \/>\n<meta property=\"article:modified_time\" content=\"2026-03-10T18:02:14+00:00\" \/>\n<meta property=\"og:image\" content=\"https:\/\/ydrosia.com\/wp-content\/uploads\/2020\/11\/IMG_1360-2-scaled.jpeg\" \/>\n\t<meta property=\"og:image:width\" content=\"2048\" \/>\n\t<meta property=\"og:image:height\" content=\"1540\" \/>\n\t<meta property=\"og:image:type\" content=\"image\/jpeg\" \/>\n<meta name=\"twitter:card\" content=\"summary_large_image\" \/>\n<meta name=\"twitter:label1\" content=\"Disponibilit\u00e9\" \/>\n\t<meta name=\"twitter:data1\" content=\"Rupture de stock\" \/>\n<script type=\"application\/ld+json\" class=\"yoast-schema-graph\">{\"@context\":\"https:\\\/\\\/schema.org\",\"@graph\":[{\"@type\":\"WebPage\",\"@id\":\"https:\\\/\\\/ydrosia.com\\\/fr\\\/produit\\\/le-coffret-rituel\\\/\",\"url\":\"https:\\\/\\\/ydrosia.com\\\/fr\\\/produit\\\/le-coffret-rituel\\\/\",\"name\":\"Les coffrets - YDROSIA\",\"isPartOf\":{\"@id\":\"https:\\\/\\\/ydrosia.com\\\/fr\\\/#website\"},\"primaryImageOfPage\":{\"@id\":\"https:\\\/\\\/ydrosia.com\\\/fr\\\/produit\\\/le-coffret-rituel\\\/#primaryimage\"},\"image\":{\"@id\":\"https:\\\/\\\/ydrosia.com\\\/fr\\\/produit\\\/le-coffret-rituel\\\/#primaryimage\"},\"thumbnailUrl\":\"https:\\\/\\\/ydrosia.com\\\/wp-content\\\/uploads\\\/2020\\\/11\\\/IMG_1360-2-scaled.jpeg\",\"datePublished\":\"2020-11-05T17:04:42+00:00\",\"dateModified\":\"2026-03-10T18:02:14+00:00\",\"description\":\"La routine beaut\u00e9 naturelle d'YDROSIA r\u00e9unit dans de jolis coffrets \u00e0 composer selon ses envies. Une routine beaut\u00e9 naturelle et simple.\",\"breadcrumb\":{\"@id\":\"https:\\\/\\\/ydrosia.com\\\/fr\\\/produit\\\/le-coffret-rituel\\\/#breadcrumb\"},\"inLanguage\":\"fr-FR\",\"potentialAction\":[{\"@type\":\"ReadAction\",\"target\":[\"https:\\\/\\\/ydrosia.com\\\/fr\\\/produit\\\/le-coffret-rituel\\\/\"]}]},{\"@type\":\"ImageObject\",\"inLanguage\":\"fr-FR\",\"@id\":\"https:\\\/\\\/ydrosia.com\\\/fr\\\/produit\\\/le-coffret-rituel\\\/#primaryimage\",\"url\":\"https:\\\/\\\/ydrosia.com\\\/wp-content\\\/uploads\\\/2020\\\/11\\\/IMG_1360-2-scaled.jpeg\",\"contentUrl\":\"https:\\\/\\\/ydrosia.com\\\/wp-content\\\/uploads\\\/2020\\\/11\\\/IMG_1360-2-scaled.jpeg\",\"width\":2048,\"height\":1540,\"caption\":\"Les coffrets rituel\"},{\"@type\":\"BreadcrumbList\",\"@id\":\"https:\\\/\\\/ydrosia.com\\\/fr\\\/produit\\\/le-coffret-rituel\\\/#breadcrumb\",\"itemListElement\":[{\"@type\":\"ListItem\",\"position\":1,\"name\":\"Home\",\"item\":\"https:\\\/\\\/ydrosia.com\\\/fr\\\/\"},{\"@type\":\"ListItem\",\"position\":2,\"name\":\"Boutique\",\"item\":\"https:\\\/\\\/ydrosia.com\\\/fr\\\/shop\\\/\"},{\"@type\":\"ListItem\",\"position\":3,\"name\":\"Les coffrets\"}]},{\"@type\":\"WebSite\",\"@id\":\"https:\\\/\\\/ydrosia.com\\\/fr\\\/#website\",\"url\":\"https:\\\/\\\/ydrosia.com\\\/fr\\\/\",\"name\":\"YDROSIA\",\"description\":\"Essential skincare\",\"publisher\":{\"@id\":\"https:\\\/\\\/ydrosia.com\\\/fr\\\/#organization\"},\"potentialAction\":[{\"@type\":\"SearchAction\",\"target\":{\"@type\":\"EntryPoint\",\"urlTemplate\":\"https:\\\/\\\/ydrosia.com\\\/fr\\\/?s={search_term_string}\"},\"query-input\":{\"@type\":\"PropertyValueSpecification\",\"valueRequired\":true,\"valueName\":\"search_term_string\"}}],\"inLanguage\":\"fr-FR\"},{\"@type\":[\"Organization\",\"Place\"],\"@id\":\"https:\\\/\\\/ydrosia.com\\\/fr\\\/#organization\",\"name\":\"YDROSIA\",\"url\":\"https:\\\/\\\/ydrosia.com\\\/fr\\\/\",\"logo\":{\"@id\":\"https:\\\/\\\/ydrosia.com\\\/fr\\\/produit\\\/le-coffret-rituel\\\/#local-main-organization-logo\"},\"image\":{\"@id\":\"https:\\\/\\\/ydrosia.com\\\/fr\\\/produit\\\/le-coffret-rituel\\\/#local-main-organization-logo\"},\"sameAs\":[\"https:\\\/\\\/www.facebook.com\\\/ydrosia\\\/\",\"https:\\\/\\\/www.instagram.com\\\/ydrosiaskincare\\\/\",\"https:\\\/\\\/www.linkedin.com\\\/company\\\/ydrosia\",\"https:\\\/\\\/www.pinterest.com\\\/ydrosia\\\/\",\"https:\\\/\\\/www.youtube.com\\\/channel\\\/UC_-zs6ZyqUVKBFGqSDyPVug\"],\"telephone\":[],\"openingHoursSpecification\":[{\"@type\":\"OpeningHoursSpecification\",\"dayOfWeek\":[\"Monday\",\"Tuesday\",\"Wednesday\",\"Thursday\",\"Friday\",\"Saturday\",\"Sunday\"],\"opens\":\"09:00\",\"closes\":\"17:00\"}]},{\"@type\":\"ImageObject\",\"inLanguage\":\"fr-FR\",\"@id\":\"https:\\\/\\\/ydrosia.com\\\/fr\\\/produit\\\/le-coffret-rituel\\\/#local-main-organization-logo\",\"url\":\"https:\\\/\\\/ydrosia.com\\\/wp-content\\\/uploads\\\/2021\\\/10\\\/BE-MIST.jpg\",\"contentUrl\":\"https:\\\/\\\/ydrosia.com\\\/wp-content\\\/uploads\\\/2021\\\/10\\\/BE-MIST.jpg\",\"width\":1080,\"height\":1080,\"caption\":\"YDROSIA\"}]}<\/script>\n<meta property=\"og:availability\" content=\"out of stock\" \/>\n<meta property=\"product:availability\" content=\"out of stock\" \/>\n<meta property=\"product:retailer_item_id\" content=\"05430001813043\" \/>\n<meta property=\"product:condition\" content=\"new\" \/>\n<!-- \/ Yoast SEO Premium plugin. -->","yoast_head_json":{"title":"Les coffrets - YDROSIA","description":"La routine beaut\u00e9 naturelle d'YDROSIA r\u00e9unit dans de jolis coffrets \u00e0 composer selon ses envies. Une routine beaut\u00e9 naturelle et simple.","robots":{"index":"index","follow":"follow","max-snippet":"max-snippet:-1","max-image-preview":"max-image-preview:large","max-video-preview":"max-video-preview:-1"},"canonical":"https:\/\/ydrosia.com\/fr\/produit\/le-coffret-rituel\/","og_locale":"fr_FR","og_type":"article","og_title":"Les coffrets","og_description":"La routine beaut\u00e9 naturelle d'YDROSIA r\u00e9unit dans de jolis coffrets \u00e0 composer selon ses envies. Une routine beaut\u00e9 naturelle et simple.","og_url":"https:\/\/ydrosia.com\/fr\/produit\/le-coffret-rituel\/","og_site_name":"YDROSIA","article_publisher":"https:\/\/www.facebook.com\/ydrosia\/","article_modified_time":"2026-03-10T18:02:14+00:00","og_image":[{"width":2048,"height":1540,"url":"https:\/\/ydrosia.com\/wp-content\/uploads\/2020\/11\/IMG_1360-2-scaled.jpeg","type":"image\/jpeg"}],"twitter_card":"summary_large_image","twitter_misc":{"Disponibilit\u00e9":"Rupture de stock"},"schema":{"@context":"https:\/\/schema.org","@graph":[{"@type":"WebPage","@id":"https:\/\/ydrosia.com\/fr\/produit\/le-coffret-rituel\/","url":"https:\/\/ydrosia.com\/fr\/produit\/le-coffret-rituel\/","name":"Les coffrets - YDROSIA","isPartOf":{"@id":"https:\/\/ydrosia.com\/fr\/#website"},"primaryImageOfPage":{"@id":"https:\/\/ydrosia.com\/fr\/produit\/le-coffret-rituel\/#primaryimage"},"image":{"@id":"https:\/\/ydrosia.com\/fr\/produit\/le-coffret-rituel\/#primaryimage"},"thumbnailUrl":"https:\/\/ydrosia.com\/wp-content\/uploads\/2020\/11\/IMG_1360-2-scaled.jpeg","datePublished":"2020-11-05T17:04:42+00:00","dateModified":"2026-03-10T18:02:14+00:00","description":"La routine beaut\u00e9 naturelle d'YDROSIA r\u00e9unit dans de jolis coffrets \u00e0 composer selon ses envies. Une routine beaut\u00e9 naturelle et simple.","breadcrumb":{"@id":"https:\/\/ydrosia.com\/fr\/produit\/le-coffret-rituel\/#breadcrumb"},"inLanguage":"fr-FR","potentialAction":[{"@type":"ReadAction","target":["https:\/\/ydrosia.com\/fr\/produit\/le-coffret-rituel\/"]}]},{"@type":"ImageObject","inLanguage":"fr-FR","@id":"https:\/\/ydrosia.com\/fr\/produit\/le-coffret-rituel\/#primaryimage","url":"https:\/\/ydrosia.com\/wp-content\/uploads\/2020\/11\/IMG_1360-2-scaled.jpeg","contentUrl":"https:\/\/ydrosia.com\/wp-content\/uploads\/2020\/11\/IMG_1360-2-scaled.jpeg","width":2048,"height":1540,"caption":"Les coffrets rituel"},{"@type":"BreadcrumbList","@id":"https:\/\/ydrosia.com\/fr\/produit\/le-coffret-rituel\/#breadcrumb","itemListElement":[{"@type":"ListItem","position":1,"name":"Home","item":"https:\/\/ydrosia.com\/fr\/"},{"@type":"ListItem","position":2,"name":"Boutique","item":"https:\/\/ydrosia.com\/fr\/shop\/"},{"@type":"ListItem","position":3,"name":"Les coffrets"}]},{"@type":"WebSite","@id":"https:\/\/ydrosia.com\/fr\/#website","url":"https:\/\/ydrosia.com\/fr\/","name":"YDROSIA","description":"Essential skincare","publisher":{"@id":"https:\/\/ydrosia.com\/fr\/#organization"},"potentialAction":[{"@type":"SearchAction","target":{"@type":"EntryPoint","urlTemplate":"https:\/\/ydrosia.com\/fr\/?s={search_term_string}"},"query-input":{"@type":"PropertyValueSpecification","valueRequired":true,"valueName":"search_term_string"}}],"inLanguage":"fr-FR"},{"@type":["Organization","Place"],"@id":"https:\/\/ydrosia.com\/fr\/#organization","name":"YDROSIA","url":"https:\/\/ydrosia.com\/fr\/","logo":{"@id":"https:\/\/ydrosia.com\/fr\/produit\/le-coffret-rituel\/#local-main-organization-logo"},"image":{"@id":"https:\/\/ydrosia.com\/fr\/produit\/le-coffret-rituel\/#local-main-organization-logo"},"sameAs":["https:\/\/www.facebook.com\/ydrosia\/","https:\/\/www.instagram.com\/ydrosiaskincare\/","https:\/\/www.linkedin.com\/company\/ydrosia","https:\/\/www.pinterest.com\/ydrosia\/","https:\/\/www.youtube.com\/channel\/UC_-zs6ZyqUVKBFGqSDyPVug"],"telephone":[],"openingHoursSpecification":[{"@type":"OpeningHoursSpecification","dayOfWeek":["Monday","Tuesday","Wednesday","Thursday","Friday","Saturday","Sunday"],"opens":"09:00","closes":"17:00"}]},{"@type":"ImageObject","inLanguage":"fr-FR","@id":"https:\/\/ydrosia.com\/fr\/produit\/le-coffret-rituel\/#local-main-organization-logo","url":"https:\/\/ydrosia.com\/wp-content\/uploads\/2021\/10\/BE-MIST.jpg","contentUrl":"https:\/\/ydrosia.com\/wp-content\/uploads\/2021\/10\/BE-MIST.jpg","width":1080,"height":1080,"caption":"YDROSIA"}]},"og_availability":"out of stock","product_availability":"out of stock","product_retailer_item_id":"05430001813043","product_condition":"new"},"jetpack_sharing_enabled":true,"_links":{"self":[{"href":"https:\/\/ydrosia.com\/fr\/wp-json\/wp\/v2\/product\/7180","targetHints":{"allow":["GET"]}}],"collection":[{"href":"https:\/\/ydrosia.com\/fr\/wp-json\/wp\/v2\/product"}],"about":[{"href":"https:\/\/ydrosia.com\/fr\/wp-json\/wp\/v2\/types\/product"}],"replies":[{"embeddable":true,"href":"https:\/\/ydrosia.com\/fr\/wp-json\/wp\/v2\/comments?post=7180"}],"wp:featuredmedia":[{"embeddable":true,"href":"https:\/\/ydrosia.com\/fr\/wp-json\/wp\/v2\/media\/10141"}],"wp:attachment":[{"href":"https:\/\/ydrosia.com\/fr\/wp-json\/wp\/v2\/media?parent=7180"}],"wp:term":[{"taxonomy":"product_brand","embeddable":true,"href":"https:\/\/ydrosia.com\/fr\/wp-json\/wp\/v2\/product_brand?post=7180"},{"taxonomy":"product_cat","embeddable":true,"href":"https:\/\/ydrosia.com\/fr\/wp-json\/wp\/v2\/product_cat?post=7180"},{"taxonomy":"product_tag","embeddable":true,"href":"https:\/\/ydrosia.com\/fr\/wp-json\/wp\/v2\/product_tag?post=7180"}],"curies":[{"name":"wp","href":"https:\/\/api.w.org\/{rel}","templated":true}]}}