{"id":7179,"date":"2020-11-04T21:35:57","date_gmt":"2020-11-04T20:35:57","guid":{"rendered":"https:\/\/ydrosia.com\/?post_type=product&#038;p=7179"},"modified":"2026-03-10T19:05:24","modified_gmt":"2026-03-10T18:05:24","slug":"brosse-visage","status":"publish","type":"product","link":"https:\/\/ydrosia.com\/fr\/produit\/brosse-visage\/","title":{"rendered":"La Brosse visage"},"content":{"rendered":"<p>La brosse visage pour le brossage \u00e0 sec est un accessoire indispensable qui permet de retrouver <strong>un teint lumineux, ainsi qu&#8217;une une peau douce et lisse.<\/strong><\/p>\n<h4>De nombreux b\u00e9n\u00e9fices pour la peau.<\/h4>\n<p>Le brossage \u00e0 sec, excellent pour le corps, est aussi tr\u00e8s efficace sur la peau d\u00e9licate du visage. En effet, il offre de nombreux b\u00e9n\u00e9fices \u00e0 votre peau et rend votre rituel beaut\u00e9 facile et efficace :<\/p>\n<ul>\n<li><strong>D\u00e9toxifie <\/strong>l&#8217;\u00e9piderme en boostant le syst\u00e8me lymphatique (pr\u00e9sent dans tout le corps et qui se charge en partie de l\u2019\u00e9limination des d\u00e9chets de notre organisme). Ainsi, il permet d&#8217;obtenir, un teint plus lumineux, une peau plus douce.<\/li>\n<li>Stimule la circulation sanguine et <strong>la production de collag\u00e8ne<\/strong>.<\/li>\n<li>Exfolie la peau, \u00e9limine les cellules mortes et <strong>rend vos soins plus efficaces.<\/strong><\/li>\n<\/ul>\n<h4>Un rituel all\u00e9g\u00e9.<\/h4>\n<p>Il convient tr\u00e8s bien \u00e0 toutes les peaux et s&#8217;int\u00e8gre parfaitement \u00e0 la routine beaut\u00e9 YDROSIA.<\/p>\n<ul>\n<li>Le matin, au r\u00e9veil avant d&#8217;appliquer votre soin.<\/li>\n<li>Le soir, apr\u00e8s un d\u00e9maquillage minutieux, avant de vaporiser <a href=\"https:\/\/ydrosia.com\/fr\/produit\/essence-detox-vitalite\/\">le soin d\u00e9tox<\/a>.<\/li>\n<\/ul>\n<h4>Un teint plus lumineux.<\/h4>\n<p>La brosse visage, utilis\u00e9e r\u00e9guli\u00e8rement, am\u00e9liore visiblement la qualit\u00e9 de la peau et all\u00e8ge la routine beaut\u00e9.<\/p>\n<p>Alors on s&#8217;y met !\u00a0 Car, c&#8217;est plus simple qu&#8217;un long rituel et \u00e7a r\u00e9veille notre beaut\u00e9 naturelle !<\/p>\n<p>On en profite pour vous rappeler <strong>les lignes du massages du visage<\/strong> \u00e0 respecter : de l&#8217;int\u00e9rieur vers l&#8217;ext\u00e9rieur du visage en d\u00e9marrant par le cou, si souvent d\u00e9laiss\u00e9. Il faut proc\u00e9der par effleurages pour d\u00e9buter puis augmenter la pression au fil des s\u00e9ances. Le brossage \u00e0 sec doit toujours se faire sur une peau propre et saine. Attention, \u00e0 ne pas brosser le contour des yeux.<\/p>\n<p>Enfin, choisissez votre brosse en fonction de votre peau. Les poils de ch\u00e8vre sont r\u00e9serv\u00e9s aux peaux sensibles, ceux de sanglier \u00e0 toutes les autres.<\/p>\n<p>Vous trouverez la brosse visage pour le brossage \u00e0 sec dans le coffret <em>la routine beaut\u00e9 naturelle <a href=\"https:\/\/ydrosia.com\/fr\/produit\/le-coffret-rituel\/\">ici<\/a><\/em><\/p>\n","protected":false},"excerpt":{"rendered":"<p><strong>Brosser le visage \u00e0 sec, un geste riche de bienfaits.<\/strong><\/p>\n<p><strong>TWIST YOUR BEAUTY ROUTINE !<\/strong><\/p>\n<p>Une habitude qui all\u00e8ge votre routine beaut\u00e9 et qui permet de retrouver un teint frais, lumineux et une peau toute douce.<\/p>\n<p>De fabrication artisanale, la brosse visage pour le brossage \u00e0 sec est en bois de h\u00eatre huil\u00e9 100% FSC (For\u00eat g\u00e9r\u00e9e de mani\u00e8re durable) et ses poils sont naturels. Elle r\u00e9pond \u00e0 nos exigences et \u00e0 <strong><em><a href=\"https:\/\/ydrosia.com\/fr\/nos-engagements\/\">nos engagements<\/a><\/em><\/strong>.<\/p>\n<p>Notre brosse visage pour le brossage \u00e0 sec est fabriqu\u00e9e en Allemagne en pleine For\u00eat Noire. Elle est marqu\u00e9e du sigle de notre marque. Elle est disponible en soie de sanglier ou en soie de ch\u00e8vre pour les peaux sensibles. Elle est unique par sa qualit\u00e9 de fabrication et son empreinte environnementale.<\/p>\n<p>Pratique, elle s&#8217;emporte partout avec l&#8217;<a href=\"https:\/\/ydrosia.com\/fr\/produit\/essence-detox-vitalite\/\">Essence D\u00e9tox Vitalit\u00e9<\/a> dans la jolie <a href=\"https:\/\/ydrosia.com\/fr\/produit\/la-pochette\/\">pochette<\/a> r\u00e9alis\u00e9e par KOTTON.<\/p>\n<p>Pour tout connaitre sur le brossage \u00e0 sec, rendez-vous dans notre Beauty Room par <a href=\"https:\/\/ydrosia.com\/fr\/le-brossage\/\" target=\"_blank\" rel=\"noopener\">ici<\/a>.<\/p>\n","protected":false},"featured_media":7186,"comment_status":"open","ping_status":"closed","template":"","meta":[],"product_brand":[],"product_cat":[94],"product_tag":[],"class_list":{"0":"post-7179","1":"product","2":"type-product","3":"status-publish","4":"has-post-thumbnail","6":"product_cat-soins","7":"product_shipping_class-enveloppe","9":"first","10":"outofstock","11":"shipping-taxable","12":"purchasable","13":"product-type-variable"},"yoast_head":"<!-- This site is optimized with the Yoast SEO Premium plugin v26.3 (Yoast SEO v27.4) - https:\/\/yoast.com\/product\/yoast-seo-premium-wordpress\/ -->\n<title>La Brosse visage - YDROSIA<\/title>\n<meta name=\"description\" content=\"Une brosse pour brosser votre visage \u00e0 sec. De fabrication artisanale, elle est marqu\u00e9e du sigle de notre marque et s&#039;emporte partout.\" \/>\n<meta name=\"robots\" content=\"index, follow, max-snippet:-1, max-image-preview:large, max-video-preview:-1\" \/>\n<link rel=\"canonical\" href=\"https:\/\/ydrosia.com\/fr\/produit\/brosse-visage\/\" \/>\n<meta property=\"og:locale\" content=\"fr_FR\" \/>\n<meta property=\"og:type\" content=\"article\" \/>\n<meta property=\"og:title\" content=\"La Brosse visage\" \/>\n<meta property=\"og:description\" content=\"Une brosse pour brosser votre visage \u00e0 sec. De fabrication artisanale, elle est marqu\u00e9e du sigle de notre marque et s&#039;emporte partout.\" \/>\n<meta property=\"og:url\" content=\"https:\/\/ydrosia.com\/fr\/produit\/brosse-visage\/\" \/>\n<meta property=\"og:site_name\" content=\"YDROSIA\" \/>\n<meta property=\"article:publisher\" content=\"https:\/\/www.facebook.com\/ydrosia\/\" \/>\n<meta property=\"article:modified_time\" content=\"2026-03-10T18:05:24+00:00\" \/>\n<meta property=\"og:image\" content=\"https:\/\/ydrosia.com\/wp-content\/uploads\/2020\/11\/YDROSIA2070-scaled-e1616345604686.jpg\" \/>\n\t<meta property=\"og:image:width\" content=\"1080\" \/>\n\t<meta property=\"og:image:height\" content=\"1424\" \/>\n\t<meta property=\"og:image:type\" content=\"image\/jpeg\" \/>\n<meta name=\"twitter:card\" content=\"summary_large_image\" \/>\n<meta name=\"twitter:label1\" content=\"Disponibilit\u00e9\" \/>\n\t<meta name=\"twitter:data1\" content=\"Rupture de stock\" \/>\n<script type=\"application\/ld+json\" class=\"yoast-schema-graph\">{\"@context\":\"https:\\\/\\\/schema.org\",\"@graph\":[{\"@type\":\"WebPage\",\"@id\":\"https:\\\/\\\/ydrosia.com\\\/fr\\\/produit\\\/brosse-visage\\\/\",\"url\":\"https:\\\/\\\/ydrosia.com\\\/fr\\\/produit\\\/brosse-visage\\\/\",\"name\":\"La Brosse visage - YDROSIA\",\"isPartOf\":{\"@id\":\"https:\\\/\\\/ydrosia.com\\\/fr\\\/#website\"},\"primaryImageOfPage\":{\"@id\":\"https:\\\/\\\/ydrosia.com\\\/fr\\\/produit\\\/brosse-visage\\\/#primaryimage\"},\"image\":{\"@id\":\"https:\\\/\\\/ydrosia.com\\\/fr\\\/produit\\\/brosse-visage\\\/#primaryimage\"},\"thumbnailUrl\":\"https:\\\/\\\/ydrosia.com\\\/wp-content\\\/uploads\\\/2020\\\/11\\\/YDROSIA2070-scaled-e1616345604686.jpg\",\"datePublished\":\"2020-11-04T20:35:57+00:00\",\"dateModified\":\"2026-03-10T18:05:24+00:00\",\"description\":\"Une brosse pour brosser votre visage \u00e0 sec. De fabrication artisanale, elle est marqu\u00e9e du sigle de notre marque et s'emporte partout.\",\"breadcrumb\":{\"@id\":\"https:\\\/\\\/ydrosia.com\\\/fr\\\/produit\\\/brosse-visage\\\/#breadcrumb\"},\"inLanguage\":\"fr-FR\",\"potentialAction\":[{\"@type\":\"ReadAction\",\"target\":[\"https:\\\/\\\/ydrosia.com\\\/fr\\\/produit\\\/brosse-visage\\\/\"]}]},{\"@type\":\"ImageObject\",\"inLanguage\":\"fr-FR\",\"@id\":\"https:\\\/\\\/ydrosia.com\\\/fr\\\/produit\\\/brosse-visage\\\/#primaryimage\",\"url\":\"https:\\\/\\\/ydrosia.com\\\/wp-content\\\/uploads\\\/2020\\\/11\\\/YDROSIA2070-scaled-e1616345604686.jpg\",\"contentUrl\":\"https:\\\/\\\/ydrosia.com\\\/wp-content\\\/uploads\\\/2020\\\/11\\\/YDROSIA2070-scaled-e1616345604686.jpg\",\"width\":1080,\"height\":1424,\"caption\":\"Brosse visage\"},{\"@type\":\"BreadcrumbList\",\"@id\":\"https:\\\/\\\/ydrosia.com\\\/fr\\\/produit\\\/brosse-visage\\\/#breadcrumb\",\"itemListElement\":[{\"@type\":\"ListItem\",\"position\":1,\"name\":\"Home\",\"item\":\"https:\\\/\\\/ydrosia.com\\\/fr\\\/\"},{\"@type\":\"ListItem\",\"position\":2,\"name\":\"Boutique\",\"item\":\"https:\\\/\\\/ydrosia.com\\\/fr\\\/shop\\\/\"},{\"@type\":\"ListItem\",\"position\":3,\"name\":\"La Brosse visage\"}]},{\"@type\":\"WebSite\",\"@id\":\"https:\\\/\\\/ydrosia.com\\\/fr\\\/#website\",\"url\":\"https:\\\/\\\/ydrosia.com\\\/fr\\\/\",\"name\":\"YDROSIA\",\"description\":\"Essential skincare\",\"publisher\":{\"@id\":\"https:\\\/\\\/ydrosia.com\\\/fr\\\/#organization\"},\"potentialAction\":[{\"@type\":\"SearchAction\",\"target\":{\"@type\":\"EntryPoint\",\"urlTemplate\":\"https:\\\/\\\/ydrosia.com\\\/fr\\\/?s={search_term_string}\"},\"query-input\":{\"@type\":\"PropertyValueSpecification\",\"valueRequired\":true,\"valueName\":\"search_term_string\"}}],\"inLanguage\":\"fr-FR\"},{\"@type\":[\"Organization\",\"Place\"],\"@id\":\"https:\\\/\\\/ydrosia.com\\\/fr\\\/#organization\",\"name\":\"YDROSIA\",\"url\":\"https:\\\/\\\/ydrosia.com\\\/fr\\\/\",\"logo\":{\"@id\":\"https:\\\/\\\/ydrosia.com\\\/fr\\\/produit\\\/brosse-visage\\\/#local-main-organization-logo\"},\"image\":{\"@id\":\"https:\\\/\\\/ydrosia.com\\\/fr\\\/produit\\\/brosse-visage\\\/#local-main-organization-logo\"},\"sameAs\":[\"https:\\\/\\\/www.facebook.com\\\/ydrosia\\\/\",\"https:\\\/\\\/www.instagram.com\\\/ydrosiaskincare\\\/\",\"https:\\\/\\\/www.linkedin.com\\\/company\\\/ydrosia\",\"https:\\\/\\\/www.pinterest.com\\\/ydrosia\\\/\",\"https:\\\/\\\/www.youtube.com\\\/channel\\\/UC_-zs6ZyqUVKBFGqSDyPVug\"],\"telephone\":[],\"openingHoursSpecification\":[{\"@type\":\"OpeningHoursSpecification\",\"dayOfWeek\":[\"Monday\",\"Tuesday\",\"Wednesday\",\"Thursday\",\"Friday\",\"Saturday\",\"Sunday\"],\"opens\":\"09:00\",\"closes\":\"17:00\"}]},{\"@type\":\"ImageObject\",\"inLanguage\":\"fr-FR\",\"@id\":\"https:\\\/\\\/ydrosia.com\\\/fr\\\/produit\\\/brosse-visage\\\/#local-main-organization-logo\",\"url\":\"https:\\\/\\\/ydrosia.com\\\/wp-content\\\/uploads\\\/2021\\\/10\\\/BE-MIST.jpg\",\"contentUrl\":\"https:\\\/\\\/ydrosia.com\\\/wp-content\\\/uploads\\\/2021\\\/10\\\/BE-MIST.jpg\",\"width\":1080,\"height\":1080,\"caption\":\"YDROSIA\"}]}<\/script>\n<meta property=\"og:availability\" content=\"out of stock\" \/>\n<meta property=\"product:availability\" content=\"out of stock\" \/>\n<meta property=\"product:retailer_item_id\" content=\"05430001813029\" \/>\n<meta property=\"product:condition\" content=\"new\" \/>\n<!-- \/ Yoast SEO Premium plugin. -->","yoast_head_json":{"title":"La Brosse visage - YDROSIA","description":"Une brosse pour brosser votre visage \u00e0 sec. De fabrication artisanale, elle est marqu\u00e9e du sigle de notre marque et s'emporte partout.","robots":{"index":"index","follow":"follow","max-snippet":"max-snippet:-1","max-image-preview":"max-image-preview:large","max-video-preview":"max-video-preview:-1"},"canonical":"https:\/\/ydrosia.com\/fr\/produit\/brosse-visage\/","og_locale":"fr_FR","og_type":"article","og_title":"La Brosse visage","og_description":"Une brosse pour brosser votre visage \u00e0 sec. De fabrication artisanale, elle est marqu\u00e9e du sigle de notre marque et s'emporte partout.","og_url":"https:\/\/ydrosia.com\/fr\/produit\/brosse-visage\/","og_site_name":"YDROSIA","article_publisher":"https:\/\/www.facebook.com\/ydrosia\/","article_modified_time":"2026-03-10T18:05:24+00:00","og_image":[{"width":1080,"height":1424,"url":"https:\/\/ydrosia.com\/wp-content\/uploads\/2020\/11\/YDROSIA2070-scaled-e1616345604686.jpg","type":"image\/jpeg"}],"twitter_card":"summary_large_image","twitter_misc":{"Disponibilit\u00e9":"Rupture de stock"},"schema":{"@context":"https:\/\/schema.org","@graph":[{"@type":"WebPage","@id":"https:\/\/ydrosia.com\/fr\/produit\/brosse-visage\/","url":"https:\/\/ydrosia.com\/fr\/produit\/brosse-visage\/","name":"La Brosse visage - YDROSIA","isPartOf":{"@id":"https:\/\/ydrosia.com\/fr\/#website"},"primaryImageOfPage":{"@id":"https:\/\/ydrosia.com\/fr\/produit\/brosse-visage\/#primaryimage"},"image":{"@id":"https:\/\/ydrosia.com\/fr\/produit\/brosse-visage\/#primaryimage"},"thumbnailUrl":"https:\/\/ydrosia.com\/wp-content\/uploads\/2020\/11\/YDROSIA2070-scaled-e1616345604686.jpg","datePublished":"2020-11-04T20:35:57+00:00","dateModified":"2026-03-10T18:05:24+00:00","description":"Une brosse pour brosser votre visage \u00e0 sec. De fabrication artisanale, elle est marqu\u00e9e du sigle de notre marque et s'emporte partout.","breadcrumb":{"@id":"https:\/\/ydrosia.com\/fr\/produit\/brosse-visage\/#breadcrumb"},"inLanguage":"fr-FR","potentialAction":[{"@type":"ReadAction","target":["https:\/\/ydrosia.com\/fr\/produit\/brosse-visage\/"]}]},{"@type":"ImageObject","inLanguage":"fr-FR","@id":"https:\/\/ydrosia.com\/fr\/produit\/brosse-visage\/#primaryimage","url":"https:\/\/ydrosia.com\/wp-content\/uploads\/2020\/11\/YDROSIA2070-scaled-e1616345604686.jpg","contentUrl":"https:\/\/ydrosia.com\/wp-content\/uploads\/2020\/11\/YDROSIA2070-scaled-e1616345604686.jpg","width":1080,"height":1424,"caption":"Brosse visage"},{"@type":"BreadcrumbList","@id":"https:\/\/ydrosia.com\/fr\/produit\/brosse-visage\/#breadcrumb","itemListElement":[{"@type":"ListItem","position":1,"name":"Home","item":"https:\/\/ydrosia.com\/fr\/"},{"@type":"ListItem","position":2,"name":"Boutique","item":"https:\/\/ydrosia.com\/fr\/shop\/"},{"@type":"ListItem","position":3,"name":"La Brosse visage"}]},{"@type":"WebSite","@id":"https:\/\/ydrosia.com\/fr\/#website","url":"https:\/\/ydrosia.com\/fr\/","name":"YDROSIA","description":"Essential skincare","publisher":{"@id":"https:\/\/ydrosia.com\/fr\/#organization"},"potentialAction":[{"@type":"SearchAction","target":{"@type":"EntryPoint","urlTemplate":"https:\/\/ydrosia.com\/fr\/?s={search_term_string}"},"query-input":{"@type":"PropertyValueSpecification","valueRequired":true,"valueName":"search_term_string"}}],"inLanguage":"fr-FR"},{"@type":["Organization","Place"],"@id":"https:\/\/ydrosia.com\/fr\/#organization","name":"YDROSIA","url":"https:\/\/ydrosia.com\/fr\/","logo":{"@id":"https:\/\/ydrosia.com\/fr\/produit\/brosse-visage\/#local-main-organization-logo"},"image":{"@id":"https:\/\/ydrosia.com\/fr\/produit\/brosse-visage\/#local-main-organization-logo"},"sameAs":["https:\/\/www.facebook.com\/ydrosia\/","https:\/\/www.instagram.com\/ydrosiaskincare\/","https:\/\/www.linkedin.com\/company\/ydrosia","https:\/\/www.pinterest.com\/ydrosia\/","https:\/\/www.youtube.com\/channel\/UC_-zs6ZyqUVKBFGqSDyPVug"],"telephone":[],"openingHoursSpecification":[{"@type":"OpeningHoursSpecification","dayOfWeek":["Monday","Tuesday","Wednesday","Thursday","Friday","Saturday","Sunday"],"opens":"09:00","closes":"17:00"}]},{"@type":"ImageObject","inLanguage":"fr-FR","@id":"https:\/\/ydrosia.com\/fr\/produit\/brosse-visage\/#local-main-organization-logo","url":"https:\/\/ydrosia.com\/wp-content\/uploads\/2021\/10\/BE-MIST.jpg","contentUrl":"https:\/\/ydrosia.com\/wp-content\/uploads\/2021\/10\/BE-MIST.jpg","width":1080,"height":1080,"caption":"YDROSIA"}]},"og_availability":"out of stock","product_availability":"out of stock","product_retailer_item_id":"05430001813029","product_condition":"new"},"jetpack_sharing_enabled":true,"_links":{"self":[{"href":"https:\/\/ydrosia.com\/fr\/wp-json\/wp\/v2\/product\/7179","targetHints":{"allow":["GET"]}}],"collection":[{"href":"https:\/\/ydrosia.com\/fr\/wp-json\/wp\/v2\/product"}],"about":[{"href":"https:\/\/ydrosia.com\/fr\/wp-json\/wp\/v2\/types\/product"}],"replies":[{"embeddable":true,"href":"https:\/\/ydrosia.com\/fr\/wp-json\/wp\/v2\/comments?post=7179"}],"wp:featuredmedia":[{"embeddable":true,"href":"https:\/\/ydrosia.com\/fr\/wp-json\/wp\/v2\/media\/7186"}],"wp:attachment":[{"href":"https:\/\/ydrosia.com\/fr\/wp-json\/wp\/v2\/media?parent=7179"}],"wp:term":[{"taxonomy":"product_brand","embeddable":true,"href":"https:\/\/ydrosia.com\/fr\/wp-json\/wp\/v2\/product_brand?post=7179"},{"taxonomy":"product_cat","embeddable":true,"href":"https:\/\/ydrosia.com\/fr\/wp-json\/wp\/v2\/product_cat?post=7179"},{"taxonomy":"product_tag","embeddable":true,"href":"https:\/\/ydrosia.com\/fr\/wp-json\/wp\/v2\/product_tag?post=7179"}],"curies":[{"name":"wp","href":"https:\/\/api.w.org\/{rel}","templated":true}]}}