{"id":7124,"date":"2020-10-29T08:54:31","date_gmt":"2020-10-29T07:54:31","guid":{"rendered":"https:\/\/ydrosia.com\/produit\/carte-cadeau\/"},"modified":"2026-03-10T19:07:11","modified_gmt":"2026-03-10T18:07:11","slug":"carte-cadeau","status":"publish","type":"product","link":"https:\/\/ydrosia.com\/fr\/produit\/carte-cadeau\/","title":{"rendered":"La carte cadeau YDROSIA"},"content":{"rendered":"<p>La carte cadeau YDROSIA, vous permet d&#8217;offrir un soin, un soin et sa recharge, un DUO, un <a href=\"\/fr?p=8853\">coaching beaut\u00e9<\/a>, une brosse&#8230;<\/p>\n<p>C&#8217;est comme vous voulez !<\/p>\n<p>Il vous suffit de choisir le montant du bon cadeau, et nous l&#8217;exp\u00e9dions par mail, ou par courrier postal dans une jolie enveloppe \u00e0 votre destinataire.<\/p>\n<p><strong>Pour vous remercier de votre partage, \u00e0 l&#8217;achat d&#8217;une carte cadeau YDROSIA \u00e0 partir de 100\u20ac, vous recevrez un bonus de 10\u20ac. Vous pourrez vous en servir lors de votre prochaine commande.<\/strong><\/p>\n<ul>\n<li>Vous voulez offrir la <a href=\"https:\/\/ydrosia.com\/fr\/produit\/brosse-visage\/\">brosse visage<\/a> ? Choisissez le bon cadeau \u00e0 19\u20ac<\/li>\n<li>Une <a href=\"https:\/\/ydrosia.com\/fr\/produit\/essence-detox-vitalite\/\">Essence D\u00e9tox Vitalit\u00e9<\/a>\u00a0? Choisissez le bon \u00e0 59\u20ac<\/li>\n<li>Un <a href=\"https:\/\/ydrosia.com\/fr\/produit\/elixir-antioxydant\/\">Elixir Antioxydant <\/a>? Choisissez le bon \u00e0 54\u20ac<\/li>\n<li>Un <a href=\"https:\/\/ydrosia.com\/fr\/produit\/le-duo-essence-detox-vitalite-et-l-elixir-antioxydant-pour-un-teint-eclatant\/\">DUO<\/a> (compos\u00e9 d&#8217;une Essence D\u00e9tox Vitalit\u00e9 et d&#8217;un Elixir Antioxydant)\u00a0 ? Choisissez le bon \u00e0 110\u20ac&#8230;<\/li>\n<li>Un <a href=\"\/fr?p=8853\">coaching beaut\u00e9<\/a> ? Choisissez le bon \u00e0 80\u20ac<\/li>\n<li>Un <a href=\"\/fr?p=9050\">diagnostic Peau &amp; Salle de Bain<\/a> ? Celui \u00e0 149\u20ac<\/li>\n<\/ul>\n<p>La carte cadeau YDROSIA est valable 1 an \u00e0 partir de la date de son \u00e9mission. Elle s&#8217;utilise uniquement sur notre site <a href=\"https:\/\/ydrosia.com\/fr\/produit\/carte-cadeau\/\">www.ydrosia.com<\/a><\/p>\n<p>Une question ? contactez nous : <a href=\"mailto:hello@ydrosia.com\">hello@ydrosia.com<\/a><\/p>\n","protected":false},"excerpt":{"rendered":"<h4>LA CARTE CADEAU YDROSIA<\/h4>\n<p>Le cadeau jolie peau qui fait toujours plaisir !<\/p>\n<p>Le montant de votre choix, un joli bon, le plaisir de partager votre d\u00e9couverte et de faire un cadeau respectueux.<\/p>\n<p><strong>Pour vous remercier de votre partage nous vous offrons un bonus de 10\u20ac \u00e0 l&#8217;achat d&#8217;un bon cadeau \u00e0 partir de 100\u20ac valable lors de votre prochaine visite.<\/strong><\/p>\n<p>Vous choisissez le montant du bon cadeau et nous nous occupons de le faire parvenir \u00e0 votre destinataire.<\/p>\n","protected":false},"featured_media":7138,"comment_status":"open","ping_status":"closed","template":"","meta":[],"product_brand":[],"product_cat":[94],"product_tag":[279,280],"class_list":{"0":"post-7124","1":"product","2":"type-product","3":"status-publish","4":"has-post-thumbnail","6":"product_cat-soins","7":"product_tag-cadeau","8":"product_tag-carte-cadeau","9":"product_shipping_class-gift-card","11":"first","12":"instock","13":"purchasable","14":"product-type-pw-gift-card"},"yoast_head":"<!-- This site is optimized with the Yoast SEO Premium plugin v26.3 (Yoast SEO v27.4) - https:\/\/yoast.com\/product\/yoast-seo-premium-wordpress\/ -->\n<title>La carte cadeau YDROSIA<\/title>\n<meta name=\"description\" content=\"La carte cadeau YDROSIA, vous permet d&#039;offrir un soin, une brosse visage, un coaching, ou une routine compl\u00e8te. C&#039;est comme vous voulez !\" \/>\n<meta name=\"robots\" content=\"index, follow, max-snippet:-1, max-image-preview:large, max-video-preview:-1\" \/>\n<link rel=\"canonical\" href=\"https:\/\/ydrosia.com\/fr\/produit\/carte-cadeau\/\" \/>\n<meta property=\"og:locale\" content=\"fr_FR\" \/>\n<meta property=\"og:type\" content=\"article\" \/>\n<meta property=\"og:title\" content=\"La carte cadeau YDROSIA\" \/>\n<meta property=\"og:description\" content=\"La carte cadeau YDROSIA, vous permet d&#039;offrir un soin, une brosse visage, un coaching, ou une routine compl\u00e8te. C&#039;est comme vous voulez !\" \/>\n<meta property=\"og:url\" content=\"https:\/\/ydrosia.com\/fr\/produit\/carte-cadeau\/\" \/>\n<meta property=\"og:site_name\" content=\"YDROSIA\" \/>\n<meta property=\"article:publisher\" content=\"https:\/\/www.facebook.com\/ydrosia\/\" \/>\n<meta property=\"article:modified_time\" content=\"2026-03-10T18:07:11+00:00\" \/>\n<meta property=\"og:image\" content=\"https:\/\/ydrosia.com\/wp-content\/uploads\/2020\/10\/shutterstock_1203193555-e1603971538904.jpg\" \/>\n\t<meta property=\"og:image:width\" content=\"667\" \/>\n\t<meta property=\"og:image:height\" content=\"592\" \/>\n\t<meta property=\"og:image:type\" content=\"image\/jpeg\" \/>\n<meta name=\"twitter:card\" content=\"summary_large_image\" \/>\n<meta name=\"twitter:label1\" content=\"Prix\" \/>\n\t<meta name=\"twitter:data1\" content=\"19,00&nbsp;&euro;\" \/>\n\t<meta name=\"twitter:label2\" content=\"Disponibilit\u00e9\" \/>\n\t<meta name=\"twitter:data2\" content=\"En stock\" \/>\n<script type=\"application\/ld+json\" class=\"yoast-schema-graph\">{\"@context\":\"https:\\\/\\\/schema.org\",\"@graph\":[{\"@type\":\"WebPage\",\"@id\":\"https:\\\/\\\/ydrosia.com\\\/fr\\\/produit\\\/carte-cadeau\\\/\",\"url\":\"https:\\\/\\\/ydrosia.com\\\/fr\\\/produit\\\/carte-cadeau\\\/\",\"name\":\"La carte cadeau YDROSIA\",\"isPartOf\":{\"@id\":\"https:\\\/\\\/ydrosia.com\\\/fr\\\/#website\"},\"primaryImageOfPage\":{\"@id\":\"https:\\\/\\\/ydrosia.com\\\/fr\\\/produit\\\/carte-cadeau\\\/#primaryimage\"},\"image\":{\"@id\":\"https:\\\/\\\/ydrosia.com\\\/fr\\\/produit\\\/carte-cadeau\\\/#primaryimage\"},\"thumbnailUrl\":\"https:\\\/\\\/ydrosia.com\\\/wp-content\\\/uploads\\\/2020\\\/10\\\/shutterstock_1203193555-e1603971538904.jpg\",\"datePublished\":\"2020-10-29T07:54:31+00:00\",\"dateModified\":\"2026-03-10T18:07:11+00:00\",\"description\":\"La carte cadeau YDROSIA, vous permet d'offrir un soin, une brosse visage, un coaching, ou une routine compl\u00e8te. C'est comme vous voulez !\",\"breadcrumb\":{\"@id\":\"https:\\\/\\\/ydrosia.com\\\/fr\\\/produit\\\/carte-cadeau\\\/#breadcrumb\"},\"inLanguage\":\"fr-FR\",\"potentialAction\":[{\"@type\":\"ReadAction\",\"target\":[\"https:\\\/\\\/ydrosia.com\\\/fr\\\/produit\\\/carte-cadeau\\\/\"]}]},{\"@type\":\"ImageObject\",\"inLanguage\":\"fr-FR\",\"@id\":\"https:\\\/\\\/ydrosia.com\\\/fr\\\/produit\\\/carte-cadeau\\\/#primaryimage\",\"url\":\"https:\\\/\\\/ydrosia.com\\\/wp-content\\\/uploads\\\/2020\\\/10\\\/shutterstock_1203193555-e1603971538904.jpg\",\"contentUrl\":\"https:\\\/\\\/ydrosia.com\\\/wp-content\\\/uploads\\\/2020\\\/10\\\/shutterstock_1203193555-e1603971538904.jpg\",\"width\":667,\"height\":592,\"caption\":\"Carte Cadeau\"},{\"@type\":\"BreadcrumbList\",\"@id\":\"https:\\\/\\\/ydrosia.com\\\/fr\\\/produit\\\/carte-cadeau\\\/#breadcrumb\",\"itemListElement\":[{\"@type\":\"ListItem\",\"position\":1,\"name\":\"Home\",\"item\":\"https:\\\/\\\/ydrosia.com\\\/fr\\\/\"},{\"@type\":\"ListItem\",\"position\":2,\"name\":\"Boutique\",\"item\":\"https:\\\/\\\/ydrosia.com\\\/fr\\\/shop\\\/\"},{\"@type\":\"ListItem\",\"position\":3,\"name\":\"La carte cadeau YDROSIA\"}]},{\"@type\":\"WebSite\",\"@id\":\"https:\\\/\\\/ydrosia.com\\\/fr\\\/#website\",\"url\":\"https:\\\/\\\/ydrosia.com\\\/fr\\\/\",\"name\":\"YDROSIA\",\"description\":\"Essential skincare\",\"publisher\":{\"@id\":\"https:\\\/\\\/ydrosia.com\\\/fr\\\/#organization\"},\"potentialAction\":[{\"@type\":\"SearchAction\",\"target\":{\"@type\":\"EntryPoint\",\"urlTemplate\":\"https:\\\/\\\/ydrosia.com\\\/fr\\\/?s={search_term_string}\"},\"query-input\":{\"@type\":\"PropertyValueSpecification\",\"valueRequired\":true,\"valueName\":\"search_term_string\"}}],\"inLanguage\":\"fr-FR\"},{\"@type\":[\"Organization\",\"Place\"],\"@id\":\"https:\\\/\\\/ydrosia.com\\\/fr\\\/#organization\",\"name\":\"YDROSIA\",\"url\":\"https:\\\/\\\/ydrosia.com\\\/fr\\\/\",\"logo\":{\"@id\":\"https:\\\/\\\/ydrosia.com\\\/fr\\\/produit\\\/carte-cadeau\\\/#local-main-organization-logo\"},\"image\":{\"@id\":\"https:\\\/\\\/ydrosia.com\\\/fr\\\/produit\\\/carte-cadeau\\\/#local-main-organization-logo\"},\"sameAs\":[\"https:\\\/\\\/www.facebook.com\\\/ydrosia\\\/\",\"https:\\\/\\\/www.instagram.com\\\/ydrosiaskincare\\\/\",\"https:\\\/\\\/www.linkedin.com\\\/company\\\/ydrosia\",\"https:\\\/\\\/www.pinterest.com\\\/ydrosia\\\/\",\"https:\\\/\\\/www.youtube.com\\\/channel\\\/UC_-zs6ZyqUVKBFGqSDyPVug\"],\"telephone\":[],\"openingHoursSpecification\":[{\"@type\":\"OpeningHoursSpecification\",\"dayOfWeek\":[\"Monday\",\"Tuesday\",\"Wednesday\",\"Thursday\",\"Friday\",\"Saturday\",\"Sunday\"],\"opens\":\"09:00\",\"closes\":\"17:00\"}]},{\"@type\":\"ImageObject\",\"inLanguage\":\"fr-FR\",\"@id\":\"https:\\\/\\\/ydrosia.com\\\/fr\\\/produit\\\/carte-cadeau\\\/#local-main-organization-logo\",\"url\":\"https:\\\/\\\/ydrosia.com\\\/wp-content\\\/uploads\\\/2021\\\/10\\\/BE-MIST.jpg\",\"contentUrl\":\"https:\\\/\\\/ydrosia.com\\\/wp-content\\\/uploads\\\/2021\\\/10\\\/BE-MIST.jpg\",\"width\":1080,\"height\":1080,\"caption\":\"YDROSIA\"}]}<\/script>\n<meta property=\"product:price:amount\" content=\"19.00\" \/>\n<meta property=\"product:price:currency\" content=\"EUR\" \/>\n<meta property=\"og:availability\" content=\"instock\" \/>\n<meta property=\"product:availability\" content=\"instock\" \/>\n<meta property=\"product:retailer_item_id\" content=\"05430001813036\" \/>\n<meta property=\"product:condition\" content=\"new\" \/>\n<!-- \/ Yoast SEO Premium plugin. -->","yoast_head_json":{"title":"La carte cadeau YDROSIA","description":"La carte cadeau YDROSIA, vous permet d'offrir un soin, une brosse visage, un coaching, ou une routine compl\u00e8te. C'est comme vous voulez !","robots":{"index":"index","follow":"follow","max-snippet":"max-snippet:-1","max-image-preview":"max-image-preview:large","max-video-preview":"max-video-preview:-1"},"canonical":"https:\/\/ydrosia.com\/fr\/produit\/carte-cadeau\/","og_locale":"fr_FR","og_type":"article","og_title":"La carte cadeau YDROSIA","og_description":"La carte cadeau YDROSIA, vous permet d'offrir un soin, une brosse visage, un coaching, ou une routine compl\u00e8te. C'est comme vous voulez !","og_url":"https:\/\/ydrosia.com\/fr\/produit\/carte-cadeau\/","og_site_name":"YDROSIA","article_publisher":"https:\/\/www.facebook.com\/ydrosia\/","article_modified_time":"2026-03-10T18:07:11+00:00","og_image":[{"width":667,"height":592,"url":"https:\/\/ydrosia.com\/wp-content\/uploads\/2020\/10\/shutterstock_1203193555-e1603971538904.jpg","type":"image\/jpeg"}],"twitter_card":"summary_large_image","twitter_misc":{"Prix":"19,00&nbsp;&euro;","Disponibilit\u00e9":"En stock"},"schema":{"@context":"https:\/\/schema.org","@graph":[{"@type":"WebPage","@id":"https:\/\/ydrosia.com\/fr\/produit\/carte-cadeau\/","url":"https:\/\/ydrosia.com\/fr\/produit\/carte-cadeau\/","name":"La carte cadeau YDROSIA","isPartOf":{"@id":"https:\/\/ydrosia.com\/fr\/#website"},"primaryImageOfPage":{"@id":"https:\/\/ydrosia.com\/fr\/produit\/carte-cadeau\/#primaryimage"},"image":{"@id":"https:\/\/ydrosia.com\/fr\/produit\/carte-cadeau\/#primaryimage"},"thumbnailUrl":"https:\/\/ydrosia.com\/wp-content\/uploads\/2020\/10\/shutterstock_1203193555-e1603971538904.jpg","datePublished":"2020-10-29T07:54:31+00:00","dateModified":"2026-03-10T18:07:11+00:00","description":"La carte cadeau YDROSIA, vous permet d'offrir un soin, une brosse visage, un coaching, ou une routine compl\u00e8te. C'est comme vous voulez !","breadcrumb":{"@id":"https:\/\/ydrosia.com\/fr\/produit\/carte-cadeau\/#breadcrumb"},"inLanguage":"fr-FR","potentialAction":[{"@type":"ReadAction","target":["https:\/\/ydrosia.com\/fr\/produit\/carte-cadeau\/"]}]},{"@type":"ImageObject","inLanguage":"fr-FR","@id":"https:\/\/ydrosia.com\/fr\/produit\/carte-cadeau\/#primaryimage","url":"https:\/\/ydrosia.com\/wp-content\/uploads\/2020\/10\/shutterstock_1203193555-e1603971538904.jpg","contentUrl":"https:\/\/ydrosia.com\/wp-content\/uploads\/2020\/10\/shutterstock_1203193555-e1603971538904.jpg","width":667,"height":592,"caption":"Carte Cadeau"},{"@type":"BreadcrumbList","@id":"https:\/\/ydrosia.com\/fr\/produit\/carte-cadeau\/#breadcrumb","itemListElement":[{"@type":"ListItem","position":1,"name":"Home","item":"https:\/\/ydrosia.com\/fr\/"},{"@type":"ListItem","position":2,"name":"Boutique","item":"https:\/\/ydrosia.com\/fr\/shop\/"},{"@type":"ListItem","position":3,"name":"La carte cadeau YDROSIA"}]},{"@type":"WebSite","@id":"https:\/\/ydrosia.com\/fr\/#website","url":"https:\/\/ydrosia.com\/fr\/","name":"YDROSIA","description":"Essential skincare","publisher":{"@id":"https:\/\/ydrosia.com\/fr\/#organization"},"potentialAction":[{"@type":"SearchAction","target":{"@type":"EntryPoint","urlTemplate":"https:\/\/ydrosia.com\/fr\/?s={search_term_string}"},"query-input":{"@type":"PropertyValueSpecification","valueRequired":true,"valueName":"search_term_string"}}],"inLanguage":"fr-FR"},{"@type":["Organization","Place"],"@id":"https:\/\/ydrosia.com\/fr\/#organization","name":"YDROSIA","url":"https:\/\/ydrosia.com\/fr\/","logo":{"@id":"https:\/\/ydrosia.com\/fr\/produit\/carte-cadeau\/#local-main-organization-logo"},"image":{"@id":"https:\/\/ydrosia.com\/fr\/produit\/carte-cadeau\/#local-main-organization-logo"},"sameAs":["https:\/\/www.facebook.com\/ydrosia\/","https:\/\/www.instagram.com\/ydrosiaskincare\/","https:\/\/www.linkedin.com\/company\/ydrosia","https:\/\/www.pinterest.com\/ydrosia\/","https:\/\/www.youtube.com\/channel\/UC_-zs6ZyqUVKBFGqSDyPVug"],"telephone":[],"openingHoursSpecification":[{"@type":"OpeningHoursSpecification","dayOfWeek":["Monday","Tuesday","Wednesday","Thursday","Friday","Saturday","Sunday"],"opens":"09:00","closes":"17:00"}]},{"@type":"ImageObject","inLanguage":"fr-FR","@id":"https:\/\/ydrosia.com\/fr\/produit\/carte-cadeau\/#local-main-organization-logo","url":"https:\/\/ydrosia.com\/wp-content\/uploads\/2021\/10\/BE-MIST.jpg","contentUrl":"https:\/\/ydrosia.com\/wp-content\/uploads\/2021\/10\/BE-MIST.jpg","width":1080,"height":1080,"caption":"YDROSIA"}]},"product_price_amount":"19.00","product_price_currency":"EUR","og_availability":"instock","product_availability":"instock","product_retailer_item_id":"05430001813036","product_condition":"new"},"jetpack_sharing_enabled":true,"_links":{"self":[{"href":"https:\/\/ydrosia.com\/fr\/wp-json\/wp\/v2\/product\/7124","targetHints":{"allow":["GET"]}}],"collection":[{"href":"https:\/\/ydrosia.com\/fr\/wp-json\/wp\/v2\/product"}],"about":[{"href":"https:\/\/ydrosia.com\/fr\/wp-json\/wp\/v2\/types\/product"}],"replies":[{"embeddable":true,"href":"https:\/\/ydrosia.com\/fr\/wp-json\/wp\/v2\/comments?post=7124"}],"wp:featuredmedia":[{"embeddable":true,"href":"https:\/\/ydrosia.com\/fr\/wp-json\/wp\/v2\/media\/7138"}],"wp:attachment":[{"href":"https:\/\/ydrosia.com\/fr\/wp-json\/wp\/v2\/media?parent=7124"}],"wp:term":[{"taxonomy":"product_brand","embeddable":true,"href":"https:\/\/ydrosia.com\/fr\/wp-json\/wp\/v2\/product_brand?post=7124"},{"taxonomy":"product_cat","embeddable":true,"href":"https:\/\/ydrosia.com\/fr\/wp-json\/wp\/v2\/product_cat?post=7124"},{"taxonomy":"product_tag","embeddable":true,"href":"https:\/\/ydrosia.com\/fr\/wp-json\/wp\/v2\/product_tag?post=7124"}],"curies":[{"name":"wp","href":"https:\/\/api.w.org\/{rel}","templated":true}]}}