{"id":5714,"date":"2020-02-04T10:22:16","date_gmt":"2020-02-04T09:22:16","guid":{"rendered":"https:\/\/ydrosia.com\/?post_type=product&#038;p=5714"},"modified":"2026-02-26T09:21:18","modified_gmt":"2026-02-26T08:21:18","slug":"la-recharge-de-l-essence-detox","status":"publish","type":"product","link":"https:\/\/ydrosia.com\/fr\/produit\/la-recharge-de-l-essence-detox\/","title":{"rendered":"La recharge de l&#8217;Essence D\u00e9tox"},"content":{"rendered":"<div class=\"woocommerce-product-details__short-description\">\n<div class=\"page\" title=\"Page 1\">\n<div class=\"section\">\n<div class=\"layoutArea\">\n<div class=\"column\">\n<p>La recharge de l&#8217;Essence D\u00e9tox Vitalit\u00e9, permet de r\u00e9utiliser le spray, et de faire de belles \u00e9conomies !<\/p>\n<p>Simple, pratique, efficace. La recharge de l&#8217;Essence D\u00e9tox et sa capsule en aluminium se recycle \u00e0 100%. C&#8217;est une d\u00e9marche responsable que nous vous proposons.<\/p>\n<p>YDROSIA s&#8217;engage \u00e0 toujours choisir la solution la plus efficace et \u00e9co responsable.<\/p>\n<h5><a href=\"https:\/\/ydrosia.com\/fr\/?post_type=product&#038;p=5667\"><strong>L&#8217;essence D\u00e9tox Vitalit\u00e9<\/strong><\/a><\/h5>\n<p>L&#8217;essence d\u00e9tox vitalit\u00e9 s&#8217;utilise dans toutes les circonstances o\u00f9 la peau \u00e0 besoin de rester fraiche et hydrat\u00e9e.<\/p>\n<p>Elle pr\u00e9pare la peau \u00e0 recevoir les soins et booste leur efficacit\u00e9. Elle pr\u00e9pare au maquillage et le fixe. Elle apaise les peaux chauff\u00e9es par le soleil.<\/p>\n<p>Utilis\u00e9 quotidiennement le soin d\u00e9tox vitalit\u00e9 permet de retrouver un teint frais, une peau \u00e9quilibr\u00e9e pleine de vitalit\u00e9.<\/p>\n<p>Riche en acide hyaluronique, Alo\u00e9 V\u00e9ra et extraits de plantes antioxydantes, il r\u00e9hydrate et tonifie les \u00e9pidermes fatigu\u00e9s en manque de vitalit\u00e9.<\/p>\n<p>Le soin d\u00e9tox &#8211; vitalit\u00e9, ne contient ni huile v\u00e9g\u00e9tale ni huile essentielle. Il est exempt de parfum et d&#8217;alcool.<\/p>\n<p>Il est particuli\u00e8rement recommand\u00e9 lors des cures d\u00e9tox puisqu&#8217;il permet \u00e0 la peau de retrouver son \u00e9quilibre naturel.<\/p>\n<p>Le soin d\u00e9tox vitalit\u00e9, convient \u00e0 toutes les peaux. Il est le chouchou des peaux sensibles aux allerg\u00e8nes. Il convient particuli\u00e8rement aux femmes enceintes puisqu&#8217;il ne contient aucune huile essentielle.<\/p>\n<p style=\"text-align: center;\">\u00a099,89% du total des ingr\u00e9dients sont d\u2019origine naturelle.<br \/>\n78% du total des ingr\u00e9dients sont issus de l\u2019agriculture biologique.<\/p>\n<p style=\"text-align: center;\"><picture class=\"wp-image-6391 aligncenter\"><\/picture>Contenant : 50ml \u2013 1.7fl oz<\/p>\n<p>Plus d&#8217;info sur notre soin <a href=\"https:\/\/ydrosia.com\/fr\/produit\/essence-detox-vitalite\/\">ici<\/a><\/p>\n<\/div>\n<\/div>\n<\/div>\n<\/div>\n<\/div>\n","protected":false},"excerpt":{"rendered":"<p><em><strong>La recharge de l&#8217;Essence D\u00e9tox Vitalit\u00e9, <\/strong><\/em>permet de mani\u00e8re simple et efficace de r\u00e9duire nos d\u00e9chets et de faire de belles \u00e9conomies !<\/p>\n<p>Le flacon recharge 100% recyclable est en verre \u00e9conomique et poss\u00e8de un bouchon en aluminium.\u00a0Ainsi, vous pouvez gardez le spray de qualit\u00e9 &#8220;made in Italy&#8221; de votre ancien flacon.<\/p>\n<p>Pour bien recycler, d\u00e9posez le flacon vide dans une bulle \u00e0 verre, et jetez le bouchon en aluminium dans la poubelle avec les canettes. Des gestes simples et un peu de bon sens permettent de r\u00e9duire notre empreinte et de nous lib\u00e9rer du plastique.<\/p>\n<p style=\"text-align: center;\"><strong style=\"text-align: center;\"><a href=\"https:\/\/ydrosia.com\/nos-engagements\/?lang=fr\" target=\"_blank\" rel=\"noopener noreferrer\">NOS ENGAGEMENTS<\/a><\/strong><\/p>\n<p style=\"text-align: center;\"><!--more--><\/p>\n<p style=\"text-align: center;\">\n","protected":false},"featured_media":7861,"comment_status":"open","ping_status":"closed","template":"","meta":[],"product_brand":[],"product_cat":[15],"product_tag":[416,417,415],"class_list":{"0":"post-5714","1":"product","2":"type-product","3":"status-publish","4":"has-post-thumbnail","6":"product_cat-brume-essentielle","7":"product_tag-recycle","8":"product_tag-refill","9":"product_tag-reuse","10":"product_shipping_class-enveloppe","12":"first","13":"outofstock","14":"shipping-taxable","15":"purchasable","16":"product-type-simple"},"yoast_head":"<!-- This site is optimized with the Yoast SEO Premium plugin v26.3 (Yoast SEO v27.4) - https:\/\/yoast.com\/product\/yoast-seo-premium-wordpress\/ -->\n<title>La recharge de l&#039;Essence D\u00e9tox YDROSIA<\/title>\n<meta name=\"description\" content=\"La recharge de l&#039;Essence d\u00e9tox vitalit\u00e9, une id\u00e9e simple pour r\u00e9utiliser le spray. La capsule en aluminium et le flacon en verre se recyclent \u00e0 100%.\" \/>\n<meta name=\"robots\" content=\"index, follow, max-snippet:-1, max-image-preview:large, max-video-preview:-1\" \/>\n<link rel=\"canonical\" href=\"https:\/\/ydrosia.com\/fr\/produit\/la-recharge-de-l-essence-detox\/\" \/>\n<meta property=\"og:locale\" content=\"fr_FR\" \/>\n<meta property=\"og:type\" content=\"article\" \/>\n<meta property=\"og:title\" content=\"La recharge de l&#039;Essence D\u00e9tox\" \/>\n<meta property=\"og:description\" content=\"La recharge de l&#039;Essence d\u00e9tox vitalit\u00e9, une id\u00e9e simple pour r\u00e9utiliser le spray. La capsule en aluminium et le flacon en verre se recyclent \u00e0 100%.\" \/>\n<meta property=\"og:url\" content=\"https:\/\/ydrosia.com\/fr\/produit\/la-recharge-de-l-essence-detox\/\" \/>\n<meta property=\"og:site_name\" content=\"YDROSIA\" \/>\n<meta property=\"article:publisher\" content=\"https:\/\/www.facebook.com\/ydrosia\/\" \/>\n<meta property=\"article:modified_time\" content=\"2026-02-26T08:21:18+00:00\" \/>\n<meta property=\"og:image\" content=\"https:\/\/ydrosia.com\/wp-content\/uploads\/2020\/02\/YDROSIA1187-scaled.jpg\" \/>\n\t<meta property=\"og:image:width\" content=\"1546\" \/>\n\t<meta property=\"og:image:height\" content=\"2048\" \/>\n\t<meta property=\"og:image:type\" content=\"image\/jpeg\" \/>\n<meta name=\"twitter:card\" content=\"summary_large_image\" \/>\n<meta name=\"twitter:label1\" content=\"Prix\" \/>\n\t<meta name=\"twitter:data1\" content=\"54,00&nbsp;&euro;\" \/>\n\t<meta name=\"twitter:label2\" content=\"Disponibilit\u00e9\" \/>\n\t<meta name=\"twitter:data2\" content=\"Rupture de stock\" \/>\n<script type=\"application\/ld+json\" class=\"yoast-schema-graph\">{\"@context\":\"https:\\\/\\\/schema.org\",\"@graph\":[{\"@type\":\"WebPage\",\"@id\":\"https:\\\/\\\/ydrosia.com\\\/fr\\\/produit\\\/la-recharge-de-l-essence-detox\\\/\",\"url\":\"https:\\\/\\\/ydrosia.com\\\/fr\\\/produit\\\/la-recharge-de-l-essence-detox\\\/\",\"name\":\"La recharge de l'Essence D\u00e9tox YDROSIA\",\"isPartOf\":{\"@id\":\"https:\\\/\\\/ydrosia.com\\\/fr\\\/#website\"},\"primaryImageOfPage\":{\"@id\":\"https:\\\/\\\/ydrosia.com\\\/fr\\\/produit\\\/la-recharge-de-l-essence-detox\\\/#primaryimage\"},\"image\":{\"@id\":\"https:\\\/\\\/ydrosia.com\\\/fr\\\/produit\\\/la-recharge-de-l-essence-detox\\\/#primaryimage\"},\"thumbnailUrl\":\"https:\\\/\\\/ydrosia.com\\\/wp-content\\\/uploads\\\/2020\\\/02\\\/YDROSIA1187-scaled.jpg\",\"datePublished\":\"2020-02-04T09:22:16+00:00\",\"dateModified\":\"2026-02-26T08:21:18+00:00\",\"description\":\"La recharge de l'Essence d\u00e9tox vitalit\u00e9, une id\u00e9e simple pour r\u00e9utiliser le spray. La capsule en aluminium et le flacon en verre se recyclent \u00e0 100%.\",\"breadcrumb\":{\"@id\":\"https:\\\/\\\/ydrosia.com\\\/fr\\\/produit\\\/la-recharge-de-l-essence-detox\\\/#breadcrumb\"},\"inLanguage\":\"fr-FR\",\"potentialAction\":[{\"@type\":\"ReadAction\",\"target\":[\"https:\\\/\\\/ydrosia.com\\\/fr\\\/produit\\\/la-recharge-de-l-essence-detox\\\/\"]}]},{\"@type\":\"ImageObject\",\"inLanguage\":\"fr-FR\",\"@id\":\"https:\\\/\\\/ydrosia.com\\\/fr\\\/produit\\\/la-recharge-de-l-essence-detox\\\/#primaryimage\",\"url\":\"https:\\\/\\\/ydrosia.com\\\/wp-content\\\/uploads\\\/2020\\\/02\\\/YDROSIA1187-scaled.jpg\",\"contentUrl\":\"https:\\\/\\\/ydrosia.com\\\/wp-content\\\/uploads\\\/2020\\\/02\\\/YDROSIA1187-scaled.jpg\",\"width\":1546,\"height\":2048,\"caption\":\"La recharge de l'Essence D\u00e9tox Vitalit\u00e9 YDROSIA\"},{\"@type\":\"BreadcrumbList\",\"@id\":\"https:\\\/\\\/ydrosia.com\\\/fr\\\/produit\\\/la-recharge-de-l-essence-detox\\\/#breadcrumb\",\"itemListElement\":[{\"@type\":\"ListItem\",\"position\":1,\"name\":\"Home\",\"item\":\"https:\\\/\\\/ydrosia.com\\\/fr\\\/\"},{\"@type\":\"ListItem\",\"position\":2,\"name\":\"Boutique\",\"item\":\"https:\\\/\\\/ydrosia.com\\\/fr\\\/shop\\\/\"},{\"@type\":\"ListItem\",\"position\":3,\"name\":\"La recharge de l&#8217;Essence D\u00e9tox\"}]},{\"@type\":\"WebSite\",\"@id\":\"https:\\\/\\\/ydrosia.com\\\/fr\\\/#website\",\"url\":\"https:\\\/\\\/ydrosia.com\\\/fr\\\/\",\"name\":\"YDROSIA\",\"description\":\"Essential skincare\",\"publisher\":{\"@id\":\"https:\\\/\\\/ydrosia.com\\\/fr\\\/#organization\"},\"potentialAction\":[{\"@type\":\"SearchAction\",\"target\":{\"@type\":\"EntryPoint\",\"urlTemplate\":\"https:\\\/\\\/ydrosia.com\\\/fr\\\/?s={search_term_string}\"},\"query-input\":{\"@type\":\"PropertyValueSpecification\",\"valueRequired\":true,\"valueName\":\"search_term_string\"}}],\"inLanguage\":\"fr-FR\"},{\"@type\":[\"Organization\",\"Place\"],\"@id\":\"https:\\\/\\\/ydrosia.com\\\/fr\\\/#organization\",\"name\":\"YDROSIA\",\"url\":\"https:\\\/\\\/ydrosia.com\\\/fr\\\/\",\"logo\":{\"@id\":\"https:\\\/\\\/ydrosia.com\\\/fr\\\/produit\\\/la-recharge-de-l-essence-detox\\\/#local-main-organization-logo\"},\"image\":{\"@id\":\"https:\\\/\\\/ydrosia.com\\\/fr\\\/produit\\\/la-recharge-de-l-essence-detox\\\/#local-main-organization-logo\"},\"sameAs\":[\"https:\\\/\\\/www.facebook.com\\\/ydrosia\\\/\",\"https:\\\/\\\/www.instagram.com\\\/ydrosiaskincare\\\/\",\"https:\\\/\\\/www.linkedin.com\\\/company\\\/ydrosia\",\"https:\\\/\\\/www.pinterest.com\\\/ydrosia\\\/\",\"https:\\\/\\\/www.youtube.com\\\/channel\\\/UC_-zs6ZyqUVKBFGqSDyPVug\"],\"telephone\":[],\"openingHoursSpecification\":[{\"@type\":\"OpeningHoursSpecification\",\"dayOfWeek\":[\"Monday\",\"Tuesday\",\"Wednesday\",\"Thursday\",\"Friday\",\"Saturday\",\"Sunday\"],\"opens\":\"09:00\",\"closes\":\"17:00\"}]},{\"@type\":\"ImageObject\",\"inLanguage\":\"fr-FR\",\"@id\":\"https:\\\/\\\/ydrosia.com\\\/fr\\\/produit\\\/la-recharge-de-l-essence-detox\\\/#local-main-organization-logo\",\"url\":\"https:\\\/\\\/ydrosia.com\\\/wp-content\\\/uploads\\\/2021\\\/10\\\/BE-MIST.jpg\",\"contentUrl\":\"https:\\\/\\\/ydrosia.com\\\/wp-content\\\/uploads\\\/2021\\\/10\\\/BE-MIST.jpg\",\"width\":1080,\"height\":1080,\"caption\":\"YDROSIA\"}]}<\/script>\n<meta property=\"product:price:amount\" content=\"54.00\" \/>\n<meta property=\"product:price:currency\" content=\"EUR\" \/>\n<meta property=\"og:availability\" content=\"out of stock\" \/>\n<meta property=\"product:availability\" content=\"out of stock\" \/>\n<meta property=\"product:retailer_item_id\" content=\"05430001813081\" \/>\n<meta property=\"product:condition\" content=\"new\" \/>\n<!-- \/ Yoast SEO Premium plugin. -->","yoast_head_json":{"title":"La recharge de l'Essence D\u00e9tox YDROSIA","description":"La recharge de l'Essence d\u00e9tox vitalit\u00e9, une id\u00e9e simple pour r\u00e9utiliser le spray. La capsule en aluminium et le flacon en verre se recyclent \u00e0 100%.","robots":{"index":"index","follow":"follow","max-snippet":"max-snippet:-1","max-image-preview":"max-image-preview:large","max-video-preview":"max-video-preview:-1"},"canonical":"https:\/\/ydrosia.com\/fr\/produit\/la-recharge-de-l-essence-detox\/","og_locale":"fr_FR","og_type":"article","og_title":"La recharge de l'Essence D\u00e9tox","og_description":"La recharge de l'Essence d\u00e9tox vitalit\u00e9, une id\u00e9e simple pour r\u00e9utiliser le spray. La capsule en aluminium et le flacon en verre se recyclent \u00e0 100%.","og_url":"https:\/\/ydrosia.com\/fr\/produit\/la-recharge-de-l-essence-detox\/","og_site_name":"YDROSIA","article_publisher":"https:\/\/www.facebook.com\/ydrosia\/","article_modified_time":"2026-02-26T08:21:18+00:00","og_image":[{"width":1546,"height":2048,"url":"https:\/\/ydrosia.com\/wp-content\/uploads\/2020\/02\/YDROSIA1187-scaled.jpg","type":"image\/jpeg"}],"twitter_card":"summary_large_image","twitter_misc":{"Prix":"54,00&nbsp;&euro;","Disponibilit\u00e9":"Rupture de stock"},"schema":{"@context":"https:\/\/schema.org","@graph":[{"@type":"WebPage","@id":"https:\/\/ydrosia.com\/fr\/produit\/la-recharge-de-l-essence-detox\/","url":"https:\/\/ydrosia.com\/fr\/produit\/la-recharge-de-l-essence-detox\/","name":"La recharge de l'Essence D\u00e9tox YDROSIA","isPartOf":{"@id":"https:\/\/ydrosia.com\/fr\/#website"},"primaryImageOfPage":{"@id":"https:\/\/ydrosia.com\/fr\/produit\/la-recharge-de-l-essence-detox\/#primaryimage"},"image":{"@id":"https:\/\/ydrosia.com\/fr\/produit\/la-recharge-de-l-essence-detox\/#primaryimage"},"thumbnailUrl":"https:\/\/ydrosia.com\/wp-content\/uploads\/2020\/02\/YDROSIA1187-scaled.jpg","datePublished":"2020-02-04T09:22:16+00:00","dateModified":"2026-02-26T08:21:18+00:00","description":"La recharge de l'Essence d\u00e9tox vitalit\u00e9, une id\u00e9e simple pour r\u00e9utiliser le spray. La capsule en aluminium et le flacon en verre se recyclent \u00e0 100%.","breadcrumb":{"@id":"https:\/\/ydrosia.com\/fr\/produit\/la-recharge-de-l-essence-detox\/#breadcrumb"},"inLanguage":"fr-FR","potentialAction":[{"@type":"ReadAction","target":["https:\/\/ydrosia.com\/fr\/produit\/la-recharge-de-l-essence-detox\/"]}]},{"@type":"ImageObject","inLanguage":"fr-FR","@id":"https:\/\/ydrosia.com\/fr\/produit\/la-recharge-de-l-essence-detox\/#primaryimage","url":"https:\/\/ydrosia.com\/wp-content\/uploads\/2020\/02\/YDROSIA1187-scaled.jpg","contentUrl":"https:\/\/ydrosia.com\/wp-content\/uploads\/2020\/02\/YDROSIA1187-scaled.jpg","width":1546,"height":2048,"caption":"La recharge de l'Essence D\u00e9tox Vitalit\u00e9 YDROSIA"},{"@type":"BreadcrumbList","@id":"https:\/\/ydrosia.com\/fr\/produit\/la-recharge-de-l-essence-detox\/#breadcrumb","itemListElement":[{"@type":"ListItem","position":1,"name":"Home","item":"https:\/\/ydrosia.com\/fr\/"},{"@type":"ListItem","position":2,"name":"Boutique","item":"https:\/\/ydrosia.com\/fr\/shop\/"},{"@type":"ListItem","position":3,"name":"La recharge de l&#8217;Essence D\u00e9tox"}]},{"@type":"WebSite","@id":"https:\/\/ydrosia.com\/fr\/#website","url":"https:\/\/ydrosia.com\/fr\/","name":"YDROSIA","description":"Essential skincare","publisher":{"@id":"https:\/\/ydrosia.com\/fr\/#organization"},"potentialAction":[{"@type":"SearchAction","target":{"@type":"EntryPoint","urlTemplate":"https:\/\/ydrosia.com\/fr\/?s={search_term_string}"},"query-input":{"@type":"PropertyValueSpecification","valueRequired":true,"valueName":"search_term_string"}}],"inLanguage":"fr-FR"},{"@type":["Organization","Place"],"@id":"https:\/\/ydrosia.com\/fr\/#organization","name":"YDROSIA","url":"https:\/\/ydrosia.com\/fr\/","logo":{"@id":"https:\/\/ydrosia.com\/fr\/produit\/la-recharge-de-l-essence-detox\/#local-main-organization-logo"},"image":{"@id":"https:\/\/ydrosia.com\/fr\/produit\/la-recharge-de-l-essence-detox\/#local-main-organization-logo"},"sameAs":["https:\/\/www.facebook.com\/ydrosia\/","https:\/\/www.instagram.com\/ydrosiaskincare\/","https:\/\/www.linkedin.com\/company\/ydrosia","https:\/\/www.pinterest.com\/ydrosia\/","https:\/\/www.youtube.com\/channel\/UC_-zs6ZyqUVKBFGqSDyPVug"],"telephone":[],"openingHoursSpecification":[{"@type":"OpeningHoursSpecification","dayOfWeek":["Monday","Tuesday","Wednesday","Thursday","Friday","Saturday","Sunday"],"opens":"09:00","closes":"17:00"}]},{"@type":"ImageObject","inLanguage":"fr-FR","@id":"https:\/\/ydrosia.com\/fr\/produit\/la-recharge-de-l-essence-detox\/#local-main-organization-logo","url":"https:\/\/ydrosia.com\/wp-content\/uploads\/2021\/10\/BE-MIST.jpg","contentUrl":"https:\/\/ydrosia.com\/wp-content\/uploads\/2021\/10\/BE-MIST.jpg","width":1080,"height":1080,"caption":"YDROSIA"}]},"product_price_amount":"54.00","product_price_currency":"EUR","og_availability":"out of stock","product_availability":"out of stock","product_retailer_item_id":"05430001813081","product_condition":"new"},"jetpack_sharing_enabled":true,"_links":{"self":[{"href":"https:\/\/ydrosia.com\/fr\/wp-json\/wp\/v2\/product\/5714","targetHints":{"allow":["GET"]}}],"collection":[{"href":"https:\/\/ydrosia.com\/fr\/wp-json\/wp\/v2\/product"}],"about":[{"href":"https:\/\/ydrosia.com\/fr\/wp-json\/wp\/v2\/types\/product"}],"replies":[{"embeddable":true,"href":"https:\/\/ydrosia.com\/fr\/wp-json\/wp\/v2\/comments?post=5714"}],"wp:featuredmedia":[{"embeddable":true,"href":"https:\/\/ydrosia.com\/fr\/wp-json\/wp\/v2\/media\/7861"}],"wp:attachment":[{"href":"https:\/\/ydrosia.com\/fr\/wp-json\/wp\/v2\/media?parent=5714"}],"wp:term":[{"taxonomy":"product_brand","embeddable":true,"href":"https:\/\/ydrosia.com\/fr\/wp-json\/wp\/v2\/product_brand?post=5714"},{"taxonomy":"product_cat","embeddable":true,"href":"https:\/\/ydrosia.com\/fr\/wp-json\/wp\/v2\/product_cat?post=5714"},{"taxonomy":"product_tag","embeddable":true,"href":"https:\/\/ydrosia.com\/fr\/wp-json\/wp\/v2\/product_tag?post=5714"}],"curies":[{"name":"wp","href":"https:\/\/api.w.org\/{rel}","templated":true}]}}