{"id":5689,"date":"2020-02-03T22:34:59","date_gmt":"2020-02-03T21:34:59","guid":{"rendered":"https:\/\/ydrosia.com\/?post_type=product&#038;p=5689"},"modified":"2026-03-10T19:08:05","modified_gmt":"2026-03-10T18:08:05","slug":"abonnement","status":"publish","type":"product","link":"https:\/\/ydrosia.com\/fr\/produit\/abonnement\/","title":{"rendered":"L&#8217;abonnement"},"content":{"rendered":"<div class=\"woocommerce-product-details__short-description\">\n<div class=\"page\" title=\"Page 1\">\n<div class=\"section\">\n<div class=\"layoutArea\">\n<div class=\"column\">\n<div class=\"page\" title=\"Page 1\">\n<div class=\"section\">\n<div class=\"layoutArea\">\n<div class=\"column\">\n<p><strong><em>L&#8217;Abonnement,<\/em><\/strong> est la meilleure solution pour ne plus \u00eatre en rupture de votre soin pr\u00e9f\u00e9r\u00e9.<\/p>\n<h4>SIMPLE ET ECONOMIQUE<\/h4>\n<p>C&#8217;est simple, vous faites des \u00e9conomies et vous ne vous souciez plus de rien !<\/p>\n<p>Vous avez d\u00e9j\u00e0 command\u00e9 un flacon avec un spray et vous ne pouvez plus vous passer du soin d\u00e9tox ?<\/p>\n<p>Inscrivez-vous pour un abonnement et recevez chaque mois une recharge. Vous pouvez annuler votre abonnement \u00e0 tout moment.<\/p>\n<h4><a href=\"https:\/\/ydrosia.com\/fr\/produit\/essence-detox-vitalite\/\">L&#8217;ESSENCE DETOX VITALITE<\/a><\/h4>\n<p>L&#8217;Essence D\u00e9tox Vitalit\u00e9 s&#8217;utilise dans toutes les circonstances o\u00f9 la peau \u00e0 besoin de rester fraiche et hydrat\u00e9e.<\/p>\n<ul>\n<li>Pr\u00e9pare la peau \u00e0 recevoir les soins et booste leur efficacit\u00e9.<\/li>\n<li>Pr\u00e9pare la peau au maquillage et le fixe.<\/li>\n<li>Illumine le teint et lui conf\u00e8re un aspect satin\u00e9. Elle r\u00e9hydrate les peaux d\u00e9s\u00e9quilibr\u00e9e.<\/li>\n<li>Apaise les peaux chauff\u00e9es par le soleil ou irrit\u00e9es par le froid.<\/li>\n<\/ul>\n<p>Utilis\u00e9e quotidiennement l&#8217;essence d\u00e9tox vitalit\u00e9 permet de retrouver un teint frais, une peau \u00e9quilibr\u00e9e pleine de vitalit\u00e9.<\/p>\n<p>Riche en acide hyaluronique, Alo\u00e9 V\u00e9ra et extraits de plantes, elle r\u00e9hydrate et tonifie les \u00e9pidermes fatigu\u00e9s en manque de vitalit\u00e9.<\/p>\n<p><strong>Ce soin, ne contient ni huile v\u00e9g\u00e9tale ni huile essentielle. Il est exempt de parfum et d&#8217;alcool.<\/strong><\/p>\n<p>Il est particuli\u00e8rement recommand\u00e9 lors des cures d\u00e9tox puisqu&#8217;il permet \u00e0 la peau de retrouver son \u00e9quilibre naturel.<\/p>\n<p>L&#8217;essence d\u00e9tox vitalit\u00e9, convient \u00e0 toutes les peaux. C&#8221;est le soin chouchou des peaux sensibles aux allerg\u00e8nes. Il convient particuli\u00e8rement aux femmes enceintes puisqu&#8217;il ne contient aucune huile essentielle.<\/p>\n<p style=\"text-align: center;\">\u00a099,89% du total des ingr\u00e9dients sont d\u2019origine naturelle.<br \/>\n78% du total des ingr\u00e9dients sont issus de l\u2019agriculture biologique.<\/p>\n<p style=\"text-align: center;\">Certifi\u00e9 Cosmos Organics par Ecocert Greenlife selon le label disponible sur\u00a0<a href=\"http:\/\/cosmos.ecocert.com\/\">http:\/\/COSMOS.ecocert.com<\/a><\/p>\n<p style=\"text-align: center;\"><picture class=\"wp-image-6391 aligncenter\"><source srcset=\"https:\/\/ydrosia.com\/wp-content\/uploads\/2020\/02\/Logo-ECOCERTCosmos-Organic-Black-copie-300x300.jpg.webp 300w, https:\/\/ydrosia.com\/wp-content\/uploads\/2020\/02\/Logo-ECOCERTCosmos-Organic-Black-copie-150x150.jpg.webp 150w, https:\/\/ydrosia.com\/wp-content\/uploads\/2020\/02\/Logo-ECOCERTCosmos-Organic-Black-copie-324x324.jpg.webp 324w, https:\/\/ydrosia.com\/wp-content\/uploads\/2020\/02\/Logo-ECOCERTCosmos-Organic-Black-copie-350x350.jpg.webp 350w, https:\/\/ydrosia.com\/wp-content\/uploads\/2020\/02\/Logo-ECOCERTCosmos-Organic-Black-copie.jpg.webp 650w\" type=\"image\/webp\" sizes=\"(max-width: 80px) 100vw, 80px\" \/><img decoding=\"async\" class=\"aligncenter\" src=\"https:\/\/ydrosia.com\/wp-content\/uploads\/2020\/02\/Logo-ECOCERTCosmos-Organic-Black-copie-300x300.jpg\" sizes=\"(max-width: 80px) 100vw, 80px\" srcset=\"https:\/\/ydrosia.com\/wp-content\/uploads\/2020\/02\/Logo-ECOCERTCosmos-Organic-Black-copie-300x300.jpg 300w, https:\/\/ydrosia.com\/wp-content\/uploads\/2020\/02\/Logo-ECOCERTCosmos-Organic-Black-copie-150x150.jpg 150w, https:\/\/ydrosia.com\/wp-content\/uploads\/2020\/02\/Logo-ECOCERTCosmos-Organic-Black-copie-324x324.jpg 324w, https:\/\/ydrosia.com\/wp-content\/uploads\/2020\/02\/Logo-ECOCERTCosmos-Organic-Black-copie-350x350.jpg 350w, https:\/\/ydrosia.com\/wp-content\/uploads\/2020\/02\/Logo-ECOCERTCosmos-Organic-Black-copie.jpg 650w\" alt=\"\" width=\"80\" height=\"80\" \/><\/picture>Contenant : 50ml \u2013 1.7fl oz<\/p>\n<\/div>\n<\/div>\n<\/div>\n<\/div>\n<\/div>\n<\/div>\n<\/div>\n<\/div>\n<\/div>\n","protected":false},"excerpt":{"rendered":"<p><strong><em>L&#8217;Abonnement,<\/em><\/strong> c&#8217;est la meilleure solution pour ne plus \u00eatre en rupture de votre soin pr\u00e9f\u00e9r\u00e9.<\/p>\n<p>C&#8217;est simple, vous faites des \u00e9conomies et vous ne vous souciez plus de rien !<\/p>\n<p>Vous avez d\u00e9j\u00e0 command\u00e9 un flacon avec un spray et vous ne pouvez plus vous passer du soin d\u00e9tox ? Inscrivez-vous pour un abonnement et\u00a0 recevez chaque mois une recharge. Vous pouvez l&#8217;annuler \u00e0 tout moment.<\/p>\n","protected":false},"featured_media":7865,"comment_status":"open","ping_status":"closed","template":"","meta":[],"product_brand":[],"product_cat":[94],"product_tag":[],"class_list":{"0":"post-5689","1":"product","2":"type-product","3":"status-publish","4":"has-post-thumbnail","6":"product_cat-soins","7":"product_shipping_class-abo","9":"first","10":"outofstock","11":"shipping-taxable","12":"purchasable","13":"product-type-subscription"},"yoast_head":"<!-- This site is optimized with the Yoast SEO Premium plugin v26.3 (Yoast SEO v27.4) - https:\/\/yoast.com\/product\/yoast-seo-premium-wordpress\/ -->\n<title>L&#039;abonnement - YDROSIA<\/title>\n<meta name=\"description\" content=\"L&#039;Abonnement, pour ne plus \u00eatre en rupture de son soin pr\u00e9f\u00e9r\u00e9. C&#039;est simple, sans engagement et \u00e9conomique. Cela simplifie la routine beaut\u00e9.\" \/>\n<meta name=\"robots\" content=\"index, follow, max-snippet:-1, max-image-preview:large, max-video-preview:-1\" \/>\n<link rel=\"canonical\" href=\"https:\/\/ydrosia.com\/fr\/produit\/abonnement\/\" \/>\n<meta property=\"og:locale\" content=\"fr_FR\" \/>\n<meta property=\"og:type\" content=\"article\" \/>\n<meta property=\"og:title\" content=\"L&#039;abonnement\" \/>\n<meta property=\"og:description\" content=\"L&#039;Abonnement, pour ne plus \u00eatre en rupture de son soin pr\u00e9f\u00e9r\u00e9. C&#039;est simple, sans engagement et \u00e9conomique. Cela simplifie la routine beaut\u00e9.\" \/>\n<meta property=\"og:url\" content=\"https:\/\/ydrosia.com\/fr\/produit\/abonnement\/\" \/>\n<meta property=\"og:site_name\" content=\"YDROSIA\" \/>\n<meta property=\"article:publisher\" content=\"https:\/\/www.facebook.com\/ydrosia\/\" \/>\n<meta property=\"article:modified_time\" content=\"2026-03-10T18:08:05+00:00\" \/>\n<meta property=\"og:image\" content=\"https:\/\/ydrosia.com\/wp-content\/uploads\/2020\/02\/YDROSIA1319-scaled.jpg\" \/>\n\t<meta property=\"og:image:width\" content=\"1546\" \/>\n\t<meta property=\"og:image:height\" content=\"2048\" \/>\n\t<meta property=\"og:image:type\" content=\"image\/jpeg\" \/>\n<meta name=\"twitter:card\" content=\"summary_large_image\" \/>\n<meta name=\"twitter:label1\" content=\"Prix\" \/>\n\t<meta name=\"twitter:data1\" content=\"49,00&nbsp;&euro;\" \/>\n\t<meta name=\"twitter:label2\" content=\"Disponibilit\u00e9\" \/>\n\t<meta name=\"twitter:data2\" content=\"Rupture de stock\" \/>\n<script type=\"application\/ld+json\" class=\"yoast-schema-graph\">{\"@context\":\"https:\\\/\\\/schema.org\",\"@graph\":[{\"@type\":\"WebPage\",\"@id\":\"https:\\\/\\\/ydrosia.com\\\/fr\\\/produit\\\/abonnement\\\/\",\"url\":\"https:\\\/\\\/ydrosia.com\\\/fr\\\/produit\\\/abonnement\\\/\",\"name\":\"L'abonnement - YDROSIA\",\"isPartOf\":{\"@id\":\"https:\\\/\\\/ydrosia.com\\\/fr\\\/#website\"},\"primaryImageOfPage\":{\"@id\":\"https:\\\/\\\/ydrosia.com\\\/fr\\\/produit\\\/abonnement\\\/#primaryimage\"},\"image\":{\"@id\":\"https:\\\/\\\/ydrosia.com\\\/fr\\\/produit\\\/abonnement\\\/#primaryimage\"},\"thumbnailUrl\":\"https:\\\/\\\/ydrosia.com\\\/wp-content\\\/uploads\\\/2020\\\/02\\\/YDROSIA1319-scaled.jpg\",\"datePublished\":\"2020-02-03T21:34:59+00:00\",\"dateModified\":\"2026-03-10T18:08:05+00:00\",\"description\":\"L'Abonnement, pour ne plus \u00eatre en rupture de son soin pr\u00e9f\u00e9r\u00e9. C'est simple, sans engagement et \u00e9conomique. Cela simplifie la routine beaut\u00e9.\",\"breadcrumb\":{\"@id\":\"https:\\\/\\\/ydrosia.com\\\/fr\\\/produit\\\/abonnement\\\/#breadcrumb\"},\"inLanguage\":\"fr-FR\",\"potentialAction\":[{\"@type\":\"ReadAction\",\"target\":[\"https:\\\/\\\/ydrosia.com\\\/fr\\\/produit\\\/abonnement\\\/\"]}]},{\"@type\":\"ImageObject\",\"inLanguage\":\"fr-FR\",\"@id\":\"https:\\\/\\\/ydrosia.com\\\/fr\\\/produit\\\/abonnement\\\/#primaryimage\",\"url\":\"https:\\\/\\\/ydrosia.com\\\/wp-content\\\/uploads\\\/2020\\\/02\\\/YDROSIA1319-scaled.jpg\",\"contentUrl\":\"https:\\\/\\\/ydrosia.com\\\/wp-content\\\/uploads\\\/2020\\\/02\\\/YDROSIA1319-scaled.jpg\",\"width\":1546,\"height\":2048,\"caption\":\"L'abonnement simple et \u00e9conomique\"},{\"@type\":\"BreadcrumbList\",\"@id\":\"https:\\\/\\\/ydrosia.com\\\/fr\\\/produit\\\/abonnement\\\/#breadcrumb\",\"itemListElement\":[{\"@type\":\"ListItem\",\"position\":1,\"name\":\"Home\",\"item\":\"https:\\\/\\\/ydrosia.com\\\/fr\\\/\"},{\"@type\":\"ListItem\",\"position\":2,\"name\":\"Boutique\",\"item\":\"https:\\\/\\\/ydrosia.com\\\/fr\\\/shop\\\/\"},{\"@type\":\"ListItem\",\"position\":3,\"name\":\"L&#8217;abonnement\"}]},{\"@type\":\"WebSite\",\"@id\":\"https:\\\/\\\/ydrosia.com\\\/fr\\\/#website\",\"url\":\"https:\\\/\\\/ydrosia.com\\\/fr\\\/\",\"name\":\"YDROSIA\",\"description\":\"Essential skincare\",\"publisher\":{\"@id\":\"https:\\\/\\\/ydrosia.com\\\/fr\\\/#organization\"},\"potentialAction\":[{\"@type\":\"SearchAction\",\"target\":{\"@type\":\"EntryPoint\",\"urlTemplate\":\"https:\\\/\\\/ydrosia.com\\\/fr\\\/?s={search_term_string}\"},\"query-input\":{\"@type\":\"PropertyValueSpecification\",\"valueRequired\":true,\"valueName\":\"search_term_string\"}}],\"inLanguage\":\"fr-FR\"},{\"@type\":[\"Organization\",\"Place\"],\"@id\":\"https:\\\/\\\/ydrosia.com\\\/fr\\\/#organization\",\"name\":\"YDROSIA\",\"url\":\"https:\\\/\\\/ydrosia.com\\\/fr\\\/\",\"logo\":{\"@id\":\"https:\\\/\\\/ydrosia.com\\\/fr\\\/produit\\\/abonnement\\\/#local-main-organization-logo\"},\"image\":{\"@id\":\"https:\\\/\\\/ydrosia.com\\\/fr\\\/produit\\\/abonnement\\\/#local-main-organization-logo\"},\"sameAs\":[\"https:\\\/\\\/www.facebook.com\\\/ydrosia\\\/\",\"https:\\\/\\\/www.instagram.com\\\/ydrosiaskincare\\\/\",\"https:\\\/\\\/www.linkedin.com\\\/company\\\/ydrosia\",\"https:\\\/\\\/www.pinterest.com\\\/ydrosia\\\/\",\"https:\\\/\\\/www.youtube.com\\\/channel\\\/UC_-zs6ZyqUVKBFGqSDyPVug\"],\"telephone\":[],\"openingHoursSpecification\":[{\"@type\":\"OpeningHoursSpecification\",\"dayOfWeek\":[\"Monday\",\"Tuesday\",\"Wednesday\",\"Thursday\",\"Friday\",\"Saturday\",\"Sunday\"],\"opens\":\"09:00\",\"closes\":\"17:00\"}]},{\"@type\":\"ImageObject\",\"inLanguage\":\"fr-FR\",\"@id\":\"https:\\\/\\\/ydrosia.com\\\/fr\\\/produit\\\/abonnement\\\/#local-main-organization-logo\",\"url\":\"https:\\\/\\\/ydrosia.com\\\/wp-content\\\/uploads\\\/2021\\\/10\\\/BE-MIST.jpg\",\"contentUrl\":\"https:\\\/\\\/ydrosia.com\\\/wp-content\\\/uploads\\\/2021\\\/10\\\/BE-MIST.jpg\",\"width\":1080,\"height\":1080,\"caption\":\"YDROSIA\"}]}<\/script>\n<meta property=\"product:price:amount\" content=\"49.00\" \/>\n<meta property=\"product:price:currency\" content=\"EUR\" \/>\n<meta property=\"og:availability\" content=\"out of stock\" \/>\n<meta property=\"product:availability\" content=\"out of stock\" \/>\n<meta property=\"product:retailer_item_id\" content=\"5430001813005-2\" \/>\n<meta property=\"product:condition\" content=\"new\" \/>\n<!-- \/ Yoast SEO Premium plugin. -->","yoast_head_json":{"title":"L'abonnement - YDROSIA","description":"L'Abonnement, pour ne plus \u00eatre en rupture de son soin pr\u00e9f\u00e9r\u00e9. C'est simple, sans engagement et \u00e9conomique. Cela simplifie la routine beaut\u00e9.","robots":{"index":"index","follow":"follow","max-snippet":"max-snippet:-1","max-image-preview":"max-image-preview:large","max-video-preview":"max-video-preview:-1"},"canonical":"https:\/\/ydrosia.com\/fr\/produit\/abonnement\/","og_locale":"fr_FR","og_type":"article","og_title":"L'abonnement","og_description":"L'Abonnement, pour ne plus \u00eatre en rupture de son soin pr\u00e9f\u00e9r\u00e9. C'est simple, sans engagement et \u00e9conomique. Cela simplifie la routine beaut\u00e9.","og_url":"https:\/\/ydrosia.com\/fr\/produit\/abonnement\/","og_site_name":"YDROSIA","article_publisher":"https:\/\/www.facebook.com\/ydrosia\/","article_modified_time":"2026-03-10T18:08:05+00:00","og_image":[{"width":1546,"height":2048,"url":"https:\/\/ydrosia.com\/wp-content\/uploads\/2020\/02\/YDROSIA1319-scaled.jpg","type":"image\/jpeg"}],"twitter_card":"summary_large_image","twitter_misc":{"Prix":"49,00&nbsp;&euro;","Disponibilit\u00e9":"Rupture de stock"},"schema":{"@context":"https:\/\/schema.org","@graph":[{"@type":"WebPage","@id":"https:\/\/ydrosia.com\/fr\/produit\/abonnement\/","url":"https:\/\/ydrosia.com\/fr\/produit\/abonnement\/","name":"L'abonnement - YDROSIA","isPartOf":{"@id":"https:\/\/ydrosia.com\/fr\/#website"},"primaryImageOfPage":{"@id":"https:\/\/ydrosia.com\/fr\/produit\/abonnement\/#primaryimage"},"image":{"@id":"https:\/\/ydrosia.com\/fr\/produit\/abonnement\/#primaryimage"},"thumbnailUrl":"https:\/\/ydrosia.com\/wp-content\/uploads\/2020\/02\/YDROSIA1319-scaled.jpg","datePublished":"2020-02-03T21:34:59+00:00","dateModified":"2026-03-10T18:08:05+00:00","description":"L'Abonnement, pour ne plus \u00eatre en rupture de son soin pr\u00e9f\u00e9r\u00e9. C'est simple, sans engagement et \u00e9conomique. Cela simplifie la routine beaut\u00e9.","breadcrumb":{"@id":"https:\/\/ydrosia.com\/fr\/produit\/abonnement\/#breadcrumb"},"inLanguage":"fr-FR","potentialAction":[{"@type":"ReadAction","target":["https:\/\/ydrosia.com\/fr\/produit\/abonnement\/"]}]},{"@type":"ImageObject","inLanguage":"fr-FR","@id":"https:\/\/ydrosia.com\/fr\/produit\/abonnement\/#primaryimage","url":"https:\/\/ydrosia.com\/wp-content\/uploads\/2020\/02\/YDROSIA1319-scaled.jpg","contentUrl":"https:\/\/ydrosia.com\/wp-content\/uploads\/2020\/02\/YDROSIA1319-scaled.jpg","width":1546,"height":2048,"caption":"L'abonnement simple et \u00e9conomique"},{"@type":"BreadcrumbList","@id":"https:\/\/ydrosia.com\/fr\/produit\/abonnement\/#breadcrumb","itemListElement":[{"@type":"ListItem","position":1,"name":"Home","item":"https:\/\/ydrosia.com\/fr\/"},{"@type":"ListItem","position":2,"name":"Boutique","item":"https:\/\/ydrosia.com\/fr\/shop\/"},{"@type":"ListItem","position":3,"name":"L&#8217;abonnement"}]},{"@type":"WebSite","@id":"https:\/\/ydrosia.com\/fr\/#website","url":"https:\/\/ydrosia.com\/fr\/","name":"YDROSIA","description":"Essential skincare","publisher":{"@id":"https:\/\/ydrosia.com\/fr\/#organization"},"potentialAction":[{"@type":"SearchAction","target":{"@type":"EntryPoint","urlTemplate":"https:\/\/ydrosia.com\/fr\/?s={search_term_string}"},"query-input":{"@type":"PropertyValueSpecification","valueRequired":true,"valueName":"search_term_string"}}],"inLanguage":"fr-FR"},{"@type":["Organization","Place"],"@id":"https:\/\/ydrosia.com\/fr\/#organization","name":"YDROSIA","url":"https:\/\/ydrosia.com\/fr\/","logo":{"@id":"https:\/\/ydrosia.com\/fr\/produit\/abonnement\/#local-main-organization-logo"},"image":{"@id":"https:\/\/ydrosia.com\/fr\/produit\/abonnement\/#local-main-organization-logo"},"sameAs":["https:\/\/www.facebook.com\/ydrosia\/","https:\/\/www.instagram.com\/ydrosiaskincare\/","https:\/\/www.linkedin.com\/company\/ydrosia","https:\/\/www.pinterest.com\/ydrosia\/","https:\/\/www.youtube.com\/channel\/UC_-zs6ZyqUVKBFGqSDyPVug"],"telephone":[],"openingHoursSpecification":[{"@type":"OpeningHoursSpecification","dayOfWeek":["Monday","Tuesday","Wednesday","Thursday","Friday","Saturday","Sunday"],"opens":"09:00","closes":"17:00"}]},{"@type":"ImageObject","inLanguage":"fr-FR","@id":"https:\/\/ydrosia.com\/fr\/produit\/abonnement\/#local-main-organization-logo","url":"https:\/\/ydrosia.com\/wp-content\/uploads\/2021\/10\/BE-MIST.jpg","contentUrl":"https:\/\/ydrosia.com\/wp-content\/uploads\/2021\/10\/BE-MIST.jpg","width":1080,"height":1080,"caption":"YDROSIA"}]},"product_price_amount":"49.00","product_price_currency":"EUR","og_availability":"out of stock","product_availability":"out of stock","product_retailer_item_id":"5430001813005-2","product_condition":"new"},"jetpack_sharing_enabled":true,"_links":{"self":[{"href":"https:\/\/ydrosia.com\/fr\/wp-json\/wp\/v2\/product\/5689","targetHints":{"allow":["GET"]}}],"collection":[{"href":"https:\/\/ydrosia.com\/fr\/wp-json\/wp\/v2\/product"}],"about":[{"href":"https:\/\/ydrosia.com\/fr\/wp-json\/wp\/v2\/types\/product"}],"replies":[{"embeddable":true,"href":"https:\/\/ydrosia.com\/fr\/wp-json\/wp\/v2\/comments?post=5689"}],"wp:featuredmedia":[{"embeddable":true,"href":"https:\/\/ydrosia.com\/fr\/wp-json\/wp\/v2\/media\/7865"}],"wp:attachment":[{"href":"https:\/\/ydrosia.com\/fr\/wp-json\/wp\/v2\/media?parent=5689"}],"wp:term":[{"taxonomy":"product_brand","embeddable":true,"href":"https:\/\/ydrosia.com\/fr\/wp-json\/wp\/v2\/product_brand?post=5689"},{"taxonomy":"product_cat","embeddable":true,"href":"https:\/\/ydrosia.com\/fr\/wp-json\/wp\/v2\/product_cat?post=5689"},{"taxonomy":"product_tag","embeddable":true,"href":"https:\/\/ydrosia.com\/fr\/wp-json\/wp\/v2\/product_tag?post=5689"}],"curies":[{"name":"wp","href":"https:\/\/api.w.org\/{rel}","templated":true}]}}