{"id":11065,"date":"2025-08-28T18:31:39","date_gmt":"2025-08-28T16:31:39","guid":{"rendered":"https:\/\/ydrosia.com\/?post_type=product&#038;p=11065"},"modified":"2025-09-23T13:43:58","modified_gmt":"2025-09-23T11:43:58","slug":"les-imparfaits","status":"publish","type":"product","link":"https:\/\/ydrosia.com\/fr\/produit\/les-imparfaits\/","title":{"rendered":"Les imparfaits"},"content":{"rendered":"<p>L&#8217;Elixir antioxydant est une synergie unique d\u2019<strong>huiles pr\u00e9cieuses, d&#8217;extraits de graines de bakuchiol (2%), et de mac\u00e9rat fleurs de vanille. <\/strong>Cet \u00e9lixir puissant est l\u2019alli\u00e9 des peaux affam\u00e9es, sensibles et r\u00e9actives.<\/p>\n<p>Ses propri\u00e9t\u00e9s anti-inflammatoires et anti-oxydantes aident l\u2019\u00e9piderme \u00e0 lutter contre les r\u00e9actions environnementales. Ainsi, Il prot\u00e8ge et renforce toutes les peaux et plus particuli\u00e8rement les peaux sensibles, hyper r\u00e9actives et d\u00e9s\u00e9quilibr\u00e9es.<\/p>\n<p>Cette huile pr\u00e9cieuse <strong>hydrate, illumine et uniformise le teint, nourrit la peau en profondeur. En quelques jours, la peau est plus \u00e9lastique et plus ferme.\u00a0<\/strong><\/p>\n<h4><strong>L&#8217;ingr\u00e9dient phare : Le Bakuchiol (dos\u00e9 \u00e0 2%)<\/strong><\/h4>\n<p>L&#8217;extrait de graines de Bakuchiol est consid\u00e9r\u00e9 par les experts de la beaut\u00e9 comme un <strong>r\u00e9tinol v\u00e9g\u00e9tal. <\/strong>Il permet d&#8217;obtenir des r\u00e9sultats similaires propres \u00e0 la vitamine A (r\u00e9tinol classique), sans effet irritant. Ainsi, il convient parfaitement aux peaux sensibles. Le Bakuchiol, est une mine de bienfaits pour toutes les peaux qui cherchent \u00e0 retrouver un teint \u00e9clatant, une peau souple et ferme.<\/p>\n<p>Afin de trouver plus de d\u00e9tails sur le Bakuchiol, vous pouvez consulter <a href=\"https:\/\/ydrosia.com\/fr\/le-bakuchiol-une-mine-de-bienfaits-pour-votre-peau\/\">notre article \u00e0 ce sujet dans la beauty room<\/a>.<\/p>\n<p>La concentration du Bakuchiol dans notre Elixir Antioxydant est optimal. C&#8217;est pourquoi, il permet des r\u00e9sultats visibles en quelques jours : grain de la peau affin\u00e9, teint lumineux, peau ferme et \u00e9lastique.<\/p>\n<p>Ainsi, les graines de Bakuchiol sont consid\u00e9r\u00e9es comme b\u00e9n\u00e9fiques pour la peau gr\u00e2ce \u00e0 leurs propri\u00e9t\u00e9s anti-\u00e2ge.<\/p>\n<ul>\n<li>R\u00e9g\u00e9n\u00e9ration cellulaire : Le Bakuchiol acc\u00e9l\u00e8re la r\u00e9g\u00e9n\u00e9ration cellulaire. Il r\u00e9duit l&#8217;apparence des rides et ridules. Il stimule la production de collag\u00e8ne.<\/li>\n<li>Propri\u00e9t\u00e9s anti-oxydantes : Riches en antioxydants, les graines de Bakuchiol aident \u00e0 prot\u00e9ger la peau contre les dommages caus\u00e9s par les radicaux libres.<\/li>\n<li>Effets apaisants : Le Bakuchiol a des propri\u00e9t\u00e9s apaisantes et aide \u00e0 r\u00e9duire les irritations cutan\u00e9es.<\/li>\n<li>Am\u00e9lioration de l&#8217;\u00e9lasticit\u00e9 de la peau : L&#8217;utilisation r\u00e9guli\u00e8re de soins contenant du Bakuchiol contribue \u00e0 am\u00e9liorer l&#8217;\u00e9lasticit\u00e9 de la peau, lui donnant un aspect plus ferme et plus tonique.<\/li>\n<li>Action anti-bact\u00e9rienne : sa composition chimique permet d&#8217;assainir les peaux grasses et sujettes \u00e0 l&#8217;acn\u00e9.<\/li>\n<\/ul>\n<p>Afin d&#8217;obtenir plus d&#8217;informations concernant les ingr\u00e9dients de l&#8217;Elixir Antioxydant, rendez-vous dans <strong>l&#8217;onglet ingr\u00e9dients<\/strong>.<\/p>\n<h4><strong>Utilisation<\/strong><\/h4>\n<p>L&#8217;Elixir Antioxydant s&#8217;applique sur le visage, le cou, le d\u00e9collet\u00e9 mais aussi les cheveux.<\/p>\n<p>Id\u00e9al pour le massage, son odeur d\u00e9licieuse et apaisante offre un v\u00e9ritable moment de d\u00e9tente.<\/p>\n<p>Matin et soir, appliquer 1 \u00e0 2 gouttes de l\u2019\u00e9lixir sur une peau nettoy\u00e9e et l\u00e9g\u00e8rement humide. Masser par effleurement.<\/p>\n<p><strong>Non com\u00e9dog\u00e8ne. Convient \u00e0 toutes les peaux. Formul\u00e9 sans allerg\u00e8nes, parfum, alcool.<\/strong><\/p>\n<p>L\u2019huile pr\u00e9cieuse se conserve \u00e0 l\u2019abri de la lumi\u00e8re.<\/p>\n<p><strong>Flacon en verre \u00e9conomique 100% recyclable avec pipette en verre et t\u00e9tine en caoutchouc naturel.<\/strong><\/p>\n<p>30ml &#8211; 1fl.oz.<\/p>\n<p><img decoding=\"async\" class=\" wp-image-9996\" src=\"https:\/\/ydrosia.com\/wp-content\/uploads\/2023\/12\/50-5-1024x576.png\" alt=\"Ic\u00f4ne Natural, Bio, Vegan et sensitiv skin\" width=\"299\" height=\"168\" srcset=\"https:\/\/ydrosia.com\/wp-content\/uploads\/2023\/12\/50-5-1024x576.png 1024w, https:\/\/ydrosia.com\/wp-content\/uploads\/2023\/12\/50-5-300x169.png 300w, https:\/\/ydrosia.com\/wp-content\/uploads\/2023\/12\/50-5-768x432.png 768w, https:\/\/ydrosia.com\/wp-content\/uploads\/2023\/12\/50-5-324x182.png 324w, https:\/\/ydrosia.com\/wp-content\/uploads\/2023\/12\/50-5-416x234.png 416w, https:\/\/ydrosia.com\/wp-content\/uploads\/2023\/12\/50-5.png 1366w\" sizes=\"(max-width: 299px) 100vw, 299px\" \/><\/p>\n","protected":false},"excerpt":{"rendered":"<p><strong><em>Les imparfaits \u2665\u2665<\/em><\/strong><\/p>\n<p><em><strong>Des flacons aux \u00e9tiquettes l\u00e9g\u00e8rement endommag\u00e9es <\/strong><\/em>mais une formule intacte et toujours aussi pr\u00e9cieuse.<\/p>\n<p>Parce que <strong>chaque goutte compte<\/strong> et que <strong>rien ne se perd<\/strong>, YDROSIA vous propose <strong><em>Les imparfaits<\/em><\/strong>\u00a0\u00e0 un tarif exclusif.<\/p>\n<p><strong>&#8211; 40%<\/strong> de remise \u00e0 l&#8217;achat d&#8217;<strong>1 flacon imparfait<\/strong><br \/>\n<strong>&#8211; 50%<\/strong> de remise \u00e0 l&#8217;achat de <strong>2 flacons imparfaits<\/strong><br \/>\n<strong>&#8211; 60%<\/strong> de remise \u00e0 l&#8217;achat de <strong>3 flacons imparfaits<\/strong><\/p>\n<p>Cette <u>offre est valable jusqu&#8217;\u00e0 \u00e9puisement du stock<\/u> et ne peut pas \u00eatre cumul\u00e9e avec les offres en cours.<\/p>\n<p>En savoir plus sur l&#8217;Elixir :<\/p>\n<p><a href=\"https:\/\/ydrosia.com\/fr\/produit\/elixir-antioxydant\/\">https:\/\/ydrosia.com\/fr\/produit\/elixir-antioxydant\/<\/a><\/p>\n<p>En savoir plus sur le Bachuchiol :<\/p>\n<p><a href=\"https:\/\/ydrosia.com\/fr\/le-bakuchiol-une-mine-de-bienfaits-pour-votre-peau\/\">https:\/\/ydrosia.com\/fr\/le-bakuchiol-une-mine-de-bienfaits-pour-votre-peau\/<\/a><\/p>\n<p><img decoding=\"async\" class=\" wp-image-9996\" src=\"https:\/\/ydrosia.com\/wp-content\/uploads\/2023\/12\/50-5-1024x576.png\" alt=\"Ic\u00f4ne Natural, Bio, Vegan et sensitiv skin\" width=\"299\" height=\"168\" srcset=\"https:\/\/ydrosia.com\/wp-content\/uploads\/2023\/12\/50-5-1024x576.png 1024w, https:\/\/ydrosia.com\/wp-content\/uploads\/2023\/12\/50-5-300x169.png 300w, https:\/\/ydrosia.com\/wp-content\/uploads\/2023\/12\/50-5-768x432.png 768w, https:\/\/ydrosia.com\/wp-content\/uploads\/2023\/12\/50-5-324x182.png 324w, https:\/\/ydrosia.com\/wp-content\/uploads\/2023\/12\/50-5-416x234.png 416w, https:\/\/ydrosia.com\/wp-content\/uploads\/2023\/12\/50-5.png 1366w\" sizes=\"(max-width: 299px) 100vw, 299px\" \/><\/p>\n","protected":false},"featured_media":11081,"comment_status":"open","ping_status":"closed","template":"","meta":[],"product_brand":[],"product_cat":[376,94],"product_tag":[377,380,379,378],"class_list":{"0":"post-11065","1":"product","2":"type-product","3":"status-publish","4":"has-post-thumbnail","6":"product_cat-elixir","7":"product_cat-soins","8":"product_tag-elixir","9":"product_tag-illumine-le-teint","10":"product_tag-peaux-sensibles","11":"product_tag-serum","12":"product_shipping_class-paquet-flacon","14":"first","15":"onbackorder","16":"shipping-taxable","17":"purchasable","18":"product-type-simple"},"yoast_head":"<!-- This site is optimized with the Yoast SEO Premium plugin v26.3 (Yoast SEO v27.4) - https:\/\/yoast.com\/product\/yoast-seo-premium-wordpress\/ -->\n<title>Les imparfaits - YDROSIA<\/title>\n<meta name=\"description\" content=\"Les Imparfaits : des flacons aux \u00e9tiquettes l\u00e9g\u00e8rement endommag\u00e9es mais une formule intacte et toujours aussi pr\u00e9cieuse. Des prix avantageux.\" \/>\n<meta name=\"robots\" content=\"index, follow, max-snippet:-1, max-image-preview:large, max-video-preview:-1\" \/>\n<link rel=\"canonical\" href=\"https:\/\/ydrosia.com\/fr\/produit\/les-imparfaits\/\" \/>\n<meta property=\"og:locale\" content=\"fr_FR\" \/>\n<meta property=\"og:type\" content=\"article\" \/>\n<meta property=\"og:title\" content=\"Les imparfaits\" \/>\n<meta property=\"og:description\" content=\"Les Imparfaits : des flacons aux \u00e9tiquettes l\u00e9g\u00e8rement endommag\u00e9es mais une formule intacte et toujours aussi pr\u00e9cieuse. Des prix avantageux.\" \/>\n<meta property=\"og:url\" content=\"https:\/\/ydrosia.com\/fr\/produit\/les-imparfaits\/\" \/>\n<meta property=\"og:site_name\" content=\"YDROSIA\" \/>\n<meta property=\"article:publisher\" content=\"https:\/\/www.facebook.com\/ydrosia\/\" \/>\n<meta property=\"article:modified_time\" content=\"2025-09-23T11:43:58+00:00\" \/>\n<meta property=\"og:image\" content=\"https:\/\/ydrosia.com\/wp-content\/uploads\/2025\/08\/Design-sans-titre-2-scaled.png\" \/>\n\t<meta property=\"og:image:width\" content=\"1638\" \/>\n\t<meta property=\"og:image:height\" content=\"2048\" \/>\n\t<meta property=\"og:image:type\" content=\"image\/png\" \/>\n<meta name=\"twitter:card\" content=\"summary_large_image\" \/>\n<meta name=\"twitter:label1\" content=\"Prix\" \/>\n\t<meta name=\"twitter:data1\" content=\"54,00&nbsp;&euro;\" \/>\n\t<meta name=\"twitter:label2\" content=\"Disponibilit\u00e9\" \/>\n\t<meta name=\"twitter:data2\" content=\"En r\u00e9assort\" \/>\n<script type=\"application\/ld+json\" class=\"yoast-schema-graph\">{\"@context\":\"https:\\\/\\\/schema.org\",\"@graph\":[{\"@type\":\"WebPage\",\"@id\":\"https:\\\/\\\/ydrosia.com\\\/fr\\\/produit\\\/les-imparfaits\\\/\",\"url\":\"https:\\\/\\\/ydrosia.com\\\/fr\\\/produit\\\/les-imparfaits\\\/\",\"name\":\"Les imparfaits - YDROSIA\",\"isPartOf\":{\"@id\":\"https:\\\/\\\/ydrosia.com\\\/fr\\\/#website\"},\"primaryImageOfPage\":{\"@id\":\"https:\\\/\\\/ydrosia.com\\\/fr\\\/produit\\\/les-imparfaits\\\/#primaryimage\"},\"image\":{\"@id\":\"https:\\\/\\\/ydrosia.com\\\/fr\\\/produit\\\/les-imparfaits\\\/#primaryimage\"},\"thumbnailUrl\":\"https:\\\/\\\/ydrosia.com\\\/wp-content\\\/uploads\\\/2025\\\/08\\\/Design-sans-titre-2-scaled.png\",\"datePublished\":\"2025-08-28T16:31:39+00:00\",\"dateModified\":\"2025-09-23T11:43:58+00:00\",\"description\":\"Les Imparfaits : des flacons aux \u00e9tiquettes l\u00e9g\u00e8rement endommag\u00e9es mais une formule intacte et toujours aussi pr\u00e9cieuse. Des prix avantageux.\",\"breadcrumb\":{\"@id\":\"https:\\\/\\\/ydrosia.com\\\/fr\\\/produit\\\/les-imparfaits\\\/#breadcrumb\"},\"inLanguage\":\"fr-FR\",\"potentialAction\":[{\"@type\":\"ReadAction\",\"target\":[\"https:\\\/\\\/ydrosia.com\\\/fr\\\/produit\\\/les-imparfaits\\\/\"]}]},{\"@type\":\"ImageObject\",\"inLanguage\":\"fr-FR\",\"@id\":\"https:\\\/\\\/ydrosia.com\\\/fr\\\/produit\\\/les-imparfaits\\\/#primaryimage\",\"url\":\"https:\\\/\\\/ydrosia.com\\\/wp-content\\\/uploads\\\/2025\\\/08\\\/Design-sans-titre-2-scaled.png\",\"contentUrl\":\"https:\\\/\\\/ydrosia.com\\\/wp-content\\\/uploads\\\/2025\\\/08\\\/Design-sans-titre-2-scaled.png\",\"width\":1638,\"height\":2048,\"caption\":\"Offre sp\u00e9ciale sur les flacons de l'Elixir Antioxydant avec \u00e9tiquettes abim\u00e9es\"},{\"@type\":\"BreadcrumbList\",\"@id\":\"https:\\\/\\\/ydrosia.com\\\/fr\\\/produit\\\/les-imparfaits\\\/#breadcrumb\",\"itemListElement\":[{\"@type\":\"ListItem\",\"position\":1,\"name\":\"Home\",\"item\":\"https:\\\/\\\/ydrosia.com\\\/fr\\\/\"},{\"@type\":\"ListItem\",\"position\":2,\"name\":\"Boutique\",\"item\":\"https:\\\/\\\/ydrosia.com\\\/fr\\\/shop\\\/\"},{\"@type\":\"ListItem\",\"position\":3,\"name\":\"Les imparfaits\"}]},{\"@type\":\"WebSite\",\"@id\":\"https:\\\/\\\/ydrosia.com\\\/fr\\\/#website\",\"url\":\"https:\\\/\\\/ydrosia.com\\\/fr\\\/\",\"name\":\"YDROSIA\",\"description\":\"Essential skincare\",\"publisher\":{\"@id\":\"https:\\\/\\\/ydrosia.com\\\/fr\\\/#organization\"},\"potentialAction\":[{\"@type\":\"SearchAction\",\"target\":{\"@type\":\"EntryPoint\",\"urlTemplate\":\"https:\\\/\\\/ydrosia.com\\\/fr\\\/?s={search_term_string}\"},\"query-input\":{\"@type\":\"PropertyValueSpecification\",\"valueRequired\":true,\"valueName\":\"search_term_string\"}}],\"inLanguage\":\"fr-FR\"},{\"@type\":[\"Organization\",\"Place\"],\"@id\":\"https:\\\/\\\/ydrosia.com\\\/fr\\\/#organization\",\"name\":\"YDROSIA\",\"url\":\"https:\\\/\\\/ydrosia.com\\\/fr\\\/\",\"logo\":{\"@id\":\"https:\\\/\\\/ydrosia.com\\\/fr\\\/produit\\\/les-imparfaits\\\/#local-main-organization-logo\"},\"image\":{\"@id\":\"https:\\\/\\\/ydrosia.com\\\/fr\\\/produit\\\/les-imparfaits\\\/#local-main-organization-logo\"},\"sameAs\":[\"https:\\\/\\\/www.facebook.com\\\/ydrosia\\\/\",\"https:\\\/\\\/www.instagram.com\\\/ydrosiaskincare\\\/\",\"https:\\\/\\\/www.linkedin.com\\\/company\\\/ydrosia\",\"https:\\\/\\\/www.pinterest.com\\\/ydrosia\\\/\",\"https:\\\/\\\/www.youtube.com\\\/channel\\\/UC_-zs6ZyqUVKBFGqSDyPVug\"],\"telephone\":[],\"openingHoursSpecification\":[{\"@type\":\"OpeningHoursSpecification\",\"dayOfWeek\":[\"Monday\",\"Tuesday\",\"Wednesday\",\"Thursday\",\"Friday\",\"Saturday\",\"Sunday\"],\"opens\":\"09:00\",\"closes\":\"17:00\"}]},{\"@type\":\"ImageObject\",\"inLanguage\":\"fr-FR\",\"@id\":\"https:\\\/\\\/ydrosia.com\\\/fr\\\/produit\\\/les-imparfaits\\\/#local-main-organization-logo\",\"url\":\"https:\\\/\\\/ydrosia.com\\\/wp-content\\\/uploads\\\/2021\\\/10\\\/BE-MIST.jpg\",\"contentUrl\":\"https:\\\/\\\/ydrosia.com\\\/wp-content\\\/uploads\\\/2021\\\/10\\\/BE-MIST.jpg\",\"width\":1080,\"height\":1080,\"caption\":\"YDROSIA\"}]}<\/script>\n<meta property=\"product:price:amount\" content=\"54.00\" \/>\n<meta property=\"product:price:currency\" content=\"EUR\" \/>\n<meta property=\"og:availability\" content=\"backorder\" \/>\n<meta property=\"product:availability\" content=\"available for order\" \/>\n<meta property=\"product:retailer_item_id\" content=\"05430001813074-1\" \/>\n<meta property=\"product:condition\" content=\"new\" \/>\n<!-- \/ Yoast SEO Premium plugin. -->","yoast_head_json":{"title":"Les imparfaits - YDROSIA","description":"Les Imparfaits : des flacons aux \u00e9tiquettes l\u00e9g\u00e8rement endommag\u00e9es mais une formule intacte et toujours aussi pr\u00e9cieuse. Des prix avantageux.","robots":{"index":"index","follow":"follow","max-snippet":"max-snippet:-1","max-image-preview":"max-image-preview:large","max-video-preview":"max-video-preview:-1"},"canonical":"https:\/\/ydrosia.com\/fr\/produit\/les-imparfaits\/","og_locale":"fr_FR","og_type":"article","og_title":"Les imparfaits","og_description":"Les Imparfaits : des flacons aux \u00e9tiquettes l\u00e9g\u00e8rement endommag\u00e9es mais une formule intacte et toujours aussi pr\u00e9cieuse. Des prix avantageux.","og_url":"https:\/\/ydrosia.com\/fr\/produit\/les-imparfaits\/","og_site_name":"YDROSIA","article_publisher":"https:\/\/www.facebook.com\/ydrosia\/","article_modified_time":"2025-09-23T11:43:58+00:00","og_image":[{"width":1638,"height":2048,"url":"https:\/\/ydrosia.com\/wp-content\/uploads\/2025\/08\/Design-sans-titre-2-scaled.png","type":"image\/png"}],"twitter_card":"summary_large_image","twitter_misc":{"Prix":"54,00&nbsp;&euro;","Disponibilit\u00e9":"En r\u00e9assort"},"schema":{"@context":"https:\/\/schema.org","@graph":[{"@type":"WebPage","@id":"https:\/\/ydrosia.com\/fr\/produit\/les-imparfaits\/","url":"https:\/\/ydrosia.com\/fr\/produit\/les-imparfaits\/","name":"Les imparfaits - YDROSIA","isPartOf":{"@id":"https:\/\/ydrosia.com\/fr\/#website"},"primaryImageOfPage":{"@id":"https:\/\/ydrosia.com\/fr\/produit\/les-imparfaits\/#primaryimage"},"image":{"@id":"https:\/\/ydrosia.com\/fr\/produit\/les-imparfaits\/#primaryimage"},"thumbnailUrl":"https:\/\/ydrosia.com\/wp-content\/uploads\/2025\/08\/Design-sans-titre-2-scaled.png","datePublished":"2025-08-28T16:31:39+00:00","dateModified":"2025-09-23T11:43:58+00:00","description":"Les Imparfaits : des flacons aux \u00e9tiquettes l\u00e9g\u00e8rement endommag\u00e9es mais une formule intacte et toujours aussi pr\u00e9cieuse. Des prix avantageux.","breadcrumb":{"@id":"https:\/\/ydrosia.com\/fr\/produit\/les-imparfaits\/#breadcrumb"},"inLanguage":"fr-FR","potentialAction":[{"@type":"ReadAction","target":["https:\/\/ydrosia.com\/fr\/produit\/les-imparfaits\/"]}]},{"@type":"ImageObject","inLanguage":"fr-FR","@id":"https:\/\/ydrosia.com\/fr\/produit\/les-imparfaits\/#primaryimage","url":"https:\/\/ydrosia.com\/wp-content\/uploads\/2025\/08\/Design-sans-titre-2-scaled.png","contentUrl":"https:\/\/ydrosia.com\/wp-content\/uploads\/2025\/08\/Design-sans-titre-2-scaled.png","width":1638,"height":2048,"caption":"Offre sp\u00e9ciale sur les flacons de l'Elixir Antioxydant avec \u00e9tiquettes abim\u00e9es"},{"@type":"BreadcrumbList","@id":"https:\/\/ydrosia.com\/fr\/produit\/les-imparfaits\/#breadcrumb","itemListElement":[{"@type":"ListItem","position":1,"name":"Home","item":"https:\/\/ydrosia.com\/fr\/"},{"@type":"ListItem","position":2,"name":"Boutique","item":"https:\/\/ydrosia.com\/fr\/shop\/"},{"@type":"ListItem","position":3,"name":"Les imparfaits"}]},{"@type":"WebSite","@id":"https:\/\/ydrosia.com\/fr\/#website","url":"https:\/\/ydrosia.com\/fr\/","name":"YDROSIA","description":"Essential skincare","publisher":{"@id":"https:\/\/ydrosia.com\/fr\/#organization"},"potentialAction":[{"@type":"SearchAction","target":{"@type":"EntryPoint","urlTemplate":"https:\/\/ydrosia.com\/fr\/?s={search_term_string}"},"query-input":{"@type":"PropertyValueSpecification","valueRequired":true,"valueName":"search_term_string"}}],"inLanguage":"fr-FR"},{"@type":["Organization","Place"],"@id":"https:\/\/ydrosia.com\/fr\/#organization","name":"YDROSIA","url":"https:\/\/ydrosia.com\/fr\/","logo":{"@id":"https:\/\/ydrosia.com\/fr\/produit\/les-imparfaits\/#local-main-organization-logo"},"image":{"@id":"https:\/\/ydrosia.com\/fr\/produit\/les-imparfaits\/#local-main-organization-logo"},"sameAs":["https:\/\/www.facebook.com\/ydrosia\/","https:\/\/www.instagram.com\/ydrosiaskincare\/","https:\/\/www.linkedin.com\/company\/ydrosia","https:\/\/www.pinterest.com\/ydrosia\/","https:\/\/www.youtube.com\/channel\/UC_-zs6ZyqUVKBFGqSDyPVug"],"telephone":[],"openingHoursSpecification":[{"@type":"OpeningHoursSpecification","dayOfWeek":["Monday","Tuesday","Wednesday","Thursday","Friday","Saturday","Sunday"],"opens":"09:00","closes":"17:00"}]},{"@type":"ImageObject","inLanguage":"fr-FR","@id":"https:\/\/ydrosia.com\/fr\/produit\/les-imparfaits\/#local-main-organization-logo","url":"https:\/\/ydrosia.com\/wp-content\/uploads\/2021\/10\/BE-MIST.jpg","contentUrl":"https:\/\/ydrosia.com\/wp-content\/uploads\/2021\/10\/BE-MIST.jpg","width":1080,"height":1080,"caption":"YDROSIA"}]},"product_price_amount":"54.00","product_price_currency":"EUR","og_availability":"backorder","product_availability":"available for order","product_retailer_item_id":"05430001813074-1","product_condition":"new"},"jetpack_sharing_enabled":true,"_links":{"self":[{"href":"https:\/\/ydrosia.com\/fr\/wp-json\/wp\/v2\/product\/11065","targetHints":{"allow":["GET"]}}],"collection":[{"href":"https:\/\/ydrosia.com\/fr\/wp-json\/wp\/v2\/product"}],"about":[{"href":"https:\/\/ydrosia.com\/fr\/wp-json\/wp\/v2\/types\/product"}],"replies":[{"embeddable":true,"href":"https:\/\/ydrosia.com\/fr\/wp-json\/wp\/v2\/comments?post=11065"}],"wp:featuredmedia":[{"embeddable":true,"href":"https:\/\/ydrosia.com\/fr\/wp-json\/wp\/v2\/media\/11081"}],"wp:attachment":[{"href":"https:\/\/ydrosia.com\/fr\/wp-json\/wp\/v2\/media?parent=11065"}],"wp:term":[{"taxonomy":"product_brand","embeddable":true,"href":"https:\/\/ydrosia.com\/fr\/wp-json\/wp\/v2\/product_brand?post=11065"},{"taxonomy":"product_cat","embeddable":true,"href":"https:\/\/ydrosia.com\/fr\/wp-json\/wp\/v2\/product_cat?post=11065"},{"taxonomy":"product_tag","embeddable":true,"href":"https:\/\/ydrosia.com\/fr\/wp-json\/wp\/v2\/product_tag?post=11065"}],"curies":[{"name":"wp","href":"https:\/\/api.w.org\/{rel}","templated":true}]}}