{"id":11050,"date":"2025-06-14T18:42:30","date_gmt":"2025-06-14T16:42:30","guid":{"rendered":"https:\/\/ydrosia.com\/?post_type=product&#038;p=11050"},"modified":"2026-03-10T18:58:07","modified_gmt":"2026-03-10T17:58:07","slug":"le-trio","status":"publish","type":"product","link":"https:\/\/ydrosia.com\/fr\/produit\/le-trio\/","title":{"rendered":"LE TRIO"},"content":{"rendered":"<h4><strong>Le TRIO : L&#8217;Essence D\u00e9tox Vitalit\u00e9, l&#8217;Elixir Antioxydant et la brosse visage.<\/strong><\/h4>\n<h4><strong>Brosser, Hydrater, Nourrir : Voici notre routine beaut\u00e9 compl\u00e8te !<\/strong><\/h4>\n<p><strong>L&#8217;Essence D\u00e9tox Vitalit\u00e9 et l&#8217;Elixir Antioxydant<\/strong> utilis\u00e9s ensemble forment un <strong>v\u00e9ritable duo booster<\/strong> pour l&#8217;\u00e9piderme. En quelques jours la peau est plus souple, plus douce, intens\u00e9ment repulp\u00e9e et r\u00e9\u00e9quilibr\u00e9e. Ainsi, la synergie de ces deux soins <strong>gorg\u00e9s d&#8217;actifs naturels<\/strong> permettent de retrouver instantan\u00e9ment <strong>une peau \u00e9clatante<\/strong>.<\/p>\n<h3><strong>L\u2019Essence D\u00e9tox \u2013 Vitalit\u00e9<\/strong> :<\/h3>\n<p>C&#8217;est une brume de beaut\u00e9 hydratante multi-usages et polyvalente qui illumine instantan\u00e9ment le teint. Elle s&#8217;utilise dans toutes les circonstances o\u00f9 la peau \u00e0 besoin de rester fraiche et hydrat\u00e9e. Sa formule riche en actifs antioxydants et acide hyaluronique r\u00e9\u00e9quilibre et renforce la barri\u00e8re cutan\u00e9e de la peau. L&#8217;Essence D\u00e9tox Vitalit\u00e9 permet de retrouver un teint frais et lumineux.<\/p>\n<p><strong>Elle ne contient ni huile v\u00e9g\u00e9tale ni huile essentielle, et est exempt de parfum et d\u2019alcool.<\/strong><\/p>\n<p>L\u2019Essence d\u00e9tox vitalit\u00e9 convient \u00e0 toutes les peaux et se partage volontiers avec les hommes dont elle hydrate la peau sans la graisser, apaise le feu du rasoir et prend soin de leur barbe.<\/p>\n<p>Enfin, notre brume est particuli\u00e8rement recommand\u00e9 lors des cures d\u00e9tox et des p\u00e9riodes de stress.<\/p>\n<ul>\n<li><strong>99,89%<\/strong> du total des ingr\u00e9dients sont d\u2019origine naturelle.<\/li>\n<li><strong>78%<\/strong>\u00a0du total des ingr\u00e9dients sont issus de l\u2019agriculture biologique.<\/li>\n<\/ul>\n<picture><source srcset=\"https:\/\/ydrosia.com\/wp-content\/uploads\/2020\/02\/Logo-ECOCERTCosmos-Organic-Black-copie-300x300.jpg.webp\" type=\"image\/webp\" \/><\/picture>\n<p>Contenant : 50ml \u2013 1.7fl oz<\/p>\n<hr \/>\n<h3><strong>L&#8217;Elixir Antioxydant<\/strong> :<\/h3>\n<p>Cet \u00e9lixir puissant est l\u2019alli\u00e9 des peaux affam\u00e9es, sensibles et r\u00e9actives. C&#8217;est une synergie unique d\u2019<strong>huiles pr\u00e9cieuses, d\u2019extraits de graines de bakuchiol (2%), et de fleurs de vanille. <\/strong>Ses propri\u00e9t\u00e9s anti-inflammatoires et anti-oxydantes aident les peaux sensibles \u00e0 retrouver un \u00e9piderme souple, sain et repulp\u00e9.<\/p>\n<p>Ce s\u00e9rum visage de grande qualit\u00e9 offre une protection efficace contre les radicaux libres, les agressions environnementales et les signes de l\u2019\u00e2ge. Sa formule est unique. Ainsi, <strong>riche en actifs antioxydants<\/strong>\u00a0naturels, cette\u00a0<strong>huile pr\u00e9cieuse<\/strong>\u00a0hydrate, illumine et uniformise le teint, nourrit la peau en profondeur, et am\u00e9liore son \u00e9lasticit\u00e9 et sa fermet\u00e9.<\/p>\n<ul>\n<li><strong>100%<\/strong>\u00a0du total des ingr\u00e9dients sont d\u2019origine naturelle.<\/li>\n<li><strong>99,5%<\/strong>\u00a0du total des ingr\u00e9dients sont issus de l\u2019agriculture biologique.<\/li>\n<\/ul>\n<picture><source srcset=\"https:\/\/ydrosia.com\/wp-content\/uploads\/2020\/02\/Logo-ECOCERTCosmos-Organic-Black-copie-300x300.jpg.webp\" type=\"image\/webp\" \/><\/picture>\n<picture class=\"wp-image-9977\"><source srcset=\"https:\/\/ydrosia.com\/wp-content\/uploads\/2023\/12\/Design-sans-titre-14-1024x1024.png.webp\" type=\"image\/webp\" \/><\/picture>\n<p>Contenant : 30ml \u2013 1fl oz<\/p>\n","protected":false},"excerpt":{"rendered":"<h4><strong>Le DUO : L&#8217;Essence D\u00e9tox Vitalit\u00e9 et l&#8217;Elixir Antioxydant<\/strong><\/h4>\n<h4><strong>La routine beaut\u00e9 Hydratation\/Nutrition by YDROSIA.\u00a0<\/strong><\/h4>\n<p>L&#8217;Essence D\u00e9tox VItalit\u00e9 et l&#8217;Elixir antioxydant utilis\u00e9s ensemble donne un vrai coup de boost \u00e0 l&#8217;\u00e9piderme. En quelques jours la peau est plus souple, plus douce, repulp\u00e9e et r\u00e9\u00e9quilibr\u00e9e. La synergie de ces deux soins gorg\u00e9s d&#8217;actifs naturels permettent de retrouver instantan\u00e9ment une peau \u00e9clatante.<\/p>\n<p>Nos soins conviennent \u00e0 toutes les peaux, m\u00eame les plus sensibles.<\/p>\n<picture class=\"wp-image-9977\"><source srcset=\"https:\/\/ydrosia.com\/wp-content\/uploads\/2023\/12\/Design-sans-titre-14-1024x1024.png.webp\" type=\"image\/webp\" \/><\/picture>\n","protected":false},"featured_media":10684,"comment_status":"closed","ping_status":"closed","template":"","meta":[],"product_brand":[],"product_cat":[15,376,373],"product_tag":[379,258,267],"class_list":{"0":"post-11050","1":"product","2":"type-product","3":"status-publish","4":"has-post-thumbnail","6":"product_cat-brume-essentielle","7":"product_cat-elixir","8":"product_cat-packs","9":"product_tag-peaux-sensibles","10":"product_tag-routine-beaute","11":"product_tag-set-voyage","12":"product_shipping_class-coffret","14":"first","15":"outofstock","16":"featured","17":"shipping-taxable","18":"purchasable","19":"product-type-simple"},"yoast_head":"<!-- This site is optimized with the Yoast SEO Premium plugin v26.3 (Yoast SEO v27.4) - https:\/\/yoast.com\/product\/yoast-seo-premium-wordpress\/ -->\n<title>LE TRIO - YDROSIA<\/title>\n<meta name=\"description\" content=\"Le DUO : L&#039;Essence D\u00e9tox Vitalit\u00e9 et l&#039;Elixir Antioxydant, la routine beaut\u00e9 Hydratation\/Nutrition by YDROSIA pour retrouver une peau \u00e9clatante.\" \/>\n<meta name=\"robots\" content=\"index, follow, max-snippet:-1, max-image-preview:large, max-video-preview:-1\" \/>\n<link rel=\"canonical\" href=\"https:\/\/ydrosia.com\/fr\/produit\/le-trio\/\" \/>\n<meta property=\"og:locale\" content=\"fr_FR\" \/>\n<meta property=\"og:type\" content=\"article\" \/>\n<meta property=\"og:title\" content=\"LE TRIO\" \/>\n<meta property=\"og:description\" content=\"Le DUO : L&#039;Essence D\u00e9tox Vitalit\u00e9 et l&#039;Elixir Antioxydant, la routine beaut\u00e9 Hydratation\/Nutrition by YDROSIA pour retrouver une peau \u00e9clatante.\" \/>\n<meta property=\"og:url\" content=\"https:\/\/ydrosia.com\/fr\/produit\/le-trio\/\" \/>\n<meta property=\"og:site_name\" content=\"YDROSIA\" \/>\n<meta property=\"article:publisher\" content=\"https:\/\/www.facebook.com\/ydrosia\/\" \/>\n<meta property=\"article:modified_time\" content=\"2026-03-10T17:58:07+00:00\" \/>\n<meta property=\"og:image\" content=\"https:\/\/ydrosia.com\/wp-content\/uploads\/2023\/04\/9G9B8680-scaled.jpeg\" \/>\n\t<meta property=\"og:image:width\" content=\"1536\" \/>\n\t<meta property=\"og:image:height\" content=\"2048\" \/>\n\t<meta property=\"og:image:type\" content=\"image\/jpeg\" \/>\n<meta name=\"twitter:card\" content=\"summary_large_image\" \/>\n<meta name=\"twitter:label1\" content=\"Prix\" \/>\n\t<meta name=\"twitter:data1\" content=\"110,00&nbsp;&euro;\" \/>\n\t<meta name=\"twitter:label2\" content=\"Disponibilit\u00e9\" \/>\n\t<meta name=\"twitter:data2\" content=\"Rupture de stock\" \/>\n<script type=\"application\/ld+json\" class=\"yoast-schema-graph\">{\"@context\":\"https:\\\/\\\/schema.org\",\"@graph\":[{\"@type\":\"WebPage\",\"@id\":\"https:\\\/\\\/ydrosia.com\\\/fr\\\/produit\\\/le-trio\\\/\",\"url\":\"https:\\\/\\\/ydrosia.com\\\/fr\\\/produit\\\/le-trio\\\/\",\"name\":\"LE TRIO - YDROSIA\",\"isPartOf\":{\"@id\":\"https:\\\/\\\/ydrosia.com\\\/fr\\\/#website\"},\"primaryImageOfPage\":{\"@id\":\"https:\\\/\\\/ydrosia.com\\\/fr\\\/produit\\\/le-trio\\\/#primaryimage\"},\"image\":{\"@id\":\"https:\\\/\\\/ydrosia.com\\\/fr\\\/produit\\\/le-trio\\\/#primaryimage\"},\"thumbnailUrl\":\"https:\\\/\\\/ydrosia.com\\\/wp-content\\\/uploads\\\/2023\\\/04\\\/9G9B8680-scaled.jpeg\",\"datePublished\":\"2025-06-14T16:42:30+00:00\",\"dateModified\":\"2026-03-10T17:58:07+00:00\",\"description\":\"Le DUO : L'Essence D\u00e9tox Vitalit\u00e9 et l'Elixir Antioxydant, la routine beaut\u00e9 Hydratation\\\/Nutrition by YDROSIA pour retrouver une peau \u00e9clatante.\",\"breadcrumb\":{\"@id\":\"https:\\\/\\\/ydrosia.com\\\/fr\\\/produit\\\/le-trio\\\/#breadcrumb\"},\"inLanguage\":\"fr-FR\",\"potentialAction\":[{\"@type\":\"ReadAction\",\"target\":[\"https:\\\/\\\/ydrosia.com\\\/fr\\\/produit\\\/le-trio\\\/\"]}]},{\"@type\":\"ImageObject\",\"inLanguage\":\"fr-FR\",\"@id\":\"https:\\\/\\\/ydrosia.com\\\/fr\\\/produit\\\/le-trio\\\/#primaryimage\",\"url\":\"https:\\\/\\\/ydrosia.com\\\/wp-content\\\/uploads\\\/2023\\\/04\\\/9G9B8680-scaled.jpeg\",\"contentUrl\":\"https:\\\/\\\/ydrosia.com\\\/wp-content\\\/uploads\\\/2023\\\/04\\\/9G9B8680-scaled.jpeg\",\"width\":1536,\"height\":2048,\"caption\":\"Le Duo - Essence d\u00e9tox + Elixir antioxydant\"},{\"@type\":\"BreadcrumbList\",\"@id\":\"https:\\\/\\\/ydrosia.com\\\/fr\\\/produit\\\/le-trio\\\/#breadcrumb\",\"itemListElement\":[{\"@type\":\"ListItem\",\"position\":1,\"name\":\"Home\",\"item\":\"https:\\\/\\\/ydrosia.com\\\/fr\\\/\"},{\"@type\":\"ListItem\",\"position\":2,\"name\":\"Boutique\",\"item\":\"https:\\\/\\\/ydrosia.com\\\/fr\\\/shop\\\/\"},{\"@type\":\"ListItem\",\"position\":3,\"name\":\"LE TRIO\"}]},{\"@type\":\"WebSite\",\"@id\":\"https:\\\/\\\/ydrosia.com\\\/fr\\\/#website\",\"url\":\"https:\\\/\\\/ydrosia.com\\\/fr\\\/\",\"name\":\"YDROSIA\",\"description\":\"Essential skincare\",\"publisher\":{\"@id\":\"https:\\\/\\\/ydrosia.com\\\/fr\\\/#organization\"},\"potentialAction\":[{\"@type\":\"SearchAction\",\"target\":{\"@type\":\"EntryPoint\",\"urlTemplate\":\"https:\\\/\\\/ydrosia.com\\\/fr\\\/?s={search_term_string}\"},\"query-input\":{\"@type\":\"PropertyValueSpecification\",\"valueRequired\":true,\"valueName\":\"search_term_string\"}}],\"inLanguage\":\"fr-FR\"},{\"@type\":[\"Organization\",\"Place\"],\"@id\":\"https:\\\/\\\/ydrosia.com\\\/fr\\\/#organization\",\"name\":\"YDROSIA\",\"url\":\"https:\\\/\\\/ydrosia.com\\\/fr\\\/\",\"logo\":{\"@id\":\"https:\\\/\\\/ydrosia.com\\\/fr\\\/produit\\\/le-trio\\\/#local-main-organization-logo\"},\"image\":{\"@id\":\"https:\\\/\\\/ydrosia.com\\\/fr\\\/produit\\\/le-trio\\\/#local-main-organization-logo\"},\"sameAs\":[\"https:\\\/\\\/www.facebook.com\\\/ydrosia\\\/\",\"https:\\\/\\\/www.instagram.com\\\/ydrosiaskincare\\\/\",\"https:\\\/\\\/www.linkedin.com\\\/company\\\/ydrosia\",\"https:\\\/\\\/www.pinterest.com\\\/ydrosia\\\/\",\"https:\\\/\\\/www.youtube.com\\\/channel\\\/UC_-zs6ZyqUVKBFGqSDyPVug\"],\"telephone\":[],\"openingHoursSpecification\":[{\"@type\":\"OpeningHoursSpecification\",\"dayOfWeek\":[\"Monday\",\"Tuesday\",\"Wednesday\",\"Thursday\",\"Friday\",\"Saturday\",\"Sunday\"],\"opens\":\"09:00\",\"closes\":\"17:00\"}]},{\"@type\":\"ImageObject\",\"inLanguage\":\"fr-FR\",\"@id\":\"https:\\\/\\\/ydrosia.com\\\/fr\\\/produit\\\/le-trio\\\/#local-main-organization-logo\",\"url\":\"https:\\\/\\\/ydrosia.com\\\/wp-content\\\/uploads\\\/2021\\\/10\\\/BE-MIST.jpg\",\"contentUrl\":\"https:\\\/\\\/ydrosia.com\\\/wp-content\\\/uploads\\\/2021\\\/10\\\/BE-MIST.jpg\",\"width\":1080,\"height\":1080,\"caption\":\"YDROSIA\"}]}<\/script>\n<meta property=\"product:price:amount\" content=\"110.00\" \/>\n<meta property=\"product:price:currency\" content=\"EUR\" \/>\n<meta property=\"og:availability\" content=\"out of stock\" \/>\n<meta property=\"product:availability\" content=\"out of stock\" \/>\n<meta property=\"product:condition\" content=\"new\" \/>\n<!-- \/ Yoast SEO Premium plugin. -->","yoast_head_json":{"title":"LE TRIO - YDROSIA","description":"Le DUO : L'Essence D\u00e9tox Vitalit\u00e9 et l'Elixir Antioxydant, la routine beaut\u00e9 Hydratation\/Nutrition by YDROSIA pour retrouver une peau \u00e9clatante.","robots":{"index":"index","follow":"follow","max-snippet":"max-snippet:-1","max-image-preview":"max-image-preview:large","max-video-preview":"max-video-preview:-1"},"canonical":"https:\/\/ydrosia.com\/fr\/produit\/le-trio\/","og_locale":"fr_FR","og_type":"article","og_title":"LE TRIO","og_description":"Le DUO : L'Essence D\u00e9tox Vitalit\u00e9 et l'Elixir Antioxydant, la routine beaut\u00e9 Hydratation\/Nutrition by YDROSIA pour retrouver une peau \u00e9clatante.","og_url":"https:\/\/ydrosia.com\/fr\/produit\/le-trio\/","og_site_name":"YDROSIA","article_publisher":"https:\/\/www.facebook.com\/ydrosia\/","article_modified_time":"2026-03-10T17:58:07+00:00","og_image":[{"width":1536,"height":2048,"url":"https:\/\/ydrosia.com\/wp-content\/uploads\/2023\/04\/9G9B8680-scaled.jpeg","type":"image\/jpeg"}],"twitter_card":"summary_large_image","twitter_misc":{"Prix":"110,00&nbsp;&euro;","Disponibilit\u00e9":"Rupture de stock"},"schema":{"@context":"https:\/\/schema.org","@graph":[{"@type":"WebPage","@id":"https:\/\/ydrosia.com\/fr\/produit\/le-trio\/","url":"https:\/\/ydrosia.com\/fr\/produit\/le-trio\/","name":"LE TRIO - YDROSIA","isPartOf":{"@id":"https:\/\/ydrosia.com\/fr\/#website"},"primaryImageOfPage":{"@id":"https:\/\/ydrosia.com\/fr\/produit\/le-trio\/#primaryimage"},"image":{"@id":"https:\/\/ydrosia.com\/fr\/produit\/le-trio\/#primaryimage"},"thumbnailUrl":"https:\/\/ydrosia.com\/wp-content\/uploads\/2023\/04\/9G9B8680-scaled.jpeg","datePublished":"2025-06-14T16:42:30+00:00","dateModified":"2026-03-10T17:58:07+00:00","description":"Le DUO : L'Essence D\u00e9tox Vitalit\u00e9 et l'Elixir Antioxydant, la routine beaut\u00e9 Hydratation\/Nutrition by YDROSIA pour retrouver une peau \u00e9clatante.","breadcrumb":{"@id":"https:\/\/ydrosia.com\/fr\/produit\/le-trio\/#breadcrumb"},"inLanguage":"fr-FR","potentialAction":[{"@type":"ReadAction","target":["https:\/\/ydrosia.com\/fr\/produit\/le-trio\/"]}]},{"@type":"ImageObject","inLanguage":"fr-FR","@id":"https:\/\/ydrosia.com\/fr\/produit\/le-trio\/#primaryimage","url":"https:\/\/ydrosia.com\/wp-content\/uploads\/2023\/04\/9G9B8680-scaled.jpeg","contentUrl":"https:\/\/ydrosia.com\/wp-content\/uploads\/2023\/04\/9G9B8680-scaled.jpeg","width":1536,"height":2048,"caption":"Le Duo - Essence d\u00e9tox + Elixir antioxydant"},{"@type":"BreadcrumbList","@id":"https:\/\/ydrosia.com\/fr\/produit\/le-trio\/#breadcrumb","itemListElement":[{"@type":"ListItem","position":1,"name":"Home","item":"https:\/\/ydrosia.com\/fr\/"},{"@type":"ListItem","position":2,"name":"Boutique","item":"https:\/\/ydrosia.com\/fr\/shop\/"},{"@type":"ListItem","position":3,"name":"LE TRIO"}]},{"@type":"WebSite","@id":"https:\/\/ydrosia.com\/fr\/#website","url":"https:\/\/ydrosia.com\/fr\/","name":"YDROSIA","description":"Essential skincare","publisher":{"@id":"https:\/\/ydrosia.com\/fr\/#organization"},"potentialAction":[{"@type":"SearchAction","target":{"@type":"EntryPoint","urlTemplate":"https:\/\/ydrosia.com\/fr\/?s={search_term_string}"},"query-input":{"@type":"PropertyValueSpecification","valueRequired":true,"valueName":"search_term_string"}}],"inLanguage":"fr-FR"},{"@type":["Organization","Place"],"@id":"https:\/\/ydrosia.com\/fr\/#organization","name":"YDROSIA","url":"https:\/\/ydrosia.com\/fr\/","logo":{"@id":"https:\/\/ydrosia.com\/fr\/produit\/le-trio\/#local-main-organization-logo"},"image":{"@id":"https:\/\/ydrosia.com\/fr\/produit\/le-trio\/#local-main-organization-logo"},"sameAs":["https:\/\/www.facebook.com\/ydrosia\/","https:\/\/www.instagram.com\/ydrosiaskincare\/","https:\/\/www.linkedin.com\/company\/ydrosia","https:\/\/www.pinterest.com\/ydrosia\/","https:\/\/www.youtube.com\/channel\/UC_-zs6ZyqUVKBFGqSDyPVug"],"telephone":[],"openingHoursSpecification":[{"@type":"OpeningHoursSpecification","dayOfWeek":["Monday","Tuesday","Wednesday","Thursday","Friday","Saturday","Sunday"],"opens":"09:00","closes":"17:00"}]},{"@type":"ImageObject","inLanguage":"fr-FR","@id":"https:\/\/ydrosia.com\/fr\/produit\/le-trio\/#local-main-organization-logo","url":"https:\/\/ydrosia.com\/wp-content\/uploads\/2021\/10\/BE-MIST.jpg","contentUrl":"https:\/\/ydrosia.com\/wp-content\/uploads\/2021\/10\/BE-MIST.jpg","width":1080,"height":1080,"caption":"YDROSIA"}]},"product_price_amount":"110.00","product_price_currency":"EUR","og_availability":"out of stock","product_availability":"out of stock","product_condition":"new"},"jetpack_sharing_enabled":true,"_links":{"self":[{"href":"https:\/\/ydrosia.com\/fr\/wp-json\/wp\/v2\/product\/11050","targetHints":{"allow":["GET"]}}],"collection":[{"href":"https:\/\/ydrosia.com\/fr\/wp-json\/wp\/v2\/product"}],"about":[{"href":"https:\/\/ydrosia.com\/fr\/wp-json\/wp\/v2\/types\/product"}],"replies":[{"embeddable":true,"href":"https:\/\/ydrosia.com\/fr\/wp-json\/wp\/v2\/comments?post=11050"}],"wp:featuredmedia":[{"embeddable":true,"href":"https:\/\/ydrosia.com\/fr\/wp-json\/wp\/v2\/media\/10684"}],"wp:attachment":[{"href":"https:\/\/ydrosia.com\/fr\/wp-json\/wp\/v2\/media?parent=11050"}],"wp:term":[{"taxonomy":"product_brand","embeddable":true,"href":"https:\/\/ydrosia.com\/fr\/wp-json\/wp\/v2\/product_brand?post=11050"},{"taxonomy":"product_cat","embeddable":true,"href":"https:\/\/ydrosia.com\/fr\/wp-json\/wp\/v2\/product_cat?post=11050"},{"taxonomy":"product_tag","embeddable":true,"href":"https:\/\/ydrosia.com\/fr\/wp-json\/wp\/v2\/product_tag?post=11050"}],"curies":[{"name":"wp","href":"https:\/\/api.w.org\/{rel}","templated":true}]}}