{"id":6749,"date":"2020-04-24T14:36:28","date_gmt":"2020-04-24T12:36:28","guid":{"rendered":"https:\/\/ydrosia.com\/?page_id=6749"},"modified":"2025-05-22T14:29:33","modified_gmt":"2025-05-22T12:29:33","slug":"annonce-et-offres-en-cours-ydrosia","status":"publish","type":"page","link":"https:\/\/ydrosia.com\/fr\/annonce-et-offres-en-cours-ydrosia\/","title":{"rendered":"Annonce"},"content":{"rendered":"<p><strong><span style=\"color: #cdaa46;\">LA LIVRAISON EST GRATUITE EN FRANCE ET EN BELGIQUE\u00a0 !<\/span><\/strong><!--more--><\/p>\n<p>La livraison est gratuite en Belgique et en France \u00e0 partir de 60 \u20ac d&#8217;achat . Dans les autres pays de la zone Euro, la livraison est offerte d\u00e8s 150\u20ac d&#8217;achats.<\/p>\n<p>En dehors de la zone euro la livraison est payante. Les frais de livraisons sont calcul\u00e9s au moment de la validation du paiement en fonction des tarifs en vigueurs par la soci\u00e9t\u00e9 de transport choisie.<\/p>\n<p>Les abonnements ne sont pas disponibles en dehors de la zone euro.<\/p>\n<p>Pour en savoir plus, consultez nos <a href=\"https:\/\/ydrosia.com\/fr\/conditions-generales\/\">conditions g\u00e9n\u00e9rales de vente<\/a>.<\/p>\n","protected":false},"excerpt":{"rendered":"<p>LA LIVRAISON EST GRATUITE EN FRANCE ET EN BELGIQUE\u00a0 !<\/p>\n","protected":false},"author":1,"featured_media":0,"parent":0,"menu_order":10,"comment_status":"closed","ping_status":"closed","template":"","meta":{"footnotes":""},"class_list":["post-6749","page","type-page","status-publish","hentry"],"yoast_head":"<!-- This site is optimized with the Yoast SEO Premium plugin v26.3 (Yoast SEO v27.4) - https:\/\/yoast.com\/product\/yoast-seo-premium-wordpress\/ -->\n<title>Annonce - YDROSIA<\/title>\n<meta name=\"description\" content=\"Annonce. Voir les offres en cours. En Belgique et en France la livraison est gratuite. Dans les autres pays de la zone Euro...\" \/>\n<meta name=\"robots\" content=\"noindex, nofollow\" \/>\n<meta property=\"og:locale\" content=\"fr_FR\" \/>\n<meta property=\"og:type\" content=\"article\" \/>\n<meta property=\"og:title\" content=\"Annonce\" \/>\n<meta property=\"og:description\" content=\"Annonce. Voir les offres en cours. En Belgique et en France la livraison est gratuite. Dans les autres pays de la zone Euro...\" \/>\n<meta property=\"og:url\" content=\"https:\/\/ydrosia.com\/fr\/annonce-et-offres-en-cours-ydrosia\/\" \/>\n<meta property=\"og:site_name\" content=\"YDROSIA\" \/>\n<meta property=\"article:publisher\" content=\"https:\/\/www.facebook.com\/ydrosia\/\" \/>\n<meta property=\"article:modified_time\" content=\"2025-05-22T12:29:33+00:00\" \/>\n<meta property=\"og:image\" content=\"https:\/\/ydrosia.com\/wp-content\/uploads\/2021\/10\/BE-MIST.jpg\" \/>\n\t<meta property=\"og:image:width\" content=\"1080\" \/>\n\t<meta property=\"og:image:height\" content=\"1080\" \/>\n\t<meta property=\"og:image:type\" content=\"image\/jpeg\" \/>\n<meta name=\"twitter:card\" content=\"summary_large_image\" \/>\n<meta name=\"twitter:label1\" content=\"Dur\u00e9e de lecture estim\u00e9e\" \/>\n\t<meta name=\"twitter:data1\" content=\"1 minute\" \/>\n<script type=\"application\/ld+json\" class=\"yoast-schema-graph\">{\"@context\":\"https:\\\/\\\/schema.org\",\"@graph\":[{\"@type\":\"WebPage\",\"@id\":\"https:\\\/\\\/ydrosia.com\\\/fr\\\/annonce-et-offres-en-cours-ydrosia\\\/\",\"url\":\"https:\\\/\\\/ydrosia.com\\\/fr\\\/annonce-et-offres-en-cours-ydrosia\\\/\",\"name\":\"Annonce - YDROSIA\",\"isPartOf\":{\"@id\":\"https:\\\/\\\/ydrosia.com\\\/fr\\\/#website\"},\"datePublished\":\"2020-04-24T12:36:28+00:00\",\"dateModified\":\"2025-05-22T12:29:33+00:00\",\"description\":\"Annonce. Voir les offres en cours. En Belgique et en France la livraison est gratuite. Dans les autres pays de la zone Euro...\",\"breadcrumb\":{\"@id\":\"https:\\\/\\\/ydrosia.com\\\/fr\\\/annonce-et-offres-en-cours-ydrosia\\\/#breadcrumb\"},\"inLanguage\":\"fr-FR\",\"potentialAction\":[{\"@type\":\"ReadAction\",\"target\":[\"https:\\\/\\\/ydrosia.com\\\/fr\\\/annonce-et-offres-en-cours-ydrosia\\\/\"]}]},{\"@type\":\"BreadcrumbList\",\"@id\":\"https:\\\/\\\/ydrosia.com\\\/fr\\\/annonce-et-offres-en-cours-ydrosia\\\/#breadcrumb\",\"itemListElement\":[{\"@type\":\"ListItem\",\"position\":1,\"name\":\"Home\",\"item\":\"https:\\\/\\\/ydrosia.com\\\/fr\\\/\"},{\"@type\":\"ListItem\",\"position\":2,\"name\":\"Annonce\"}]},{\"@type\":\"WebSite\",\"@id\":\"https:\\\/\\\/ydrosia.com\\\/fr\\\/#website\",\"url\":\"https:\\\/\\\/ydrosia.com\\\/fr\\\/\",\"name\":\"YDROSIA\",\"description\":\"Essential skincare\",\"publisher\":{\"@id\":\"https:\\\/\\\/ydrosia.com\\\/fr\\\/#organization\"},\"potentialAction\":[{\"@type\":\"SearchAction\",\"target\":{\"@type\":\"EntryPoint\",\"urlTemplate\":\"https:\\\/\\\/ydrosia.com\\\/fr\\\/?s={search_term_string}\"},\"query-input\":{\"@type\":\"PropertyValueSpecification\",\"valueRequired\":true,\"valueName\":\"search_term_string\"}}],\"inLanguage\":\"fr-FR\"},{\"@type\":[\"Organization\",\"Place\"],\"@id\":\"https:\\\/\\\/ydrosia.com\\\/fr\\\/#organization\",\"name\":\"YDROSIA\",\"url\":\"https:\\\/\\\/ydrosia.com\\\/fr\\\/\",\"logo\":{\"@id\":\"https:\\\/\\\/ydrosia.com\\\/fr\\\/annonce-et-offres-en-cours-ydrosia\\\/#local-main-organization-logo\"},\"image\":{\"@id\":\"https:\\\/\\\/ydrosia.com\\\/fr\\\/annonce-et-offres-en-cours-ydrosia\\\/#local-main-organization-logo\"},\"sameAs\":[\"https:\\\/\\\/www.facebook.com\\\/ydrosia\\\/\",\"https:\\\/\\\/www.instagram.com\\\/ydrosiaskincare\\\/\",\"https:\\\/\\\/www.linkedin.com\\\/company\\\/ydrosia\",\"https:\\\/\\\/www.pinterest.com\\\/ydrosia\\\/\",\"https:\\\/\\\/www.youtube.com\\\/channel\\\/UC_-zs6ZyqUVKBFGqSDyPVug\"],\"telephone\":[],\"openingHoursSpecification\":[{\"@type\":\"OpeningHoursSpecification\",\"dayOfWeek\":[\"Monday\",\"Tuesday\",\"Wednesday\",\"Thursday\",\"Friday\",\"Saturday\",\"Sunday\"],\"opens\":\"09:00\",\"closes\":\"17:00\"}]},{\"@type\":\"ImageObject\",\"inLanguage\":\"fr-FR\",\"@id\":\"https:\\\/\\\/ydrosia.com\\\/fr\\\/annonce-et-offres-en-cours-ydrosia\\\/#local-main-organization-logo\",\"url\":\"https:\\\/\\\/ydrosia.com\\\/wp-content\\\/uploads\\\/2021\\\/10\\\/BE-MIST.jpg\",\"contentUrl\":\"https:\\\/\\\/ydrosia.com\\\/wp-content\\\/uploads\\\/2021\\\/10\\\/BE-MIST.jpg\",\"width\":1080,\"height\":1080,\"caption\":\"YDROSIA\"}]}<\/script>\n<!-- \/ Yoast SEO Premium plugin. -->","yoast_head_json":{"title":"Annonce - YDROSIA","description":"Annonce. Voir les offres en cours. En Belgique et en France la livraison est gratuite. Dans les autres pays de la zone Euro...","robots":{"index":"noindex","follow":"nofollow"},"og_locale":"fr_FR","og_type":"article","og_title":"Annonce","og_description":"Annonce. Voir les offres en cours. En Belgique et en France la livraison est gratuite. Dans les autres pays de la zone Euro...","og_url":"https:\/\/ydrosia.com\/fr\/annonce-et-offres-en-cours-ydrosia\/","og_site_name":"YDROSIA","article_publisher":"https:\/\/www.facebook.com\/ydrosia\/","article_modified_time":"2025-05-22T12:29:33+00:00","og_image":[{"width":1080,"height":1080,"url":"https:\/\/ydrosia.com\/wp-content\/uploads\/2021\/10\/BE-MIST.jpg","type":"image\/jpeg"}],"twitter_card":"summary_large_image","twitter_misc":{"Dur\u00e9e de lecture estim\u00e9e":"1 minute"},"schema":{"@context":"https:\/\/schema.org","@graph":[{"@type":"WebPage","@id":"https:\/\/ydrosia.com\/fr\/annonce-et-offres-en-cours-ydrosia\/","url":"https:\/\/ydrosia.com\/fr\/annonce-et-offres-en-cours-ydrosia\/","name":"Annonce - YDROSIA","isPartOf":{"@id":"https:\/\/ydrosia.com\/fr\/#website"},"datePublished":"2020-04-24T12:36:28+00:00","dateModified":"2025-05-22T12:29:33+00:00","description":"Annonce. Voir les offres en cours. En Belgique et en France la livraison est gratuite. Dans les autres pays de la zone Euro...","breadcrumb":{"@id":"https:\/\/ydrosia.com\/fr\/annonce-et-offres-en-cours-ydrosia\/#breadcrumb"},"inLanguage":"fr-FR","potentialAction":[{"@type":"ReadAction","target":["https:\/\/ydrosia.com\/fr\/annonce-et-offres-en-cours-ydrosia\/"]}]},{"@type":"BreadcrumbList","@id":"https:\/\/ydrosia.com\/fr\/annonce-et-offres-en-cours-ydrosia\/#breadcrumb","itemListElement":[{"@type":"ListItem","position":1,"name":"Home","item":"https:\/\/ydrosia.com\/fr\/"},{"@type":"ListItem","position":2,"name":"Annonce"}]},{"@type":"WebSite","@id":"https:\/\/ydrosia.com\/fr\/#website","url":"https:\/\/ydrosia.com\/fr\/","name":"YDROSIA","description":"Essential skincare","publisher":{"@id":"https:\/\/ydrosia.com\/fr\/#organization"},"potentialAction":[{"@type":"SearchAction","target":{"@type":"EntryPoint","urlTemplate":"https:\/\/ydrosia.com\/fr\/?s={search_term_string}"},"query-input":{"@type":"PropertyValueSpecification","valueRequired":true,"valueName":"search_term_string"}}],"inLanguage":"fr-FR"},{"@type":["Organization","Place"],"@id":"https:\/\/ydrosia.com\/fr\/#organization","name":"YDROSIA","url":"https:\/\/ydrosia.com\/fr\/","logo":{"@id":"https:\/\/ydrosia.com\/fr\/annonce-et-offres-en-cours-ydrosia\/#local-main-organization-logo"},"image":{"@id":"https:\/\/ydrosia.com\/fr\/annonce-et-offres-en-cours-ydrosia\/#local-main-organization-logo"},"sameAs":["https:\/\/www.facebook.com\/ydrosia\/","https:\/\/www.instagram.com\/ydrosiaskincare\/","https:\/\/www.linkedin.com\/company\/ydrosia","https:\/\/www.pinterest.com\/ydrosia\/","https:\/\/www.youtube.com\/channel\/UC_-zs6ZyqUVKBFGqSDyPVug"],"telephone":[],"openingHoursSpecification":[{"@type":"OpeningHoursSpecification","dayOfWeek":["Monday","Tuesday","Wednesday","Thursday","Friday","Saturday","Sunday"],"opens":"09:00","closes":"17:00"}]},{"@type":"ImageObject","inLanguage":"fr-FR","@id":"https:\/\/ydrosia.com\/fr\/annonce-et-offres-en-cours-ydrosia\/#local-main-organization-logo","url":"https:\/\/ydrosia.com\/wp-content\/uploads\/2021\/10\/BE-MIST.jpg","contentUrl":"https:\/\/ydrosia.com\/wp-content\/uploads\/2021\/10\/BE-MIST.jpg","width":1080,"height":1080,"caption":"YDROSIA"}]}},"jetpack_sharing_enabled":true,"_links":{"self":[{"href":"https:\/\/ydrosia.com\/fr\/wp-json\/wp\/v2\/pages\/6749","targetHints":{"allow":["GET"]}}],"collection":[{"href":"https:\/\/ydrosia.com\/fr\/wp-json\/wp\/v2\/pages"}],"about":[{"href":"https:\/\/ydrosia.com\/fr\/wp-json\/wp\/v2\/types\/page"}],"author":[{"embeddable":true,"href":"https:\/\/ydrosia.com\/fr\/wp-json\/wp\/v2\/users\/1"}],"replies":[{"embeddable":true,"href":"https:\/\/ydrosia.com\/fr\/wp-json\/wp\/v2\/comments?post=6749"}],"version-history":[{"count":0,"href":"https:\/\/ydrosia.com\/fr\/wp-json\/wp\/v2\/pages\/6749\/revisions"}],"wp:attachment":[{"href":"https:\/\/ydrosia.com\/fr\/wp-json\/wp\/v2\/media?parent=6749"}],"curies":[{"name":"wp","href":"https:\/\/api.w.org\/{rel}","templated":true}]}}