{"id":5997,"date":"2020-02-13T15:10:03","date_gmt":"2020-02-13T14:10:03","guid":{"rendered":"https:\/\/ydrosia.com\/?page_id=5997"},"modified":"2025-05-22T11:51:58","modified_gmt":"2025-05-22T09:51:58","slug":"marque-independante-engagee-responsable","status":"publish","type":"page","link":"https:\/\/ydrosia.com\/fr\/nos-engagements\/marque-independante-engagee-responsable\/","title":{"rendered":"Une marque ind\u00e9pendante, engag\u00e9e et responsable."},"content":{"rendered":"<h4><span style=\"color: #faeee1;\"><strong>Une marque ind\u00e9pendante, engag\u00e9e, responsable qui propose des soins performants et s\u00fbrs.<\/strong><\/span><\/h4>\n<h5><span style=\"color: #faeee1;\">Parce qu&#8217;il nous semblait inconcevable de lancer notre marque sans r\u00e9fl\u00e9chir \u00e0 notre empreinte environnementale nous avons essay\u00e9 de faire preuve de bon sens.<\/span><\/h5>\n<p><span style=\"color: #faeee1;\">Nous proposons des soins performants et s\u00fbrs car nos formulations sont exemptes de produits controvers\u00e9s. La nature est notre choix et elle nous guide pour vous offrir les meilleurs ingr\u00e9dients.<\/span><\/p>\n<p><span style=\"color: #faeee1;\">Nous sommes persuad\u00e9s chez YDROSIA que ce sont les gestes simples qui peuvent accomplir de grandes choses. L&#8217;engagement se joue dans nos habitudes quotidiennes. Nous croyons que les marques se doivent de proposer des produits sains. En effet, elles doivent faire face \u00e0 leurs responsabilit\u00e9s vis \u00e0 vis des consommateurs, dans leur production et leur proposition.<\/span><\/p>\n<h5><span style=\"color: #faeee1;\">Ainsi, nous nous engageons chaque jour \u00e0 respecter votre peau ainsi que l&#8217;environnement :<\/span><\/h5>\n<ul>\n<li><span style=\"color: #faeee1;\">Notre laboratoire teste tous nos soins pour leur stabilit\u00e9 et leur innocuit\u00e9 microbiologique.<\/span><\/li>\n<li><span style=\"color: #faeee1;\">Nos soins sont fabriqu\u00e9s \u00e0 froid pour pr\u00e9server les qualit\u00e9s de nos pr\u00e9cieux ingr\u00e9dients.<\/span><\/li>\n<li><span style=\"color: #faeee1;\">Conform\u00e9ment \u00e0 la r\u00e9glementation europ\u00e9enne, nos formules n&#8217;ont pas \u00e9t\u00e9 test\u00e9es sur les animaux et nos ingr\u00e9dients ne proviennent pas de pays qui autorisent ces tests.<\/span><\/li>\n<li><span style=\"color: #faeee1;\">Nous choisissons nos ingr\u00e9dients en fonction de leur provenance et de leur m\u00e9thode de culture.<\/span><\/li>\n<li><span style=\"color: #faeee1;\">Notre packaging est pens\u00e9 pour r\u00e9duire notre empreinte environnementale.<\/span><\/li>\n<li><span style=\"color: #faeee1;\">Nous proposons des <span style=\"color: #333333;\"><a style=\"color: #333333;\" href=\"https:\/\/ydrosia.com\/fr\/produit\/la-recharge-de-l-essence-detox\/\">recharges<\/a><\/span> pour r\u00e9duire notre consommation polluante.<\/span><\/li>\n<li><span style=\"color: #faeee1;\">Nous reversons chaque ann\u00e9e 3% de nos b\u00e9n\u00e9fices \u00e0 des organisations locales, non gouvernementales et dont le but est non lucratif. Les noms des associations choisies et les montants vous serons communiqu\u00e9s r\u00e9guli\u00e8rement dans nos Newsletters.<\/span><\/li>\n<li><span style=\"color: #faeee1;\">Notre marque ind\u00e9pendante est libre de ses d\u00e9cisions et de ses choix.<\/span><span style=\"color: #faeee1;\"><br \/>\n<\/span><\/li>\n<\/ul>\n<h5 class=\"btn btn--discover\"><span style=\"color: #faeee1;\"><a class=\"btn__link\" style=\"color: #cdaa47;\" href=\"https:\/\/ydrosia.com\/fr\/shop\/\">Decouvrir nos produits<\/a><\/span><\/h5>\n<h6><\/h6>\n","protected":false},"excerpt":{"rendered":"<p>Une marque ind\u00e9pendante, engag\u00e9e, responsable qui propose des soins performants et s\u00fbrs. Parce qu&#8217;il nous semblait inconcevable de lancer notre marque sans r\u00e9fl\u00e9chir \u00e0 notre empreinte environnementale nous avons essay\u00e9 de faire preuve de bon sens. Nous proposons des soins performants et s\u00fbrs car nos formulations sont exemptes de produits controvers\u00e9s. La nature est notre [&hellip;]<\/p>\n","protected":false},"author":1,"featured_media":6940,"parent":3692,"menu_order":39,"comment_status":"closed","ping_status":"closed","template":"","meta":{"footnotes":""},"class_list":["post-5997","page","type-page","status-publish","has-post-thumbnail","hentry"],"yoast_head":"<!-- This site is optimized with the Yoast SEO Premium plugin v26.3 (Yoast SEO v27.4) - https:\/\/yoast.com\/product\/yoast-seo-premium-wordpress\/ -->\n<title>Une marque ind\u00e9pendante, engag\u00e9e et responsable.<\/title>\n<meta name=\"description\" content=\"YDROSIA, est une marque ind\u00e9pendante, engag\u00e9e, responsable qui propose des soins performants et respectueux de la peau et de l&#039;environnement.\" \/>\n<meta name=\"robots\" content=\"index, follow, max-snippet:-1, max-image-preview:large, max-video-preview:-1\" \/>\n<link rel=\"canonical\" href=\"https:\/\/ydrosia.com\/fr\/nos-engagements\/marque-independante-engagee-responsable\/\" \/>\n<meta property=\"og:locale\" content=\"fr_FR\" \/>\n<meta property=\"og:type\" content=\"article\" \/>\n<meta property=\"og:title\" content=\"Une marque ind\u00e9pendante, engag\u00e9e et responsable.\" \/>\n<meta property=\"og:description\" content=\"YDROSIA, est une marque ind\u00e9pendante, engag\u00e9e, responsable qui propose des soins performants et respectueux de la peau et de l&#039;environnement.\" \/>\n<meta property=\"og:url\" content=\"https:\/\/ydrosia.com\/fr\/nos-engagements\/marque-independante-engagee-responsable\/\" \/>\n<meta property=\"og:site_name\" content=\"YDROSIA\" \/>\n<meta property=\"article:publisher\" content=\"https:\/\/www.facebook.com\/ydrosia\/\" \/>\n<meta property=\"article:modified_time\" content=\"2025-05-22T09:51:58+00:00\" \/>\n<meta property=\"og:image\" content=\"https:\/\/ydrosia.com\/wp-content\/uploads\/2020\/09\/YDROSIA1087-e1616178946369.jpg\" \/>\n\t<meta property=\"og:image:width\" content=\"1300\" \/>\n\t<meta property=\"og:image:height\" content=\"1714\" \/>\n\t<meta property=\"og:image:type\" content=\"image\/jpeg\" \/>\n<meta name=\"twitter:card\" content=\"summary_large_image\" \/>\n<meta name=\"twitter:label1\" content=\"Dur\u00e9e de lecture estim\u00e9e\" \/>\n\t<meta name=\"twitter:data1\" content=\"2 minutes\" \/>\n<script type=\"application\/ld+json\" class=\"yoast-schema-graph\">{\"@context\":\"https:\\\/\\\/schema.org\",\"@graph\":[{\"@type\":\"WebPage\",\"@id\":\"https:\\\/\\\/ydrosia.com\\\/fr\\\/nos-engagements\\\/marque-independante-engagee-responsable\\\/\",\"url\":\"https:\\\/\\\/ydrosia.com\\\/fr\\\/nos-engagements\\\/marque-independante-engagee-responsable\\\/\",\"name\":\"Une marque ind\u00e9pendante, engag\u00e9e et responsable.\",\"isPartOf\":{\"@id\":\"https:\\\/\\\/ydrosia.com\\\/fr\\\/#website\"},\"primaryImageOfPage\":{\"@id\":\"https:\\\/\\\/ydrosia.com\\\/fr\\\/nos-engagements\\\/marque-independante-engagee-responsable\\\/#primaryimage\"},\"image\":{\"@id\":\"https:\\\/\\\/ydrosia.com\\\/fr\\\/nos-engagements\\\/marque-independante-engagee-responsable\\\/#primaryimage\"},\"thumbnailUrl\":\"https:\\\/\\\/ydrosia.com\\\/wp-content\\\/uploads\\\/2020\\\/09\\\/YDROSIA1087-e1616178946369.jpg\",\"datePublished\":\"2020-02-13T14:10:03+00:00\",\"dateModified\":\"2025-05-22T09:51:58+00:00\",\"description\":\"YDROSIA, est une marque ind\u00e9pendante, engag\u00e9e, responsable qui propose des soins performants et respectueux de la peau et de l'environnement.\",\"breadcrumb\":{\"@id\":\"https:\\\/\\\/ydrosia.com\\\/fr\\\/nos-engagements\\\/marque-independante-engagee-responsable\\\/#breadcrumb\"},\"inLanguage\":\"fr-FR\",\"potentialAction\":[{\"@type\":\"ReadAction\",\"target\":[\"https:\\\/\\\/ydrosia.com\\\/fr\\\/nos-engagements\\\/marque-independante-engagee-responsable\\\/\"]}]},{\"@type\":\"ImageObject\",\"inLanguage\":\"fr-FR\",\"@id\":\"https:\\\/\\\/ydrosia.com\\\/fr\\\/nos-engagements\\\/marque-independante-engagee-responsable\\\/#primaryimage\",\"url\":\"https:\\\/\\\/ydrosia.com\\\/wp-content\\\/uploads\\\/2020\\\/09\\\/YDROSIA1087-e1616178946369.jpg\",\"contentUrl\":\"https:\\\/\\\/ydrosia.com\\\/wp-content\\\/uploads\\\/2020\\\/09\\\/YDROSIA1087-e1616178946369.jpg\",\"width\":1300,\"height\":1714,\"caption\":\"Soin bio\"},{\"@type\":\"BreadcrumbList\",\"@id\":\"https:\\\/\\\/ydrosia.com\\\/fr\\\/nos-engagements\\\/marque-independante-engagee-responsable\\\/#breadcrumb\",\"itemListElement\":[{\"@type\":\"ListItem\",\"position\":1,\"name\":\"Home\",\"item\":\"https:\\\/\\\/ydrosia.com\\\/fr\\\/\"},{\"@type\":\"ListItem\",\"position\":2,\"name\":\"Nos engagements\",\"item\":\"https:\\\/\\\/ydrosia.com\\\/fr\\\/nos-engagements\\\/\"},{\"@type\":\"ListItem\",\"position\":3,\"name\":\"Une marque ind\u00e9pendante, engag\u00e9e et responsable.\"}]},{\"@type\":\"WebSite\",\"@id\":\"https:\\\/\\\/ydrosia.com\\\/fr\\\/#website\",\"url\":\"https:\\\/\\\/ydrosia.com\\\/fr\\\/\",\"name\":\"YDROSIA\",\"description\":\"Essential skincare\",\"publisher\":{\"@id\":\"https:\\\/\\\/ydrosia.com\\\/fr\\\/#organization\"},\"potentialAction\":[{\"@type\":\"SearchAction\",\"target\":{\"@type\":\"EntryPoint\",\"urlTemplate\":\"https:\\\/\\\/ydrosia.com\\\/fr\\\/?s={search_term_string}\"},\"query-input\":{\"@type\":\"PropertyValueSpecification\",\"valueRequired\":true,\"valueName\":\"search_term_string\"}}],\"inLanguage\":\"fr-FR\"},{\"@type\":[\"Organization\",\"Place\"],\"@id\":\"https:\\\/\\\/ydrosia.com\\\/fr\\\/#organization\",\"name\":\"YDROSIA\",\"url\":\"https:\\\/\\\/ydrosia.com\\\/fr\\\/\",\"logo\":{\"@id\":\"https:\\\/\\\/ydrosia.com\\\/fr\\\/nos-engagements\\\/marque-independante-engagee-responsable\\\/#local-main-organization-logo\"},\"image\":{\"@id\":\"https:\\\/\\\/ydrosia.com\\\/fr\\\/nos-engagements\\\/marque-independante-engagee-responsable\\\/#local-main-organization-logo\"},\"sameAs\":[\"https:\\\/\\\/www.facebook.com\\\/ydrosia\\\/\",\"https:\\\/\\\/www.instagram.com\\\/ydrosiaskincare\\\/\",\"https:\\\/\\\/www.linkedin.com\\\/company\\\/ydrosia\",\"https:\\\/\\\/www.pinterest.com\\\/ydrosia\\\/\",\"https:\\\/\\\/www.youtube.com\\\/channel\\\/UC_-zs6ZyqUVKBFGqSDyPVug\"],\"telephone\":[],\"openingHoursSpecification\":[{\"@type\":\"OpeningHoursSpecification\",\"dayOfWeek\":[\"Monday\",\"Tuesday\",\"Wednesday\",\"Thursday\",\"Friday\",\"Saturday\",\"Sunday\"],\"opens\":\"09:00\",\"closes\":\"17:00\"}]},{\"@type\":\"ImageObject\",\"inLanguage\":\"fr-FR\",\"@id\":\"https:\\\/\\\/ydrosia.com\\\/fr\\\/nos-engagements\\\/marque-independante-engagee-responsable\\\/#local-main-organization-logo\",\"url\":\"https:\\\/\\\/ydrosia.com\\\/wp-content\\\/uploads\\\/2021\\\/10\\\/BE-MIST.jpg\",\"contentUrl\":\"https:\\\/\\\/ydrosia.com\\\/wp-content\\\/uploads\\\/2021\\\/10\\\/BE-MIST.jpg\",\"width\":1080,\"height\":1080,\"caption\":\"YDROSIA\"}]}<\/script>\n<!-- \/ Yoast SEO Premium plugin. -->","yoast_head_json":{"title":"Une marque ind\u00e9pendante, engag\u00e9e et responsable.","description":"YDROSIA, est une marque ind\u00e9pendante, engag\u00e9e, responsable qui propose des soins performants et respectueux de la peau et de l'environnement.","robots":{"index":"index","follow":"follow","max-snippet":"max-snippet:-1","max-image-preview":"max-image-preview:large","max-video-preview":"max-video-preview:-1"},"canonical":"https:\/\/ydrosia.com\/fr\/nos-engagements\/marque-independante-engagee-responsable\/","og_locale":"fr_FR","og_type":"article","og_title":"Une marque ind\u00e9pendante, engag\u00e9e et responsable.","og_description":"YDROSIA, est une marque ind\u00e9pendante, engag\u00e9e, responsable qui propose des soins performants et respectueux de la peau et de l'environnement.","og_url":"https:\/\/ydrosia.com\/fr\/nos-engagements\/marque-independante-engagee-responsable\/","og_site_name":"YDROSIA","article_publisher":"https:\/\/www.facebook.com\/ydrosia\/","article_modified_time":"2025-05-22T09:51:58+00:00","og_image":[{"width":1300,"height":1714,"url":"https:\/\/ydrosia.com\/wp-content\/uploads\/2020\/09\/YDROSIA1087-e1616178946369.jpg","type":"image\/jpeg"}],"twitter_card":"summary_large_image","twitter_misc":{"Dur\u00e9e de lecture estim\u00e9e":"2 minutes"},"schema":{"@context":"https:\/\/schema.org","@graph":[{"@type":"WebPage","@id":"https:\/\/ydrosia.com\/fr\/nos-engagements\/marque-independante-engagee-responsable\/","url":"https:\/\/ydrosia.com\/fr\/nos-engagements\/marque-independante-engagee-responsable\/","name":"Une marque ind\u00e9pendante, engag\u00e9e et responsable.","isPartOf":{"@id":"https:\/\/ydrosia.com\/fr\/#website"},"primaryImageOfPage":{"@id":"https:\/\/ydrosia.com\/fr\/nos-engagements\/marque-independante-engagee-responsable\/#primaryimage"},"image":{"@id":"https:\/\/ydrosia.com\/fr\/nos-engagements\/marque-independante-engagee-responsable\/#primaryimage"},"thumbnailUrl":"https:\/\/ydrosia.com\/wp-content\/uploads\/2020\/09\/YDROSIA1087-e1616178946369.jpg","datePublished":"2020-02-13T14:10:03+00:00","dateModified":"2025-05-22T09:51:58+00:00","description":"YDROSIA, est une marque ind\u00e9pendante, engag\u00e9e, responsable qui propose des soins performants et respectueux de la peau et de l'environnement.","breadcrumb":{"@id":"https:\/\/ydrosia.com\/fr\/nos-engagements\/marque-independante-engagee-responsable\/#breadcrumb"},"inLanguage":"fr-FR","potentialAction":[{"@type":"ReadAction","target":["https:\/\/ydrosia.com\/fr\/nos-engagements\/marque-independante-engagee-responsable\/"]}]},{"@type":"ImageObject","inLanguage":"fr-FR","@id":"https:\/\/ydrosia.com\/fr\/nos-engagements\/marque-independante-engagee-responsable\/#primaryimage","url":"https:\/\/ydrosia.com\/wp-content\/uploads\/2020\/09\/YDROSIA1087-e1616178946369.jpg","contentUrl":"https:\/\/ydrosia.com\/wp-content\/uploads\/2020\/09\/YDROSIA1087-e1616178946369.jpg","width":1300,"height":1714,"caption":"Soin bio"},{"@type":"BreadcrumbList","@id":"https:\/\/ydrosia.com\/fr\/nos-engagements\/marque-independante-engagee-responsable\/#breadcrumb","itemListElement":[{"@type":"ListItem","position":1,"name":"Home","item":"https:\/\/ydrosia.com\/fr\/"},{"@type":"ListItem","position":2,"name":"Nos engagements","item":"https:\/\/ydrosia.com\/fr\/nos-engagements\/"},{"@type":"ListItem","position":3,"name":"Une marque ind\u00e9pendante, engag\u00e9e et responsable."}]},{"@type":"WebSite","@id":"https:\/\/ydrosia.com\/fr\/#website","url":"https:\/\/ydrosia.com\/fr\/","name":"YDROSIA","description":"Essential skincare","publisher":{"@id":"https:\/\/ydrosia.com\/fr\/#organization"},"potentialAction":[{"@type":"SearchAction","target":{"@type":"EntryPoint","urlTemplate":"https:\/\/ydrosia.com\/fr\/?s={search_term_string}"},"query-input":{"@type":"PropertyValueSpecification","valueRequired":true,"valueName":"search_term_string"}}],"inLanguage":"fr-FR"},{"@type":["Organization","Place"],"@id":"https:\/\/ydrosia.com\/fr\/#organization","name":"YDROSIA","url":"https:\/\/ydrosia.com\/fr\/","logo":{"@id":"https:\/\/ydrosia.com\/fr\/nos-engagements\/marque-independante-engagee-responsable\/#local-main-organization-logo"},"image":{"@id":"https:\/\/ydrosia.com\/fr\/nos-engagements\/marque-independante-engagee-responsable\/#local-main-organization-logo"},"sameAs":["https:\/\/www.facebook.com\/ydrosia\/","https:\/\/www.instagram.com\/ydrosiaskincare\/","https:\/\/www.linkedin.com\/company\/ydrosia","https:\/\/www.pinterest.com\/ydrosia\/","https:\/\/www.youtube.com\/channel\/UC_-zs6ZyqUVKBFGqSDyPVug"],"telephone":[],"openingHoursSpecification":[{"@type":"OpeningHoursSpecification","dayOfWeek":["Monday","Tuesday","Wednesday","Thursday","Friday","Saturday","Sunday"],"opens":"09:00","closes":"17:00"}]},{"@type":"ImageObject","inLanguage":"fr-FR","@id":"https:\/\/ydrosia.com\/fr\/nos-engagements\/marque-independante-engagee-responsable\/#local-main-organization-logo","url":"https:\/\/ydrosia.com\/wp-content\/uploads\/2021\/10\/BE-MIST.jpg","contentUrl":"https:\/\/ydrosia.com\/wp-content\/uploads\/2021\/10\/BE-MIST.jpg","width":1080,"height":1080,"caption":"YDROSIA"}]}},"jetpack_sharing_enabled":true,"_links":{"self":[{"href":"https:\/\/ydrosia.com\/fr\/wp-json\/wp\/v2\/pages\/5997","targetHints":{"allow":["GET"]}}],"collection":[{"href":"https:\/\/ydrosia.com\/fr\/wp-json\/wp\/v2\/pages"}],"about":[{"href":"https:\/\/ydrosia.com\/fr\/wp-json\/wp\/v2\/types\/page"}],"author":[{"embeddable":true,"href":"https:\/\/ydrosia.com\/fr\/wp-json\/wp\/v2\/users\/1"}],"replies":[{"embeddable":true,"href":"https:\/\/ydrosia.com\/fr\/wp-json\/wp\/v2\/comments?post=5997"}],"version-history":[{"count":0,"href":"https:\/\/ydrosia.com\/fr\/wp-json\/wp\/v2\/pages\/5997\/revisions"}],"up":[{"embeddable":true,"href":"https:\/\/ydrosia.com\/fr\/wp-json\/wp\/v2\/pages\/3692"}],"wp:featuredmedia":[{"embeddable":true,"href":"https:\/\/ydrosia.com\/fr\/wp-json\/wp\/v2\/media\/6940"}],"wp:attachment":[{"href":"https:\/\/ydrosia.com\/fr\/wp-json\/wp\/v2\/media?parent=5997"}],"curies":[{"name":"wp","href":"https:\/\/api.w.org\/{rel}","templated":true}]}}