{"id":5916,"date":"2020-02-06T20:39:51","date_gmt":"2020-02-06T19:39:51","guid":{"rendered":"https:\/\/ydrosia.com\/?page_id=5916"},"modified":"2025-08-28T13:52:09","modified_gmt":"2025-08-28T11:52:09","slug":"routine-beaute","status":"publish","type":"page","link":"https:\/\/ydrosia.com\/fr\/accueil\/routine-beaute\/","title":{"rendered":"LA ROUTINE BEAUT\u00c9 ALLEG\u00c9E"},"content":{"rendered":"<div><em><strong>All\u00e9ger sa routine beaut\u00e9 c\u2019est choisir l\u2019essentiel.<\/strong><br \/>\nC\u2019est redonner de l\u2019espace \u00e0 la peau, \u00e0 la lumi\u00e8re.<br \/>\nC\u2019est se lib\u00e9rer des diktats, des couches superflues, des routines impos\u00e9es.<br \/>\nC\u2019est une invitation \u00e0 ralentir, \u00e9couter, ressentir.<br \/>\nC\u2019est faire confiance \u00e0 l\u2019intelligence de la peau en l\u2019accompagnant en douceur.<br \/>\nC\u2019est lui <strong>t\u00e9moigner le respect<\/strong> qu\u2019elle m\u00e9rite.<\/em><\/div>\n<p><em>Depuis 2020, <strong>YDROSIA cultive cette vision <\/strong>avec<strong>\u00a0<\/strong>des formules courtes et pr\u00e9cises, riches en actifs botaniques biologiques.<br \/>\nNos soins agissent sans alourdir et accompagnent la peau sans jamais l&#8217;envahir. Ils respectent sa nature et la soutienne dans ses fonctions de protection.<br \/>\n<\/em><em><br \/>\nAvec sa routine beaut\u00e9 all\u00e9g\u00e9e<strong>, YDROSIA cr\u00e9e moins mais mieux<\/strong>. <\/em><\/p>\n<p><em>Nos soins hybrides et intuitifs sont pens\u00e9s pour r\u00e9v\u00e9ler la lumi\u00e8re de votre peau.<\/em><\/p>\n<p><em>Bienvenue chez YDROSIA !<\/em><br \/>\n<em><br \/>\n<\/em>Emmanuelle Le Gall<br \/>\nFondatrice d&#8217;YDROSIA<\/p>\n<div data-aos=\"fade-up\" data-aos-delay=\"450\">\n<div class=\"btn btn--shopping\"><a class=\"btn__link\" href=\"https:\/\/ydrosia.com\/fr\/shop\/\" target=\"_blank\" rel=\"noopener\">D\u00e9couvrez<\/a><\/div>\n<\/div>\n","protected":false},"excerpt":{"rendered":"<p>All\u00e9ger sa routine beaut\u00e9 c\u2019est choisir l\u2019essentiel. C\u2019est redonner de l\u2019espace \u00e0 la peau, \u00e0 la lumi\u00e8re. C\u2019est se lib\u00e9rer des diktats, des couches superflues, des routines impos\u00e9es. C\u2019est une invitation \u00e0 ralentir, \u00e9couter, ressentir. C\u2019est faire confiance \u00e0 l\u2019intelligence de la peau en l\u2019accompagnant en douceur. C\u2019est lui t\u00e9moigner le respect qu\u2019elle m\u00e9rite. Depuis [&hellip;]<\/p>\n","protected":false},"author":1,"featured_media":0,"parent":1383,"menu_order":18,"comment_status":"closed","ping_status":"closed","template":"","meta":{"footnotes":""},"class_list":["post-5916","page","type-page","status-publish","hentry"],"yoast_head":"<!-- This site is optimized with the Yoast SEO Premium plugin v26.3 (Yoast SEO v27.5) - https:\/\/yoast.com\/product\/yoast-seo-premium-wordpress\/ -->\n<title>LA ROUTINE BEAUT\u00c9 ALLEG\u00c9E -<\/title>\n<meta name=\"description\" content=\"La routine beaut\u00e9 all\u00e9g\u00e9e by YDROSIA est une r\u00e9volution ! Et si nous la faisions ensemble ? Venez d\u00e9couvrir nos soins.\" \/>\n<meta name=\"robots\" content=\"index, follow, max-snippet:-1, max-image-preview:large, max-video-preview:-1\" \/>\n<link rel=\"canonical\" href=\"https:\/\/ydrosia.com\/fr\/accueil\/routine-beaute\/\" \/>\n<meta property=\"og:locale\" content=\"fr_FR\" \/>\n<meta property=\"og:type\" content=\"article\" \/>\n<meta property=\"og:title\" content=\"LA ROUTINE BEAUT\u00c9 ALLEG\u00c9E\" \/>\n<meta property=\"og:description\" content=\"La routine beaut\u00e9 all\u00e9g\u00e9e by YDROSIA est une r\u00e9volution ! Et si nous la faisions ensemble ? Venez d\u00e9couvrir nos soins.\" \/>\n<meta property=\"og:url\" content=\"https:\/\/ydrosia.com\/fr\/accueil\/routine-beaute\/\" \/>\n<meta property=\"og:site_name\" content=\"YDROSIA\" \/>\n<meta property=\"article:publisher\" content=\"https:\/\/www.facebook.com\/ydrosia\/\" \/>\n<meta property=\"article:modified_time\" content=\"2025-08-28T11:52:09+00:00\" \/>\n<meta property=\"og:image\" content=\"https:\/\/ydrosia.com\/wp-content\/uploads\/2021\/10\/BE-MIST.jpg\" \/>\n\t<meta property=\"og:image:width\" content=\"1080\" \/>\n\t<meta property=\"og:image:height\" content=\"1080\" \/>\n\t<meta property=\"og:image:type\" content=\"image\/jpeg\" \/>\n<meta name=\"twitter:card\" content=\"summary_large_image\" \/>\n<meta name=\"twitter:label1\" content=\"Dur\u00e9e de lecture estim\u00e9e\" \/>\n\t<meta name=\"twitter:data1\" content=\"1 minute\" \/>\n<script type=\"application\/ld+json\" class=\"yoast-schema-graph\">{\"@context\":\"https:\\\/\\\/schema.org\",\"@graph\":[{\"@type\":\"WebPage\",\"@id\":\"https:\\\/\\\/ydrosia.com\\\/fr\\\/accueil\\\/routine-beaute\\\/\",\"url\":\"https:\\\/\\\/ydrosia.com\\\/fr\\\/accueil\\\/routine-beaute\\\/\",\"name\":\"LA ROUTINE BEAUT\u00c9 ALLEG\u00c9E -\",\"isPartOf\":{\"@id\":\"https:\\\/\\\/ydrosia.com\\\/fr\\\/#website\"},\"datePublished\":\"2020-02-06T19:39:51+00:00\",\"dateModified\":\"2025-08-28T11:52:09+00:00\",\"description\":\"La routine beaut\u00e9 all\u00e9g\u00e9e by YDROSIA est une r\u00e9volution ! Et si nous la faisions ensemble ? Venez d\u00e9couvrir nos soins.\",\"breadcrumb\":{\"@id\":\"https:\\\/\\\/ydrosia.com\\\/fr\\\/accueil\\\/routine-beaute\\\/#breadcrumb\"},\"inLanguage\":\"fr-FR\",\"potentialAction\":[{\"@type\":\"ReadAction\",\"target\":[\"https:\\\/\\\/ydrosia.com\\\/fr\\\/accueil\\\/routine-beaute\\\/\"]}]},{\"@type\":\"BreadcrumbList\",\"@id\":\"https:\\\/\\\/ydrosia.com\\\/fr\\\/accueil\\\/routine-beaute\\\/#breadcrumb\",\"itemListElement\":[{\"@type\":\"ListItem\",\"position\":1,\"name\":\"Home\",\"item\":\"https:\\\/\\\/ydrosia.com\\\/fr\\\/\"},{\"@type\":\"ListItem\",\"position\":2,\"name\":\"Accueil\",\"item\":\"https:\\\/\\\/ydrosia.com\\\/fr\\\/accueil\\\/\"},{\"@type\":\"ListItem\",\"position\":3,\"name\":\"Accueil\"}]},{\"@type\":\"WebSite\",\"@id\":\"https:\\\/\\\/ydrosia.com\\\/fr\\\/#website\",\"url\":\"https:\\\/\\\/ydrosia.com\\\/fr\\\/\",\"name\":\"YDROSIA\",\"description\":\"Essential skincare\",\"publisher\":{\"@id\":\"https:\\\/\\\/ydrosia.com\\\/fr\\\/#organization\"},\"potentialAction\":[{\"@type\":\"SearchAction\",\"target\":{\"@type\":\"EntryPoint\",\"urlTemplate\":\"https:\\\/\\\/ydrosia.com\\\/fr\\\/?s={search_term_string}\"},\"query-input\":{\"@type\":\"PropertyValueSpecification\",\"valueRequired\":true,\"valueName\":\"search_term_string\"}}],\"inLanguage\":\"fr-FR\"},{\"@type\":[\"Organization\",\"Place\"],\"@id\":\"https:\\\/\\\/ydrosia.com\\\/fr\\\/#organization\",\"name\":\"YDROSIA\",\"url\":\"https:\\\/\\\/ydrosia.com\\\/fr\\\/\",\"logo\":{\"@id\":\"https:\\\/\\\/ydrosia.com\\\/fr\\\/accueil\\\/routine-beaute\\\/#local-main-organization-logo\"},\"image\":{\"@id\":\"https:\\\/\\\/ydrosia.com\\\/fr\\\/accueil\\\/routine-beaute\\\/#local-main-organization-logo\"},\"sameAs\":[\"https:\\\/\\\/www.facebook.com\\\/ydrosia\\\/\",\"https:\\\/\\\/www.instagram.com\\\/ydrosiaskincare\\\/\",\"https:\\\/\\\/www.linkedin.com\\\/company\\\/ydrosia\",\"https:\\\/\\\/www.pinterest.com\\\/ydrosia\\\/\",\"https:\\\/\\\/www.youtube.com\\\/channel\\\/UC_-zs6ZyqUVKBFGqSDyPVug\"],\"telephone\":[],\"openingHoursSpecification\":[{\"@type\":\"OpeningHoursSpecification\",\"dayOfWeek\":[\"Monday\",\"Tuesday\",\"Wednesday\",\"Thursday\",\"Friday\",\"Saturday\",\"Sunday\"],\"opens\":\"09:00\",\"closes\":\"17:00\"}]},{\"@type\":\"ImageObject\",\"inLanguage\":\"fr-FR\",\"@id\":\"https:\\\/\\\/ydrosia.com\\\/fr\\\/accueil\\\/routine-beaute\\\/#local-main-organization-logo\",\"url\":\"https:\\\/\\\/ydrosia.com\\\/wp-content\\\/uploads\\\/2021\\\/10\\\/BE-MIST.jpg\",\"contentUrl\":\"https:\\\/\\\/ydrosia.com\\\/wp-content\\\/uploads\\\/2021\\\/10\\\/BE-MIST.jpg\",\"width\":1080,\"height\":1080,\"caption\":\"YDROSIA\"}]}<\/script>\n<!-- \/ Yoast SEO Premium plugin. -->","yoast_head_json":{"title":"LA ROUTINE BEAUT\u00c9 ALLEG\u00c9E -","description":"La routine beaut\u00e9 all\u00e9g\u00e9e by YDROSIA est une r\u00e9volution ! Et si nous la faisions ensemble ? Venez d\u00e9couvrir nos soins.","robots":{"index":"index","follow":"follow","max-snippet":"max-snippet:-1","max-image-preview":"max-image-preview:large","max-video-preview":"max-video-preview:-1"},"canonical":"https:\/\/ydrosia.com\/fr\/accueil\/routine-beaute\/","og_locale":"fr_FR","og_type":"article","og_title":"LA ROUTINE BEAUT\u00c9 ALLEG\u00c9E","og_description":"La routine beaut\u00e9 all\u00e9g\u00e9e by YDROSIA est une r\u00e9volution ! Et si nous la faisions ensemble ? Venez d\u00e9couvrir nos soins.","og_url":"https:\/\/ydrosia.com\/fr\/accueil\/routine-beaute\/","og_site_name":"YDROSIA","article_publisher":"https:\/\/www.facebook.com\/ydrosia\/","article_modified_time":"2025-08-28T11:52:09+00:00","og_image":[{"width":1080,"height":1080,"url":"https:\/\/ydrosia.com\/wp-content\/uploads\/2021\/10\/BE-MIST.jpg","type":"image\/jpeg"}],"twitter_card":"summary_large_image","twitter_misc":{"Dur\u00e9e de lecture estim\u00e9e":"1 minute"},"schema":{"@context":"https:\/\/schema.org","@graph":[{"@type":"WebPage","@id":"https:\/\/ydrosia.com\/fr\/accueil\/routine-beaute\/","url":"https:\/\/ydrosia.com\/fr\/accueil\/routine-beaute\/","name":"LA ROUTINE BEAUT\u00c9 ALLEG\u00c9E -","isPartOf":{"@id":"https:\/\/ydrosia.com\/fr\/#website"},"datePublished":"2020-02-06T19:39:51+00:00","dateModified":"2025-08-28T11:52:09+00:00","description":"La routine beaut\u00e9 all\u00e9g\u00e9e by YDROSIA est une r\u00e9volution ! Et si nous la faisions ensemble ? Venez d\u00e9couvrir nos soins.","breadcrumb":{"@id":"https:\/\/ydrosia.com\/fr\/accueil\/routine-beaute\/#breadcrumb"},"inLanguage":"fr-FR","potentialAction":[{"@type":"ReadAction","target":["https:\/\/ydrosia.com\/fr\/accueil\/routine-beaute\/"]}]},{"@type":"BreadcrumbList","@id":"https:\/\/ydrosia.com\/fr\/accueil\/routine-beaute\/#breadcrumb","itemListElement":[{"@type":"ListItem","position":1,"name":"Home","item":"https:\/\/ydrosia.com\/fr\/"},{"@type":"ListItem","position":2,"name":"Accueil","item":"https:\/\/ydrosia.com\/fr\/accueil\/"},{"@type":"ListItem","position":3,"name":"Accueil"}]},{"@type":"WebSite","@id":"https:\/\/ydrosia.com\/fr\/#website","url":"https:\/\/ydrosia.com\/fr\/","name":"YDROSIA","description":"Essential skincare","publisher":{"@id":"https:\/\/ydrosia.com\/fr\/#organization"},"potentialAction":[{"@type":"SearchAction","target":{"@type":"EntryPoint","urlTemplate":"https:\/\/ydrosia.com\/fr\/?s={search_term_string}"},"query-input":{"@type":"PropertyValueSpecification","valueRequired":true,"valueName":"search_term_string"}}],"inLanguage":"fr-FR"},{"@type":["Organization","Place"],"@id":"https:\/\/ydrosia.com\/fr\/#organization","name":"YDROSIA","url":"https:\/\/ydrosia.com\/fr\/","logo":{"@id":"https:\/\/ydrosia.com\/fr\/accueil\/routine-beaute\/#local-main-organization-logo"},"image":{"@id":"https:\/\/ydrosia.com\/fr\/accueil\/routine-beaute\/#local-main-organization-logo"},"sameAs":["https:\/\/www.facebook.com\/ydrosia\/","https:\/\/www.instagram.com\/ydrosiaskincare\/","https:\/\/www.linkedin.com\/company\/ydrosia","https:\/\/www.pinterest.com\/ydrosia\/","https:\/\/www.youtube.com\/channel\/UC_-zs6ZyqUVKBFGqSDyPVug"],"telephone":[],"openingHoursSpecification":[{"@type":"OpeningHoursSpecification","dayOfWeek":["Monday","Tuesday","Wednesday","Thursday","Friday","Saturday","Sunday"],"opens":"09:00","closes":"17:00"}]},{"@type":"ImageObject","inLanguage":"fr-FR","@id":"https:\/\/ydrosia.com\/fr\/accueil\/routine-beaute\/#local-main-organization-logo","url":"https:\/\/ydrosia.com\/wp-content\/uploads\/2021\/10\/BE-MIST.jpg","contentUrl":"https:\/\/ydrosia.com\/wp-content\/uploads\/2021\/10\/BE-MIST.jpg","width":1080,"height":1080,"caption":"YDROSIA"}]}},"jetpack_sharing_enabled":true,"_links":{"self":[{"href":"https:\/\/ydrosia.com\/fr\/wp-json\/wp\/v2\/pages\/5916","targetHints":{"allow":["GET"]}}],"collection":[{"href":"https:\/\/ydrosia.com\/fr\/wp-json\/wp\/v2\/pages"}],"about":[{"href":"https:\/\/ydrosia.com\/fr\/wp-json\/wp\/v2\/types\/page"}],"author":[{"embeddable":true,"href":"https:\/\/ydrosia.com\/fr\/wp-json\/wp\/v2\/users\/1"}],"replies":[{"embeddable":true,"href":"https:\/\/ydrosia.com\/fr\/wp-json\/wp\/v2\/comments?post=5916"}],"version-history":[{"count":0,"href":"https:\/\/ydrosia.com\/fr\/wp-json\/wp\/v2\/pages\/5916\/revisions"}],"up":[{"embeddable":true,"href":"https:\/\/ydrosia.com\/fr\/wp-json\/wp\/v2\/pages\/1383"}],"wp:attachment":[{"href":"https:\/\/ydrosia.com\/fr\/wp-json\/wp\/v2\/media?parent=5916"}],"curies":[{"name":"wp","href":"https:\/\/api.w.org\/{rel}","templated":true}]}}